{"id":9625,"date":"2025-06-26T09:06:16","date_gmt":"2025-06-26T09:06:16","guid":{"rendered":"https:\/\/digitalenergy.com.pl\/?post_type=product&#038;p=9625"},"modified":"2025-11-20T09:31:37","modified_gmt":"2025-11-20T09:31:37","slug":"przenosna-stacja-zasilania-i-inwerter-w-jednym-haisic-hs600-06kwh","status":"publish","type":"product","link":"https:\/\/digitalenergy.com.pl\/sk\/przenosna-stacja-zasilania-i-inwerter-w-jednym-haisic-hs600-06kwh\/","title":{"rendered":"Przeno\u015bna stacja zasilania i inwerter w jednym Haisic HS600 0,6kWh"},"content":{"rendered":"<p class=\"\" data-start=\"198\" data-end=\"233\"><strong data-start=\"198\" data-end=\"233\">Podstawowe parametry techniczne<\/strong><\/p>\n<p class=\"\" data-start=\"235\" data-end=\"896\"><strong data-start=\"235\" data-end=\"245\">Model:<\/strong> HS600<br data-start=\"258\" data-end=\"261\" \/><strong data-start=\"261\" data-end=\"284\">Pojemno\u015b\u0107 u\u017cytkowa:<\/strong> 648 Wh<br data-start=\"291\" data-end=\"294\" \/><strong data-start=\"294\" data-end=\"318\">Moc znamionowa:<\/strong> 600 W<br data-start=\"325\" data-end=\"328\" \/><strong data-start=\"328\" data-end=\"346\">Moc szczytowa:<\/strong> 650 W<br data-start=\"352\" data-end=\"355\" \/><strong data-start=\"355\" data-end=\"372\">Typ baterii:<\/strong> Li-ion BAK Brand 3000mAh*60PCS 6S10P<br data-start=\"395\" data-end=\"398\" \/><strong data-start=\"398\" data-end=\"430\">Pr\u0105d \u0142adowania\/roz\u0142adowania:<\/strong><br data-start=\"430\" data-end=\"433\" \/>AC Input: DC 12V-30V, 5-6.5A (150W MAX)<br data-start=\"449\" data-end=\"452\" \/>MPPT PV Input: DC 12-24V Max 100W<br data-start=\"479\" data-end=\"482\" \/><strong data-start=\"482\" data-end=\"500\">Wyj\u015bcia AC:<\/strong> 110\/220 V, 600 W (czysta fala sinusoidalna, x2)<br data-start=\"540\" data-end=\"543\" \/><strong data-start=\"543\" data-end=\"561\">Wyj\u015bcia USB:<\/strong> Type-C PD60W, Type-C PD18W, QC3.0 (5V-12V, 18W, x3)<br data-start=\"598\" data-end=\"601\" \/><strong data-start=\"601\" data-end=\"619\">Wyj\u015bcia DC:<\/strong> 12V\/10A (Cigarette Lighter)<br data-start=\"633\" data-end=\"636\" \/><strong data-start=\"636\" data-end=\"651\">Cykl \u017cycia:<\/strong> 3600+ cykli<br data-start=\"675\" data-end=\"678\" \/><strong data-start=\"678\" data-end=\"696\">Czas \u0142adowania:<\/strong> 6-7 godzin (3.5 godziny przy USB-C + Wall Outlet)<br data-start=\"709\" data-end=\"712\" \/><strong data-start=\"712\" data-end=\"728\">Wymiary:<\/strong> 295 \u00d7 169 \u00d7 155 mm<br data-start=\"746\" data-end=\"749\" \/><strong data-start=\"749\" data-end=\"758\">Masa:<\/strong> 6 kg<br data-start=\"768\" data-end=\"771\" \/><strong data-start=\"771\" data-end=\"787\">Certyfikaty:<\/strong> CE, FCC, ROHS, PSE, MSDS, UN38.3<\/p>\n","protected":false},"excerpt":{"rendered":"<p>Przeno\u015bna<br \/>\n1-fazowa<br \/>\nGwarancja 10 lat<br \/>\nPojemno\u015b\u0107 648 Wh z bateri\u0105 LiFePO4<br \/>\nMoc 600 W (szczytowo 650 W)<br \/>\nSzybkie \u0142adowanie<br \/>\nWielofunkcyjne porty: USB, Type-C, AC, DC<\/p>\n","protected":false},"featured_media":9691,"template":"","meta":[],"product_brand":[],"product_cat":[36,1146,1186,1134,707],"product_tag":[37,54,57,563],"class_list":{"0":"post-9625","1":"product","2":"type-product","3":"status-publish","4":"has-post-thumbnail","6":"product_cat-magazyny-energii","7":"product_cat-domowy-magazyn-energii","8":"product_cat-fotowoltaika-balkonowa","9":"product_cat-magazyn-energii-niskonapieciowy","10":"product_cat-zestawy","11":"product_tag-battery-system","12":"product_tag-magazyn-energii","13":"product_tag-niskonapieciowy","14":"product_tag-nowosc","16":"first","17":"instock","18":"taxable","19":"shipping-taxable","20":"purchasable","21":"product-type-simple"},"_links":{"self":[{"href":"https:\/\/digitalenergy.com.pl\/sk\/wp-json\/wp\/v2\/product\/9625","targetHints":{"allow":["GET"]}}],"collection":[{"href":"https:\/\/digitalenergy.com.pl\/sk\/wp-json\/wp\/v2\/product"}],"about":[{"href":"https:\/\/digitalenergy.com.pl\/sk\/wp-json\/wp\/v2\/types\/product"}],"wp:featuredmedia":[{"embeddable":true,"href":"https:\/\/digitalenergy.com.pl\/sk\/wp-json\/wp\/v2\/media\/9691"}],"wp:attachment":[{"href":"https:\/\/digitalenergy.com.pl\/sk\/wp-json\/wp\/v2\/media?parent=9625"}],"wp:term":[{"taxonomy":"product_brand","embeddable":true,"href":"https:\/\/digitalenergy.com.pl\/sk\/wp-json\/wp\/v2\/product_brand?post=9625"},{"taxonomy":"product_cat","embeddable":true,"href":"https:\/\/digitalenergy.com.pl\/sk\/wp-json\/wp\/v2\/product_cat?post=9625"},{"taxonomy":"product_tag","embeddable":true,"href":"https:\/\/digitalenergy.com.pl\/sk\/wp-json\/wp\/v2\/product_tag?post=9625"}],"curies":[{"name":"wp","href":"https:\/\/api.w.org\/{rel}","templated":true}]}}