{"id":8848,"date":"2025-04-15T09:38:26","date_gmt":"2025-04-15T09:38:26","guid":{"rendered":"https:\/\/digitalenergy.com.pl\/product\/invertor-deye-sun-15k-sg01hp3-eu-am2\/"},"modified":"2025-04-18T11:06:57","modified_gmt":"2025-04-18T11:06:57","slug":"invertor-deye-sun-15k-sg01hp3-eu-am2","status":"publish","type":"product","link":"https:\/\/digitalenergy.com.pl\/sk\/invertor-deye-sun-15k-sg01hp3-eu-am2\/","title":{"rendered":"Invertor Deye SUN-15K-SG01HP3-EU-AM2"},"content":{"rendered":"<p data-sourcepos=\"3:1-3:51\"><strong>Hybridn\u00fd meni\u010d 15kW Deye SUN-15K-SG01HP3-EU<\/strong><\/p>\n<p data-sourcepos=\"5:1-5:212\">Deye SUN-15K-SG01HP3-EU je modern\u00fd hybridn\u00fd meni\u010d ur\u010den\u00fd pre pokro\u010dil\u00e9 fotovoltaick\u00e9 syst\u00e9my vy\u017eaduj\u00face vy\u0161\u0161ie nap\u00e4tie. Ni\u017e\u0161ie n\u00e1jdete jeho podrobn\u00e9 technick\u00e9 parametre: <\/p>\n<p data-sourcepos=\"7:1-7:25\"><strong>Technick\u00e9 parametre:<\/strong><\/p>\n<ul data-sourcepos=\"8:1-14:0\">\n<li data-sourcepos=\"8:1-8:19\">Po\u010det f\u00e1z: 3 f\u00e1zy<\/li>\n<li data-sourcepos=\"9:1-9:33\">Maxim\u00e1lny jednosmern\u00fd pr\u00edkon: 19500 W <\/li>\n<li data-sourcepos=\"10:1-10:41\"><strong>Max. Vstupn\u00e9 jednosmern\u00e9 nap\u00e4tie: 1000 V <\/strong><\/li>\n<li data-sourcepos=\"11:1-11:33\">Max. AC v\u00fdstupn\u00fd v\u00fdkon: 16500 W <\/li>\n<li data-sourcepos=\"12:1-12:43\">\u0160pi\u010dkov\u00fd AC v\u00fdstupn\u00fd v\u00fdkon: 30 000 W (10 s)<\/li>\n<li data-sourcepos=\"13:1-14:0\"><strong>Rozsah nap\u00e4tia bat\u00e9rie: 160~700V<\/strong><\/li>\n<\/ul>\n<p data-sourcepos=\"15:1-15:27\"><strong>Vstupn\u00e9 \u00fadaje bat\u00e9rie:<\/strong><\/p>\n<ul data-sourcepos=\"16:1-23:0\">\n<li data-sourcepos=\"16:1-16:28\">Typ bat\u00e9rie: L\u00edtium-i\u00f3nov\u00e1<\/li>\n<li data-sourcepos=\"17:1-17:48\"><strong>Rozsah nap\u00e4tia bat\u00e9rie (V): 160~700V<\/strong><\/li>\n<li data-sourcepos=\"18:1-18:32\">Max. nab\u00edjac\u00ed pr\u00fad (A): 50 A <\/li>\n<li data-sourcepos=\"19:1-19:35\">Max. vyb\u00edjac\u00ed pr\u00fad (A): 50 A <\/li>\n<li data-sourcepos=\"20:1-20:40\">Krivka nab\u00edjania: 3 stupne\/ekvaliz\u00e1cia<\/li>\n<li data-sourcepos=\"21:1-21:37\">Vonkaj\u0161\u00ed sn\u00edma\u010d teploty: \u00c1no<\/li>\n<li data-sourcepos=\"22:1-23:0\">Strat\u00e9gia nab\u00edjania l\u00edtium-i\u00f3nov\u00fdch bat\u00e9ri\u00ed: Samoprisp\u00f4sobenie sa BMS<\/li>\n<\/ul>\n<p data-sourcepos=\"24:1-24:28\"><strong>Vstupn\u00e9 \u00fadaje PV re\u0165azca:<\/strong><\/p>\n<ul data-sourcepos=\"25:1-33:0\">\n<li data-sourcepos=\"25:1-25:48\">Max. Pr\u00edkon jednosmern\u00e9ho pr\u00fadu (W): 19500 W <\/li>\n<li data-sourcepos=\"26:1-26:63\"><strong>Menovit\u00e9 vstupn\u00e9 nap\u00e4tie PV (V): 620V (250V~970V)<\/strong><\/li>\n<li data-sourcepos=\"27:1-27:30\">\u0160tartovacie nap\u00e4tie (V): 250 V<\/li>\n<li data-sourcepos=\"28:1-28:34\"><strong>Rozsah MPPT (V): 280V-850V<\/strong><\/li>\n<li data-sourcepos=\"29:1-29:69\"><strong>Rozsah jednosmern\u00e9ho nap\u00e4tia pri plnom za\u0165a\u017een\u00ed (V): 400V-850V<\/strong><\/li>\n<li data-sourcepos=\"30:1-30:29\">Vstupn\u00fd pr\u00fad PV (A): 18 A<\/li>\n<li data-sourcepos=\"31:1-31:24\">Max ISC PV (A): 22 A <\/li>\n<li data-sourcepos=\"32:1-33:0\">Po\u010det MPPT\/re\u0165azcov na MPPT: 2\/1<\/li>\n<\/ul>\n<p data-sourcepos=\"34:1-34:38\"><strong>AC v\u00fdstupn\u00e9 \u00fadaje:<\/strong><\/p>\n<ul data-sourcepos=\"35:1-45:0\">\n<li data-sourcepos=\"35:1-35:56\"><strong>Menovit\u00fd AC v\u00fdstupn\u00fd v\u00fdkon a v\u00fdkon UPS (W): 15000 W<\/strong><\/li>\n<li data-sourcepos=\"36:1-36:53\">Max. AC v\u00fdstupn\u00fd v\u00fdkon (W): 16500 W <\/li>\n<li data-sourcepos=\"37:1-37:58\">\u0160pi\u010dkov\u00fd v\u00fdkon (mimo sie\u0165): 2-n\u00e1sobok menovit\u00e9ho v\u00fdkonu, 10 s<\/li>\n<li data-sourcepos=\"38:1-38:43\">Menovit\u00fd striedav\u00fd v\u00fdstupn\u00fd pr\u00fad (A): 22,8\/21,7<\/li>\n<li data-sourcepos=\"39:1-39:30\">Max. Striedav\u00fd pr\u00fad (A): 34,1\/32,6 <\/li>\n<li data-sourcepos=\"40:1-40:52\">Max. trval\u00fd tok striedav\u00e9ho pr\u00fadu (A): 50 A <\/li>\n<li data-sourcepos=\"41:1-41:53\">Faktor v\u00fdkonu: 0,8 (vedie k oneskoreniu 0,8)<\/li>\n<li data-sourcepos=\"42:1-42:81\">V\u00fdstupn\u00e1 frekvencia a nap\u00e4tie: 50\/60 Hz; 3L\/N\/PE 220\/380 Vac (230\/400 Vac)<\/li>\n<li data-sourcepos=\"43:1-43:24\">Typ siete: Trojf\u00e1zov\u00fd<\/li>\n<li data-sourcepos=\"44:1-45:0\">Aktu\u00e1lne celkov\u00e9 harmonick\u00e9 skreslenie (THD):&lt; 3% (line\u00e1rne za\u0165a\u017eenie&lt; 0,5&nbsp;%)<\/li>\n<\/ul>\n<p data-sourcepos=\"46:1-46:16\"><strong>\u00da\u010dinnos\u0165:<\/strong><\/p>\n<ul data-sourcepos=\"47:1-50:0\">\n<li data-sourcepos=\"47:1-47:27\">Max. \u00fa\u010dinnos\u0165: 98,20% <\/li>\n<li data-sourcepos=\"48:1-48:28\">Efekt\u00edvnos\u0165 v eur\u00e1ch: 97,60 %<\/li>\n<li data-sourcepos=\"49:1-50:0\">MPPT \u00fa\u010dinnos\u0165: 99,90 %<\/li>\n<\/ul>\n<p data-sourcepos=\"51:1-51:12\"><strong>Zabezpe\u010denie:<\/strong><\/p>\n<ul data-sourcepos=\"52:1-61:0\">\n<li data-sourcepos=\"52:1-52:44\">Ochrana pred bleskom FV vstupu: Integrovan\u00e1<\/li>\n<li data-sourcepos=\"53:1-53:37\">Ochrana ostrova: Integrovan\u00e1<\/li>\n<li data-sourcepos=\"54:1-54:70\">Ochrana proti prep\u00f3lovaniu vstupu PV re\u0165azca: Integrovan\u00e1<\/li>\n<li data-sourcepos=\"55:1-55:45\">Detekcia izola\u010dn\u00e9ho odporu: Integrovan\u00e1<\/li>\n<li data-sourcepos=\"56:1-56:54\">Jednotka monitorovania zvy\u0161kov\u00e9ho pr\u00fadu: Integrovan\u00e1<\/li>\n<li data-sourcepos=\"57:1-57:49\">V\u00fdstupn\u00e1 nadpr\u00fadov\u00e1 ochrana: Integrovan\u00e1<\/li>\n<li data-sourcepos=\"58:1-58:53\">Ochrana proti skratu na v\u00fdstupe: Integrovan\u00e1<\/li>\n<li data-sourcepos=\"59:1-59:68\">Ochrana proti prep\u00e4tiu v\u00fdstupu: Integrovan\u00e1<\/li>\n<li data-sourcepos=\"60:1-61:0\">Prep\u00e4\u0165ov\u00e1 ochrana DC typ II \/ AC typ II<\/li>\n<\/ul>\n<p data-sourcepos=\"62:1-62:28\"><strong>Certifik\u00e1ty a normy:<\/strong><\/p>\n<ul data-sourcepos=\"63:1-65:0\">\n<li data-sourcepos=\"63:1-63:114\">Regul\u00e1cia siete: CEI 0-21, VDE-AR-N 4105, NRS 097, IEC 62116, IEC 61727, G99, G98, VDE 0126-1-1, RD 1699, C10-11<\/li>\n<li data-sourcepos=\"64:1-65:0\">EMC bezpe\u010dnos\u0165 \/ norma: IEC\/EN 61000-6-1\/2\/3\/4, IEC\/EN 62109-1, IEC\/EN 62109-2<\/li>\n<\/ul>\n<p data-sourcepos=\"66:1-66:16\"><strong>V\u0161eobecn\u00e9 \u00fadaje:<\/strong><\/p>\n<ul data-sourcepos=\"67:1-75:0\">\n<li data-sourcepos=\"67:1-67:91\">Rozsah prev\u00e1dzkovej teploty (\u2103): -40~60\u2103 (at&gt; zn\u00ed\u017eenie o 45 \u2103)<\/li>\n<li data-sourcepos=\"68:1-68:37\">Chladenie: Smart Cooling<\/li>\n<li data-sourcepos=\"69:1-69:23\">Hlu\u010dnos\u0165 (dB):&lt; 45 dB<\/li>\n<li data-sourcepos=\"70:1-70:31\">Komunik\u00e1cia s BMS: RS485; CAN<\/li>\n<li data-sourcepos=\"71:1-71:17\">Hmotnos\u0165 (kg): 34,8<\/li>\n<li data-sourcepos=\"72:1-72:37\">Ve\u013ekos\u0165 (mm): 422 \u0160 x 702 V x 281 D<\/li>\n<li data-sourcepos=\"73:1-73:27\">\u00darove\u0148 zabezpe\u010denia: IP65<\/li>\n<li data-sourcepos=\"74:1-75:0\">Sp\u00f4sob in\u0161tal\u00e1cie: N\u00e1stenn\u00fd<\/li>\n<\/ul>\n","protected":false},"excerpt":{"rendered":"<p>Vysok\u00e9 nap\u00e4tie<br \/>\n Hybridn\u00fd<br \/>\n 3 f\u00e1za<br \/>\n Po\u010det f\u00e1z: 3 f\u00e1zy<br \/>\n Maxim\u00e1lny jednosmern\u00fd pr\u00edkon: 19500 W<br \/>\n Max. Vstupn\u00e9 jednosmern\u00e9 nap\u00e4tie: 1000 V<br \/>\n Max. AC v\u00fdstupn\u00fd v\u00fdkon: 16500 W<br \/>\n \u0160pi\u010dkov\u00fd AC v\u00fdstupn\u00fd v\u00fdkon: 30 000 W (10 s)<br \/>\n Rozsah nap\u00e4tia bat\u00e9rie: 160~700V   <\/p>\n","protected":false},"featured_media":8508,"template":"","meta":[],"product_brand":[],"product_cat":[405,650,634],"product_tag":[423,422,1131,638,409,639,1100,407,408],"class_list":{"0":"post-8848","1":"product","2":"type-product","3":"status-publish","4":"has-post-thumbnail","6":"product_cat-invertory","7":"product_cat-vysoke-napatie-sk","8":"product_cat-trojfazovy","9":"product_tag-3-fazovy-sk","10":"product_tag-3-fazovy-menic-sk","11":"product_tag-dey-sk","12":"product_tag-deyee-sk","13":"product_tag-hybridny","14":"product_tag-novost","15":"product_tag-obnovitelna-energia","16":"product_tag-striedac","17":"product_tag-striedac-sk","19":"first","20":"instock","21":"taxable","22":"shipping-taxable","23":"purchasable","24":"product-type-simple"},"_links":{"self":[{"href":"https:\/\/digitalenergy.com.pl\/sk\/wp-json\/wp\/v2\/product\/8848","targetHints":{"allow":["GET"]}}],"collection":[{"href":"https:\/\/digitalenergy.com.pl\/sk\/wp-json\/wp\/v2\/product"}],"about":[{"href":"https:\/\/digitalenergy.com.pl\/sk\/wp-json\/wp\/v2\/types\/product"}],"wp:featuredmedia":[{"embeddable":true,"href":"https:\/\/digitalenergy.com.pl\/sk\/wp-json\/wp\/v2\/media\/8508"}],"wp:attachment":[{"href":"https:\/\/digitalenergy.com.pl\/sk\/wp-json\/wp\/v2\/media?parent=8848"}],"wp:term":[{"taxonomy":"product_brand","embeddable":true,"href":"https:\/\/digitalenergy.com.pl\/sk\/wp-json\/wp\/v2\/product_brand?post=8848"},{"taxonomy":"product_cat","embeddable":true,"href":"https:\/\/digitalenergy.com.pl\/sk\/wp-json\/wp\/v2\/product_cat?post=8848"},{"taxonomy":"product_tag","embeddable":true,"href":"https:\/\/digitalenergy.com.pl\/sk\/wp-json\/wp\/v2\/product_tag?post=8848"}],"curies":[{"name":"wp","href":"https:\/\/api.w.org\/{rel}","templated":true}]}}