{"id":8628,"date":"2025-04-15T11:48:21","date_gmt":"2025-04-15T11:48:21","guid":{"rendered":"https:\/\/digitalenergy.com.pl\/product\/zasobnik-energie-1536-kwh-allsparkpower\/"},"modified":"2025-04-17T09:08:39","modified_gmt":"2025-04-17T09:08:39","slug":"zasobnik-energie-1536-kwh-allsparkpower","status":"publish","type":"product","link":"https:\/\/digitalenergy.com.pl\/sk\/zasobnik-energie-1536-kwh-allsparkpower\/","title":{"rendered":"Z\u00e1sobn\u00edk energie 15,36 kWh Allsparkpower"},"content":{"rendered":"<ul>\n<li>Model APB-15-P0<\/li>\n<li>Vyu\u017eite\u013en\u00e1 kapacita 15 kWh<\/li>\n<li>Menovit\u00e9 nap\u00e4tie 51,2V<\/li>\n<li>Rozsah nap\u00e4tia 48-57,6V<\/li>\n<li>MAX Nab\u00edjac\u00ed a vyb\u00edjac\u00ed pr\u00fad 100A <\/li>\n<li>DOD \u2265 95 %<\/li>\n<li>Zapojenie modulov 1~4 paralelne<\/li>\n<li>Komunik\u00e1cia CAN a RS485<\/li>\n<li>Krytie IP65<\/li>\n<li>\u017divotnos\u0165 cyklu \u22656000 pri 25\u00b0C, 80% ADD<\/li>\n<li>Rozsah prev\u00e1dzkovej teploty Vyb\u00edjanie: -20\u00b0C a\u017e +65\u00b0C, Nab\u00edjanie: +0\u00b0C a\u017e +55\u00b0C<\/li>\n<li>Rozmery produktu (mm) 685*1700*185mm<\/li>\n<li>Hmotnos\u0165 160 kg<\/li>\n<\/ul>\n","protected":false},"excerpt":{"rendered":"<p>N\u00edzke nap\u00e4tie<br \/>\n 10 ro\u010dn\u00e1 z\u00e1ruka<br \/>\n Vyu\u017eite\u013en\u00e1 kapacita 15 kWh<br \/>\n Zapojenie modulov 1~4 paralelne<br \/>\n Aplik\u00e1cia monitorovacieho syst\u00e9mu<br \/>\n Aplik\u00e1cie: Jachty, \u010dlny, karavany, fotovoltaika, vetern\u00e9 farmy, skladovanie energie. Syst\u00e9m n\u00fadzov\u00e9ho osvetlenia, alarm, po\u017eiarna ochrana<\/p>\n","protected":false},"featured_media":8672,"template":"","meta":[],"product_brand":[],"product_cat":[349,1096],"product_tag":[640,354,356,362,361,353,1125,1126,352,351],"class_list":{"0":"post-8628","1":"product","2":"type-product","3":"status-publish","4":"has-post-thumbnail","6":"product_cat-skladovanie-energie","7":"product_cat-supravy","8":"product_tag-15-kwh-sk","9":"product_tag-lifepo4-sk","10":"product_tag-lpbf48250-sk","11":"product_tag-lux-y-48280-sk","12":"product_tag-lux-y-48300lg01-sk","13":"product_tag-nizke-napatie","14":"product_tag-optimalizatorov","15":"product_tag-plochy-zasobnik-energie","16":"product_tag-skladovanie-energie","17":"product_tag-system-baterie","19":"first","20":"outofstock","21":"taxable","22":"shipping-taxable","23":"purchasable","24":"product-type-simple"},"_links":{"self":[{"href":"https:\/\/digitalenergy.com.pl\/sk\/wp-json\/wp\/v2\/product\/8628","targetHints":{"allow":["GET"]}}],"collection":[{"href":"https:\/\/digitalenergy.com.pl\/sk\/wp-json\/wp\/v2\/product"}],"about":[{"href":"https:\/\/digitalenergy.com.pl\/sk\/wp-json\/wp\/v2\/types\/product"}],"wp:featuredmedia":[{"embeddable":true,"href":"https:\/\/digitalenergy.com.pl\/sk\/wp-json\/wp\/v2\/media\/8672"}],"wp:attachment":[{"href":"https:\/\/digitalenergy.com.pl\/sk\/wp-json\/wp\/v2\/media?parent=8628"}],"wp:term":[{"taxonomy":"product_brand","embeddable":true,"href":"https:\/\/digitalenergy.com.pl\/sk\/wp-json\/wp\/v2\/product_brand?post=8628"},{"taxonomy":"product_cat","embeddable":true,"href":"https:\/\/digitalenergy.com.pl\/sk\/wp-json\/wp\/v2\/product_cat?post=8628"},{"taxonomy":"product_tag","embeddable":true,"href":"https:\/\/digitalenergy.com.pl\/sk\/wp-json\/wp\/v2\/product_tag?post=8628"}],"curies":[{"name":"wp","href":"https:\/\/api.w.org\/{rel}","templated":true}]}}