{"id":7315,"date":"2025-03-06T12:26:04","date_gmt":"2025-03-06T12:26:04","guid":{"rendered":"https:\/\/digitalenergy.com.pl\/?post_type=product&#038;p=7315"},"modified":"2025-03-19T08:49:03","modified_gmt":"2025-03-19T08:49:03","slug":"fotovoltaicky-panel-jinko-solar-440-jkm440n-54hl4r-v-bf-kopia-kopia","status":"publish","type":"product","link":"https:\/\/digitalenergy.com.pl\/sk\/fotovoltaicky-panel-jinko-solar-440-jkm440n-54hl4r-v-bf-kopia-kopia\/","title":{"rendered":"Fotovoltick\u00fd panel TWsolar TH415PMB7 44SCF-FB"},"content":{"rendered":"<h3 data-pm-slice=\"1 1 []\">Fotovoltick\u00fd panel TWsolar TH415PMB7 44SCF-FB<\/h3>\n<h5 data-pm-slice=\"1 1 []\">Panel 415 W TWsolar vyu\u017e\u00edva modern\u00fa technol\u00f3giu Shingling, ktor\u00e1 zvy\u0161uje hustotu modulu a zni\u017euje energetick\u00e9 straty pri \u010diasto\u010dnom tienen\u00ed. V\u010faka paraleln\u00e9mu usporiadaniu obvodov minimalizuje riziko hor\u00facich miest, ktor\u00e9 ovplyv\u0148uje \u017eivotnos\u0165 a spo\u013eahlivos\u0165 panelu. Modul sa vyzna\u010duje estetick\u00fdm vzh\u013eadom v\u010faka jednotn\u00e9mu usporiadaniu buniek, \u010do z neho rob\u00ed atrakt\u00edvnu vo\u013ebu pre stre\u0161n\u00e9 in\u0161tal\u00e1cie. Panel je certifikovan\u00fd na odolnos\u0165 vo\u010di drsn\u00fdm poveternostn\u00fdm podmienkam vr\u00e1tane amoniaku a slanosti, \u010do zvy\u0161uje jeho v\u0161estrannos\u0165.   <\/h5>\n<ul>\n<li>\u0160pi\u010dkov\u00fd v\u00fdkon (Pmax): 415 W<\/li>\n<li>Bunkov\u00e1 technol\u00f3gia: Technol\u00f3gia \u0161ind\u013eov, Monofacial<\/li>\n<li>Rozmery: 1096 x 1812 x 30 mm<\/li>\n<li>Odolnos\u0165 PID: \u00c1no (pod\u013ea certifik\u00e1tu IEC 62804)<\/li>\n<li>  Certifik\u00e1ty: IEC 61215, IEC 61730, IEC 62804, ISO 9001\/14001\/45001\/50001<\/li>\n<li>Z\u00e1ruka: 25 rokov na produkt, 25 rokov na v\u00fdkon<\/li>\n<\/ul>\n<p>&nbsp;<\/p>\n<div class=\"resetcss\">\n<p><span style=\"color: #ff9900;\"><a style=\"color: #ff9900;\" href=\"https:\/\/digitalenergy.com.pl\/wp-content\/uploads\/2025\/03\/Datasheet_TWsolar_TH400425-PMB7-44SCF-FB-EN.pdf\" target=\"_blank\" rel=\"noopener\">Informa\u010dn\u00e1 karta ENG. PDF <\/a><\/span><\/p>\n<\/div>\n","protected":false},"excerpt":{"rendered":"<p>\u0160pi\u010dkov\u00fd v\u00fdkon (Pmax): 415 W<\/p>\n<p> Bunkov\u00e1 technol\u00f3gia: Technol\u00f3gia \u0161ind\u013eov, Monofacial<\/p>\n<p> Rozmery: 1096 x 1812 x 30 mm<\/p>\n<p> Odolnos\u0165 PID: \u00c1no (pod\u013ea certifik\u00e1tu IEC 62804)<\/p>\n<p> Certifik\u00e1ty: IEC 61215, IEC 61730, IEC 62804, ISO 9001\/14001\/45001\/50001<\/p>\n<p> Z\u00e1ruka: 25 rokov na produkt, 25 rokov na v\u00fdkon<\/p>\n<p>&nbsp;<\/p>\n","protected":false},"featured_media":7328,"template":"","meta":[],"product_brand":[],"product_cat":[463],"product_tag":[1103,1102,1100,1104],"class_list":{"0":"post-7315","1":"product","2":"type-product","3":"status-publish","4":"has-post-thumbnail","6":"product_cat-pv-panely-sk","7":"product_tag-fotovoltaicke-panely","8":"product_tag-fotovoltaicky-panel-sk","9":"product_tag-obnovitelna-energia","10":"product_tag-pv-sk","12":"first","13":"instock","14":"featured","15":"taxable","16":"shipping-taxable","17":"purchasable","18":"product-type-simple"},"_links":{"self":[{"href":"https:\/\/digitalenergy.com.pl\/sk\/wp-json\/wp\/v2\/product\/7315","targetHints":{"allow":["GET"]}}],"collection":[{"href":"https:\/\/digitalenergy.com.pl\/sk\/wp-json\/wp\/v2\/product"}],"about":[{"href":"https:\/\/digitalenergy.com.pl\/sk\/wp-json\/wp\/v2\/types\/product"}],"wp:featuredmedia":[{"embeddable":true,"href":"https:\/\/digitalenergy.com.pl\/sk\/wp-json\/wp\/v2\/media\/7328"}],"wp:attachment":[{"href":"https:\/\/digitalenergy.com.pl\/sk\/wp-json\/wp\/v2\/media?parent=7315"}],"wp:term":[{"taxonomy":"product_brand","embeddable":true,"href":"https:\/\/digitalenergy.com.pl\/sk\/wp-json\/wp\/v2\/product_brand?post=7315"},{"taxonomy":"product_cat","embeddable":true,"href":"https:\/\/digitalenergy.com.pl\/sk\/wp-json\/wp\/v2\/product_cat?post=7315"},{"taxonomy":"product_tag","embeddable":true,"href":"https:\/\/digitalenergy.com.pl\/sk\/wp-json\/wp\/v2\/product_tag?post=7315"}],"curies":[{"name":"wp","href":"https:\/\/api.w.org\/{rel}","templated":true}]}}