{"id":7307,"date":"2025-03-06T10:37:24","date_gmt":"2025-03-06T10:37:24","guid":{"rendered":"https:\/\/digitalenergy.com.pl\/?post_type=product&#038;p=7307"},"modified":"2025-03-19T08:48:54","modified_gmt":"2025-03-19T08:48:54","slug":"fotovoltaicky-panel-jinko-solar-440-jkm440n-54hl4r-v-bf-kopia","status":"publish","type":"product","link":"https:\/\/digitalenergy.com.pl\/sk\/fotovoltaicky-panel-jinko-solar-440-jkm440n-54hl4r-v-bf-kopia\/","title":{"rendered":"Fotovoltaick\u00fd panel Longi Hi-MO 5m LR5-54HIH 405W"},"content":{"rendered":"<h3 data-pm-slice=\"0 0 []\">Fotovoltaick\u00fd panel Longi Hi-MO 5m LR5-54HIH 405W<\/h3>\n<h5 data-pm-slice=\"0 0 []\">Panel Longi s v\u00fdkonom 405 W je navrhnut\u00fd s pou\u017eit\u00edm technol\u00f3gie Hi-MO 5m a Half-cut mono-kry\u0161talick\u00fdch \u010dl\u00e1nkov, ktor\u00e1 zni\u017euje straty energie a zlep\u0161uje \u00fa\u010dinnos\u0165 aj v \u010diasto\u010dnom tieni. S \u00fa\u010dinnos\u0165ou 21,5% pon\u00faka optim\u00e1lnu efektivitu pr\u00e1ce. Panel je vybaven\u00fd 54 polovi\u010dne vyrezan\u00fdmi \u010dl\u00e1nkami a poskytuje lep\u0161\u00ed tepeln\u00fd mana\u017ement a minimalizuje hor\u00face miesta, \u010do m\u00e1 za n\u00e1sledok dlh\u0161iu \u017eivotnos\u0165. Panel je odoln\u00fd vo\u010di krupobitiu (testovan\u00e9 proti guli\u010dk\u00e1m s priemerom 25 mm pri r\u00fdchlosti 23 m\/s) a je certifikovan\u00fd na odolnos\u0165 vo\u010di drsn\u00fdm poveternostn\u00fdm podmienkam vr\u00e1tane vetra (2400 Pa) a za\u0165a\u017eenia snehom (5400 Pa). V\u010faka eloxovan\u00e9mu hlin\u00edkov\u00e9mu r\u00e1mu je panel odoln\u00fd vo\u010di kor\u00f3zii a perfektne funguje v n\u00e1ro\u010dn\u00fdch podmienkach.    <\/h5>\n<ul>\n<li>\u0160pi\u010dkov\u00fd v\u00fdkon (Pmax): 405 W<\/li>\n<li>\u00da\u010dinnos\u0165: 21,5%<\/li>\n<li>Bunkov\u00e1 technol\u00f3gia: Mono-kry\u0161talick\u00e1, Half-cut<\/li>\n<li>Rozmery: 1722 \u00d7 1134 \u00d7 30 mm<\/li>\n<li>Odolnos\u0165 vo\u010di krupobitiu: Testovan\u00e9 proti guli\u010dk\u00e1m s priemerom 25 mm pri r\u00fdchlosti 23 m\/s<\/li>\n<li>Mechanick\u00e1 odolnos\u0165: 5400 Pa (vpredu), 2400 Pa (vzadu)<\/li>\n<li>Certifik\u00e1ty: IEC 61215, IEC 61730, UL 61730, ISO 9001\/14001\/45001<\/li>\n<li>Z\u00e1ruka: 12 rokov na produkt, 25 rokov na v\u00fdkon (~84,8% zachovanie energie po 25 rokoch)<\/li>\n<\/ul>\n<p>&nbsp;<\/p>\n<div class=\"resetcss\">\n<ul>\n<li><span style=\"color: #ff9900;\"><a style=\"color: #ff9900;\" href=\"https:\/\/digitalenergy.com.pl\/wp-content\/uploads\/2025\/03\/Longi-405-420W-solar-panels.pdf\" target=\"_blank\" rel=\"noopener\">Informa\u010dn\u00e1 karta ENG. PDF <\/a><\/span><\/li>\n<\/ul>\n<\/div>\n","protected":false},"excerpt":{"rendered":"<p>\u0160pi\u010dkov\u00fd v\u00fdkon (Pmax): 405 W<br \/>\n \u00da\u010dinnos\u0165: 21,5%<br \/>\n Bunkov\u00e1 technol\u00f3gia: Monokry\u0161talick\u00e1, Half-cut<br \/>\n Rozmery: 1722 \u00d7 1134 \u00d7 30 mm<br \/>\n Odolnos\u0165 proti PID: \u00c1no<br \/>\n Za\u0165a\u017eenie snehom: 5400 Pa (vpredu), 2400 Pa (vzadu)<br \/>\n Certifik\u00e1ty: IEC 61215, IEC 61730, UL 61730, ISO 9001\/14001\/45001<br \/>\n Z\u00e1ruka: 12 rokov na produkt, 25 rokov na v\u00fdkon (~84,8% zachovanie energie po 25 rokoch)<\/p>\n<p>&nbsp;<\/p>\n","protected":false},"featured_media":5878,"template":"","meta":[],"product_brand":[],"product_cat":[463],"product_tag":[1101,1103,1102,1099,1100,1104],"class_list":{"0":"post-7307","1":"product","2":"type-product","3":"status-publish","4":"has-post-thumbnail","6":"product_cat-pv-panely-sk","7":"product_tag-dlhe-420","8":"product_tag-fotovoltaicke-panely","9":"product_tag-fotovoltaicky-panel-sk","10":"product_tag-longi-sk","11":"product_tag-obnovitelna-energia","12":"product_tag-pv-sk","14":"first","15":"outofstock","16":"taxable","17":"shipping-taxable","18":"purchasable","19":"product-type-simple"},"_links":{"self":[{"href":"https:\/\/digitalenergy.com.pl\/sk\/wp-json\/wp\/v2\/product\/7307","targetHints":{"allow":["GET"]}}],"collection":[{"href":"https:\/\/digitalenergy.com.pl\/sk\/wp-json\/wp\/v2\/product"}],"about":[{"href":"https:\/\/digitalenergy.com.pl\/sk\/wp-json\/wp\/v2\/types\/product"}],"wp:featuredmedia":[{"embeddable":true,"href":"https:\/\/digitalenergy.com.pl\/sk\/wp-json\/wp\/v2\/media\/5878"}],"wp:attachment":[{"href":"https:\/\/digitalenergy.com.pl\/sk\/wp-json\/wp\/v2\/media?parent=7307"}],"wp:term":[{"taxonomy":"product_brand","embeddable":true,"href":"https:\/\/digitalenergy.com.pl\/sk\/wp-json\/wp\/v2\/product_brand?post=7307"},{"taxonomy":"product_cat","embeddable":true,"href":"https:\/\/digitalenergy.com.pl\/sk\/wp-json\/wp\/v2\/product_cat?post=7307"},{"taxonomy":"product_tag","embeddable":true,"href":"https:\/\/digitalenergy.com.pl\/sk\/wp-json\/wp\/v2\/product_tag?post=7307"}],"curies":[{"name":"wp","href":"https:\/\/api.w.org\/{rel}","templated":true}]}}