{"id":7071,"date":"2024-03-19T14:32:35","date_gmt":"2024-03-19T14:32:35","guid":{"rendered":"https:\/\/digitalenergy.com.pl\/product\/zasobnik-energie-512kw-lux-x-96050hmg01\/"},"modified":"2024-03-19T14:32:35","modified_gmt":"2024-03-19T14:32:35","slug":"zasobnik-energie-512kw-lux-x-96050hmg01","status":"publish","type":"product","link":"https:\/\/digitalenergy.com.pl\/sk\/zasobnik-energie-512kw-lux-x-96050hmg01\/","title":{"rendered":"Z\u00e1sobn\u00edk energie 5,12KW LUX-X- 96050HMG01"},"content":{"rendered":"<h2><strong>Akumul\u00e1cia energie 5,12 kWh LUX-X-96050HMG01 &#8211; Modern\u00e9 rie\u0161enie pre ve\u013ek\u00e9 syst\u00e9my<\/strong><\/h2>\n<p><strong>Model:<\/strong> LUX-X-96050HMG01<br \/>\n<strong>Typ bat\u00e9rie:<\/strong> LiFePO4<br \/>\n<strong>Roz\u0161\u00edrite\u013enos\u0165:<\/strong> \u0160k\u00e1lovate\u013enos\u0165 na 6 paraleln\u00fdch jednotiek, \u010do umo\u017e\u0148uje dosiahnu\u0165 kapacitu a\u017e 30,72 kWh. Syst\u00e9m za\u010d\u00edna s 2 modulmi (10,24 kWh) a m\u00f4\u017ee nar\u00e1s\u0165 a\u017e na 6 jednotiek. <\/p>\n<p>&nbsp;<\/p>\n<h3><strong>K\u013e\u00fa\u010dov\u00e9 technick\u00e9 parametre:<\/strong><\/h3>\n<ul>\n<li><strong>Kapacita:<\/strong> od 5,12 kWh do 30,72 kWh (s jednotkou \u0161k\u00e1lovania)<\/li>\n<li><strong>Menovit\u00e9 nap\u00e4tie:<\/strong> 102,4 V<\/li>\n<li><strong>Rozsah prev\u00e1dzkov\u00e9ho nap\u00e4tia:<\/strong> 96 &#8211; 115,2 V<\/li>\n<li><strong>Maxim\u00e1lny nab\u00edjac\u00ed pr\u00fad:<\/strong> 25 A<\/li>\n<li><strong>Maxim\u00e1lny vyb\u00edjac\u00ed pr\u00fad:<\/strong> 50 A<\/li>\n<\/ul>\n<h3><\/h3>\n<h3><strong>V\u00fdkon a odolnos\u0165:<\/strong><\/h3>\n<ul>\n<li><strong>H\u013abka vybitia (DOD):<\/strong> \u2265 90 %<\/li>\n<li><strong>\u017divotn\u00fd cyklus:<\/strong>&gt; 6000 cyklov (pri 80% DOD)<\/li>\n<li><strong>Rozsah prev\u00e1dzkov\u00fdch tepl\u00f4t:<\/strong> -10 \u00b0C a\u017e 50 \u00b0C<\/li>\n<\/ul>\n<p>&nbsp;<\/p>\n<p><strong>Zabezpe\u010denie:<\/strong> Certifik\u00e1cia IEC62619, UL1973, UN38.3, CE, stupe\u0148 krytia IP65<strong> Kompatibilita s invertormi:<\/strong> Felicitysolar, Deye, Luxpower, Growatt, Voltronic, Sunsynk, Megarevo, Victron, SRNE, Solis, MPPsolar, Afore<\/p>\n<p>&nbsp;<\/p>\n<p><strong>Rozmery:<\/strong> 600 mm x 370 mm x 410 mm<strong> V\u00e1hy:<\/strong> od 60 kg do 256 kg<\/p>\n<p><strong>Z\u00e1ruka:<\/strong> 10 rokov<\/p>\n<hr>\n<p>Tento z\u00e1sobn\u00edk energie je dokonal\u00fdm rie\u0161en\u00edm pre \u013eud\u00ed, ktor\u00ed h\u013eadaj\u00fa flexibiln\u00fd syst\u00e9m skladovania energie, ktor\u00fd umo\u017e\u0148uje \u0161k\u00e1lova\u0165 kapacitu v z\u00e1vislosti od potrieb u\u017e\u00edvate\u013ea. V\u010faka kompatibilite s ob\u013e\u00faben\u00fdmi invertormi a kvalitn\u00fdmi materi\u00e1lmi syst\u00e9m zaru\u010duje spo\u013eahlivos\u0165 a dlh\u00fa \u017eivotnos\u0165. <\/p>\n<p>&nbsp;<\/p>\n<h4><\/h4>\n","protected":false},"excerpt":{"rendered":"<p><strong>Vysokonap\u00e4\u0165ov\u00fd z\u00e1sobn\u00edk energie LUX-X-96050HMG01<\/strong><\/p>\n<p><strong>Z\u00e1ruka:<\/strong> 10 rokov<br \/>\n<strong>BMS:<\/strong> Skladov\u00fd ovl\u00e1da\u010d je k dispoz\u00edcii samostatne<strong> Kapacita jedn\u00e9ho modulu:<\/strong> 5,12 kWh<strong> \u0160k\u00e1lovate\u013enos\u0165:<\/strong> od 2 do 6 jednotiek paralelne (a\u017e 30,72 kWh)<strong> Aplik\u00e1cia:<\/strong> fotovoltika, vetern\u00e9 parky, z\u00e1sobn\u00edky energie, syst\u00e9my n\u00fadzov\u00e9ho osvetlenia, popla\u0161n\u00e9 syst\u00e9my, po\u017eiarna ochrana Z\u00e1sobn\u00edk energie LUX-X-96050HMG01 je komplexn\u00e9 rie\u0161enie, ktor\u00e9 pon\u00faka mo\u017enos\u0165 roz\u0161\u00edrenia a \u00fapravy kapacity v z\u00e1vislosti od individu\u00e1lnych potrieb u\u017e\u00edvate\u013ea. Ide\u00e1lne pre ve\u013ek\u00e9 syst\u00e9my obnovite\u013enej energie.<\/p>\n","protected":false},"featured_media":6069,"template":"","meta":[],"product_brand":[],"product_cat":[349],"product_tag":[438,449,448,447,446,444,354,352,417,351,427],"class_list":{"0":"post-7071","1":"product","2":"type-product","3":"status-publish","4":"has-post-thumbnail","6":"product_cat-skladovanie-energie","7":"product_tag-512-kw-sk","8":"product_tag-600050-sk","9":"product_tag-bcu-sk","10":"product_tag-bcu-600050-hvc-sk","11":"product_tag-fls-sk","12":"product_tag-hvc96050-sk","13":"product_tag-lifepo4-sk","14":"product_tag-skladovanie-energie","15":"product_tag-stohovatelny","16":"product_tag-system-baterie","17":"product_tag-vysokeho-napatia","19":"first","20":"onbackorder","21":"taxable","22":"shipping-taxable","23":"purchasable","24":"product-type-simple"},"_links":{"self":[{"href":"https:\/\/digitalenergy.com.pl\/sk\/wp-json\/wp\/v2\/product\/7071","targetHints":{"allow":["GET"]}}],"collection":[{"href":"https:\/\/digitalenergy.com.pl\/sk\/wp-json\/wp\/v2\/product"}],"about":[{"href":"https:\/\/digitalenergy.com.pl\/sk\/wp-json\/wp\/v2\/types\/product"}],"wp:featuredmedia":[{"embeddable":true,"href":"https:\/\/digitalenergy.com.pl\/sk\/wp-json\/wp\/v2\/media\/6069"}],"wp:attachment":[{"href":"https:\/\/digitalenergy.com.pl\/sk\/wp-json\/wp\/v2\/media?parent=7071"}],"wp:term":[{"taxonomy":"product_brand","embeddable":true,"href":"https:\/\/digitalenergy.com.pl\/sk\/wp-json\/wp\/v2\/product_brand?post=7071"},{"taxonomy":"product_cat","embeddable":true,"href":"https:\/\/digitalenergy.com.pl\/sk\/wp-json\/wp\/v2\/product_cat?post=7071"},{"taxonomy":"product_tag","embeddable":true,"href":"https:\/\/digitalenergy.com.pl\/sk\/wp-json\/wp\/v2\/product_tag?post=7071"}],"curies":[{"name":"wp","href":"https:\/\/api.w.org\/{rel}","templated":true}]}}