{"id":7068,"date":"2024-03-19T15:17:07","date_gmt":"2024-03-19T15:17:07","guid":{"rendered":"https:\/\/digitalenergy.com.pl\/product\/zasobnik-energie-512kwh-lux-e-48100lg03\/"},"modified":"2025-03-19T08:48:31","modified_gmt":"2025-03-19T08:48:31","slug":"zasobnik-energie-512kwh-lux-e-48100lg03","status":"publish","type":"product","link":"https:\/\/digitalenergy.com.pl\/sk\/zasobnik-energie-512kwh-lux-e-48100lg03\/","title":{"rendered":"Z\u00e1sobn\u00edk energie 5,12KWH LUX-E-48100LG03"},"content":{"rendered":"<ul>\n<li>Popis produktu<\/li>\n<li>S\u00e9ria Strong je navrhnut\u00e1 pre reziden\u010dn\u00e9 a komer\u010dn\u00e9 aplik\u00e1cie na ukladanie energie s bat\u00e9riou LiFePo4, ktor\u00e1 je v\u0161eobecne uzn\u00e1van\u00e1 ako jedna z najbezpe\u010dnej\u0161\u00edch bat\u00e9riov\u00fdch technol\u00f3gi\u00ed.<\/li>\n<li>Pohodln\u00e1 komunik\u00e1cia CAN a RS485<\/li>\n<li>Celkov\u00e1 energia 5,12 kWh<\/li>\n<li>Vyu\u017eite\u013en\u00e1 energia 4,6 kWh<\/li>\n<li>Kapacita 100 Ah<\/li>\n<li>Menovit\u00e9 nap\u00e4tie 51,2V<\/li>\n<li>Rozsah nap\u00e4tia 48-57,6V<\/li>\n<li>\u0160pi\u010dkov\u00fd v\u00fdkon 5,0 kW<\/li>\n<li>\u0160k\u00e1lovate\u013en\u00e9 1-12 paralelne<\/li>\n<li>Komunik\u00e1cia CAN.RS485<\/li>\n<li>Stupe\u0148 ochrany krytu IP65<\/li>\n<li>Rozsah prev\u00e1dzkov\u00fdch tepl\u00f4t -10~50\u00b0C<\/li>\n<li>\u017divotn\u00fd cyklus&gt; 6 000 cyklov pri 80 % DOD \/ 25 \u00b0 C \/ 0,5 \u00b0 C, 60 % EOL<\/li>\n<li>10-ro\u010dn\u00e1 z\u00e1ruka<\/li>\n<li>IEC62619, UL1973, UN38.3, certifik\u00e1cia CE<\/li>\n<li>Rozmery 650*440*150 mm<\/li>\n<li>Hmotnos\u0165 55 kg<\/li>\n<\/ul>\n<p>&nbsp;<\/p>\n<h4><span style=\"color: #ff9900;\"><a style=\"color: #ff9900;\" href=\"https:\/\/digitalenergy.com.pl\/wp-content\/uploads\/2024\/12\/LUX-E-48100LG03-low-voltage-battery-user-guide.pdf\" target=\"_blank\" rel=\"noopener\">Stiahnite si manu\u00e1l PDF<\/a><\/span><\/h4>\n","protected":false},"excerpt":{"rendered":"<p>N\u00edzke nap\u00e4tie<br \/>\n 10 ro\u010dn\u00e1 z\u00e1ruka<br \/>\n Aplik\u00e1cia monitorovacieho syst\u00e9mu Fsolar<br \/>\n Celkov\u00e1 energia 5,12 kWh<br \/>\n Kapacita 100 Ah<br \/>\n Pou\u017eitie: Jachty, \u010dlny, karavany, fotovoltaika, vetern\u00e9 elektr\u00e1rne, skladovanie energie. Syst\u00e9m n\u00fadzov\u00e9ho osvetlenia, alarm, po\u017eiarna ochrana <\/p>\n","protected":false},"featured_media":5958,"template":"","meta":[],"product_brand":[],"product_cat":[349],"product_tag":[438,354,387,439,440,353,352,351],"class_list":{"0":"post-7068","1":"product","2":"type-product","3":"status-publish","4":"has-post-thumbnail","6":"product_cat-skladovanie-energie","7":"product_tag-512-kw-sk","8":"product_tag-lifepo4-sk","9":"product_tag-lpba48100-ol-sk","10":"product_tag-lux-e-48100lg01-sk","11":"product_tag-lux-e-48100lg04-sk","12":"product_tag-nizke-napatie","13":"product_tag-skladovanie-energie","14":"product_tag-system-baterie","16":"first","17":"onbackorder","18":"taxable","19":"shipping-taxable","20":"purchasable","21":"product-type-simple"},"_links":{"self":[{"href":"https:\/\/digitalenergy.com.pl\/sk\/wp-json\/wp\/v2\/product\/7068","targetHints":{"allow":["GET"]}}],"collection":[{"href":"https:\/\/digitalenergy.com.pl\/sk\/wp-json\/wp\/v2\/product"}],"about":[{"href":"https:\/\/digitalenergy.com.pl\/sk\/wp-json\/wp\/v2\/types\/product"}],"wp:featuredmedia":[{"embeddable":true,"href":"https:\/\/digitalenergy.com.pl\/sk\/wp-json\/wp\/v2\/media\/5958"}],"wp:attachment":[{"href":"https:\/\/digitalenergy.com.pl\/sk\/wp-json\/wp\/v2\/media?parent=7068"}],"wp:term":[{"taxonomy":"product_brand","embeddable":true,"href":"https:\/\/digitalenergy.com.pl\/sk\/wp-json\/wp\/v2\/product_brand?post=7068"},{"taxonomy":"product_cat","embeddable":true,"href":"https:\/\/digitalenergy.com.pl\/sk\/wp-json\/wp\/v2\/product_cat?post=7068"},{"taxonomy":"product_tag","embeddable":true,"href":"https:\/\/digitalenergy.com.pl\/sk\/wp-json\/wp\/v2\/product_tag?post=7068"}],"curies":[{"name":"wp","href":"https:\/\/api.w.org\/{rel}","templated":true}]}}