{"id":7057,"date":"2024-03-21T12:49:46","date_gmt":"2024-03-21T12:49:46","guid":{"rendered":"https:\/\/digitalenergy.com.pl\/product\/10kw-10khp3g01-menic-t-rex\/"},"modified":"2024-03-21T12:49:46","modified_gmt":"2024-03-21T12:49:46","slug":"10kw-10khp3g01-menic-t-rex","status":"publish","type":"product","link":"https:\/\/digitalenergy.com.pl\/sk\/10kw-10khp3g01-menic-t-rex\/","title":{"rendered":"10KW 10KHP3G01 meni\u010d T-REX"},"content":{"rendered":"<p><strong>10KW meni\u010d T-REX 10KHP3G01<\/strong><\/p>\n<ul>\n<li>Rozsah nap\u00e4tia bat\u00e9rie 180-580V<\/li>\n<li>Maxim\u00e1lny nab\u00edjac\u00ed a vyb\u00edjac\u00ed pr\u00fad 25A <\/li>\n<li>Maxim\u00e1lny nab\u00edjac\u00ed a vyb\u00edjac\u00ed v\u00fdkon 10 000 W <\/li>\n<li>Vstupn\u00e9 \u00fadaje DC (fotovoltaick\u00e1 strana)<\/li>\n<li>Max. odpor\u00fa\u010dan\u00fd v\u00fdkon fotovoltaiky 13 000 W <\/li>\n<li>Max. nap\u00e4tie fotovoltiky 900V <\/li>\n<li>\u0160tartovacie nap\u00e4tie 160V<\/li>\n<li>Rozsah nap\u00e4tia fotovoltiky 160-900 V<\/li>\n<li>Rozsah nap\u00e4tia MPPT 200-850V<\/li>\n<li>Rozsah nap\u00e4tia MPPT pri plnom za\u0165a\u017een\u00ed 450-850V<\/li>\n<li>Menovit\u00e9 nap\u00e4tie 720V<\/li>\n<li>Max. vstupn\u00fd pr\u00fad 15 A\/15 A <\/li>\n<li>Max. skratov\u00fd pr\u00fad 18 A\/18 A <\/li>\n<li>Po\u010det sledova\u010dov\/re\u0165azcov MPP na sledova\u010d MPP 2\/1<\/li>\n<li>Menovit\u00e9 vstupn\u00e9 nap\u00e4tie 230 V AC\/400 V AC<\/li>\n<li>Rozsah vstupn\u00e9ho nap\u00e4tia 184-264,5 V na f\u00e1zu*<\/li>\n<li>Menovit\u00e1 sie\u0165ov\u00e1 frekvencia 50\/60 Hz*<\/li>\n<li>Max. vstupn\u00fd pr\u00fad 30 A na f\u00e1zu <\/li>\n<li>Maxim\u00e1lny nab\u00edjac\u00ed pr\u00fad 25A <\/li>\n<li>Max. v\u00fdstupn\u00fd v\u00fdkon 10 000 W <\/li>\n<li>Menovit\u00fd v\u00fdstupn\u00fd pr\u00fad 14,5 A na f\u00e1zu<\/li>\n<li>Max. v\u00fdstupn\u00fd pr\u00fad 18 A na f\u00e1zu <\/li>\n<li>Max. trval\u00fd prietok striedav\u00e9ho pr\u00fadu 30 A na f\u00e1zu <\/li>\n<li>\u00da\u010din\u00edk&gt; 0,99<\/li>\n<li>\u00da\u010din\u00edk zdvihu 0,8 (zr\u00fdch\u013eovanie) \u2013 0,8 (spomalenie)<\/li>\n<li>THDI&lt; 3%<\/li>\n<li>AC v\u00fdstupn\u00e9 d\u00e1ta (z\u00e1lo\u017en\u00e9)<\/li>\n<li>Menovit\u00fd v\u00fdstupn\u00fd v\u00fdkon 10 000 VA\/10 000 W<\/li>\n<li>Max. v\u00fdstupn\u00fd pr\u00fad 30 A na f\u00e1zu <\/li>\n<li>Menovit\u00e9 v\u00fdstupn\u00e9 striedav\u00e9 nap\u00e4tie 230 VAC na f\u00e1zu<\/li>\n<li>Menovit\u00e1 v\u00fdstupn\u00e1 frekvencia AC 50\/60 Hz<\/li>\n<li>Efekt\u00edvnos\u0165<\/li>\n<li>Maxim\u00e1lna \u00fa\u010dinnos\u0165 97,6% <\/li>\n<li>\u00da\u010dinnos\u0165 (Euro) 97,0 %<\/li>\n<li>MPPT \u00fa\u010dinnos\u0165 99,9%<\/li>\n<li>V\u00fdstupn\u00e1 nadpr\u00fadov\u00e1 ochrana Integrovan\u00e1<\/li>\n<li>Integrovan\u00e1 ochrana proti prekro\u010deniu v\u00fdstupn\u00e9ho v\u00fdkonu<\/li>\n<li>Ochrana proti skratu na v\u00fdstupe Integrovan\u00e1<\/li>\n<li>Ochrana proti ostrov\u010deku Integrovan\u00e1<\/li>\n<li>Integrovan\u00e1 ochrana GFCI<\/li>\n<li>Detekcia izola\u010dn\u00e9ho odporu Integrovan\u00e1<\/li>\n<li>Rozsah prev\u00e1dzkov\u00fdch tepl\u00f4t -25\u00b0C ~ 60\u00b0C, zn\u00ed\u017eenie v\u00fdkonu&gt; 45 \u00b0C<\/li>\n<li>Stupe\u0148 krytia IP65<\/li>\n<li>Relat\u00edvna vlhkos\u0165 100%<\/li>\n<li>V\u00fd\u0161ka nad morom 2000 m<\/li>\n<li>Komunik\u00e1cia RS232\/RS485<\/li>\n<li>Komunik\u00e1cia BMS CAN\/RS485<\/li>\n<li>Modul monitora Wi-Fi\/GPRS<\/li>\n<li>LCD + LED displej<\/li>\n<li>Sp\u00f4sob in\u0161tal\u00e1cie N\u00e1stenn\u00fd<\/li>\n<li>Sie\u0165ov\u00e9 predpisy VDE-AR-N 4105; G99\/1; EN50549-1; CEI 0-21; AS 4777,2; NRS 097-2-1;<\/li>\n<li>Bezpe\u010dnostn\u00e9 nariadenie IEC 62109-1\/2, IEC 62040-1<\/li>\n<li>Elektromagnetick\u00e1 kompatibilita EN61000-6-1. EN61000-6-3 <\/li>\n<li>\u010cist\u00e1 hmotnos\u0165 36,2 kg<\/li>\n<li>Hrub\u00e1 hmotnos\u0165 41,5 kg<\/li>\n<li>Rozmer produktu 533*431*213 mm<\/li>\n<li>Rozmery balenia 635*533*315 mm<\/li>\n<\/ul>\n<p>&nbsp;<\/p>\n<ul>\n<li><a href=\"https:\/\/drive.google.com\/file\/d\/1AZX9Pp1Qowq_ZldEzmZIXeKJ15JJ4etB\/view?usp=sharing\" rel=\"nofollow noopener\" target=\"_blank\"><span style=\"color: #ff9900;\">Stiahnite si manu\u00e1l PDF<\/span><\/a><\/li>\n<\/ul>\n","protected":false},"excerpt":{"rendered":"<ul>\n<li>Vysok\u00e9 nap\u00e4tie<\/li>\n<li>Hybridn\u00fd<\/li>\n<li>3 f\u00e1za<\/li>\n<li>10 ro\u010dn\u00e1 z\u00e1ruka<\/li>\n<li>Max. odpor\u00fa\u010dan\u00fd v\u00fdkon fotovoltaiky 13 000 W <\/li>\n<li>Menovit\u00fd v\u00fdstupn\u00fd v\u00fdkon 10 000 VA\/10 000 W<\/li>\n<li>Max. v\u00fdstupn\u00fd pr\u00fad 30 A na f\u00e1zu <\/li>\n<li>Aplik\u00e1cia monitorovacieho syst\u00e9mu Fsolar<\/li>\n<\/ul>\n","protected":false},"featured_media":5929,"template":"","meta":[],"product_brand":[],"product_cat":[650,405,634],"product_tag":[421,424,423,422,358,409,354,356,428,352,408,407,427],"class_list":{"0":"post-7057","1":"product","2":"type-product","3":"status-publish","4":"has-post-thumbnail","6":"product_cat-vysoke-napatie-sk","7":"product_cat-invertory","8":"product_cat-trojfazovy","9":"product_tag-10-kw-sk","10":"product_tag-3-fazovy-menic-sk-2","11":"product_tag-3-fazovy-sk","12":"product_tag-3-fazovy-menic-sk","13":"product_tag-fsolar-sk","14":"product_tag-hybridny","15":"product_tag-lifepo4-sk","16":"product_tag-lpbf48250-sk","17":"product_tag-r-t-rex-10khp3g01-sk","18":"product_tag-skladovanie-energie","19":"product_tag-striedac-sk","20":"product_tag-striedac","21":"product_tag-vysokeho-napatia","22":"product_shipping_class-7-dni-sk","24":"first","25":"instock","26":"taxable","27":"shipping-taxable","28":"purchasable","29":"product-type-simple"},"_links":{"self":[{"href":"https:\/\/digitalenergy.com.pl\/sk\/wp-json\/wp\/v2\/product\/7057","targetHints":{"allow":["GET"]}}],"collection":[{"href":"https:\/\/digitalenergy.com.pl\/sk\/wp-json\/wp\/v2\/product"}],"about":[{"href":"https:\/\/digitalenergy.com.pl\/sk\/wp-json\/wp\/v2\/types\/product"}],"wp:featuredmedia":[{"embeddable":true,"href":"https:\/\/digitalenergy.com.pl\/sk\/wp-json\/wp\/v2\/media\/5929"}],"wp:attachment":[{"href":"https:\/\/digitalenergy.com.pl\/sk\/wp-json\/wp\/v2\/media?parent=7057"}],"wp:term":[{"taxonomy":"product_brand","embeddable":true,"href":"https:\/\/digitalenergy.com.pl\/sk\/wp-json\/wp\/v2\/product_brand?post=7057"},{"taxonomy":"product_cat","embeddable":true,"href":"https:\/\/digitalenergy.com.pl\/sk\/wp-json\/wp\/v2\/product_cat?post=7057"},{"taxonomy":"product_tag","embeddable":true,"href":"https:\/\/digitalenergy.com.pl\/sk\/wp-json\/wp\/v2\/product_tag?post=7057"}],"curies":[{"name":"wp","href":"https:\/\/api.w.org\/{rel}","templated":true}]}}