{"id":7053,"date":"2024-06-28T13:04:31","date_gmt":"2024-06-28T13:04:31","guid":{"rendered":"https:\/\/digitalenergy.com.pl\/product\/zasobnik-energie-15kwh-lux-y-48300lg01\/"},"modified":"2024-06-28T13:04:31","modified_gmt":"2024-06-28T13:04:31","slug":"zasobnik-energie-15kwh-lux-y-48300lg01","status":"publish","type":"product","link":"https:\/\/digitalenergy.com.pl\/sk\/zasobnik-energie-15kwh-lux-y-48300lg01\/","title":{"rendered":"Z\u00e1sobn\u00edk energie 15KWh Lux-Y-48300LG01"},"content":{"rendered":"<ul>\n<li>Model Lux-Y-48300LG01<\/li>\n<li>Vyu\u017eite\u013en\u00e1 kapacita 15 kWh<\/li>\n<li>Menovit\u00e9 nap\u00e4tie 51,2V<\/li>\n<li>Rozsah nap\u00e4tia 48-57,6V<\/li>\n<li>MAX. Nab\u00edjac\u00ed a vyb\u00edjac\u00ed pr\u00fad 200A pri 15S <\/li>\n<li>Odpor\u00fa\u010dan\u00fd nab\u00edjac\u00ed a vyb\u00edjac\u00ed pr\u00fad \u2264120 A<\/li>\n<li>MAX. V\u00fdstupn\u00fd v\u00fdkon 10 000 W <\/li>\n<li>Odpor\u00fa\u010dan\u00fd v\u00fdstupn\u00fd v\u00fdkon 6000 W<\/li>\n<li>DOD \u2265 95 %<\/li>\n<li>Zapojenie modulov 1~6 paralelne<\/li>\n<li>Komunik\u00e1cia CAN a RS485<\/li>\n<li>Krytie IP21<\/li>\n<li>\u017divotnos\u0165 cyklu \u22656000 pri 25\u00b0C, 80% ADD<\/li>\n<li>Rozsah prev\u00e1dzkovej teploty Vyb\u00edjanie: -20\u00b0C a\u017e +65\u00b0C, Nab\u00edjanie: +0\u00b0C a\u017e +55\u00b0C<\/li>\n<li>\u010cist\u00e1 hmotnos\u0165 (kg) 135 kg hrub\u00e1 160 kg.<\/li>\n<li>Rozmery produktu (mm) 480*1100*300 mm<\/li>\n<li>Rozmery balenia (mm) 498*4501150*635 mm<\/li>\n<\/ul>\n<ul>\n<li><span style=\"color: #ff9900;\"><a style=\"color: #ff9900;\" href=\"https:\/\/digitalenergy.com.pl\/wp-content\/uploads\/2024\/09\/LUX-Y-48300LG01-user-guide-Polish-version.pdf\" target=\"_blank\" rel=\"noopener\">Stiahnite si manu\u00e1l PDF<\/a><\/span><\/li>\n<\/ul>\n","protected":false},"excerpt":{"rendered":"<p>N\u00edzke nap\u00e4tie<br \/>\n 10 ro\u010dn\u00e1 z\u00e1ruka<br \/>\n Vyu\u017eite\u013en\u00e1 kapacita 15 kWh<br \/>\n Zapojenie modulov 1~15 paralelne<br \/>\n Aplik\u00e1cia monitorovacieho syst\u00e9mu Fsolar<br \/>\n Pou\u017eitie: Jachty, \u010dlny, karavany, fotovoltaika, vetern\u00e9 elektr\u00e1rne, skladovanie energie. Syst\u00e9m n\u00fadzov\u00e9ho osvetlenia, alarm, po\u017eiarna ochrana<\/p>\n","protected":false},"featured_media":5847,"template":"","meta":[],"product_brand":[],"product_cat":[349],"product_tag":[640,358,354,355,356,359,360,362,361,353,352,351],"class_list":{"0":"post-7053","1":"product","2":"type-product","3":"status-publish","4":"has-post-thumbnail","6":"product_cat-skladovanie-energie","7":"product_tag-15-kwh-sk","8":"product_tag-fsolar-sk","9":"product_tag-lifepo4-sk","10":"product_tag-lpba48200-sk","11":"product_tag-lpbf48250-sk","12":"product_tag-lpbf48300-15kwh-sk","13":"product_tag-lpbf48500-25kwh-sk","14":"product_tag-lux-y-48280-sk","15":"product_tag-lux-y-48300lg01-sk","16":"product_tag-nizke-napatie","17":"product_tag-skladovanie-energie","18":"product_tag-system-baterie","20":"first","21":"onbackorder","22":"taxable","23":"shipping-taxable","24":"purchasable","25":"product-type-simple"},"_links":{"self":[{"href":"https:\/\/digitalenergy.com.pl\/sk\/wp-json\/wp\/v2\/product\/7053","targetHints":{"allow":["GET"]}}],"collection":[{"href":"https:\/\/digitalenergy.com.pl\/sk\/wp-json\/wp\/v2\/product"}],"about":[{"href":"https:\/\/digitalenergy.com.pl\/sk\/wp-json\/wp\/v2\/types\/product"}],"wp:featuredmedia":[{"embeddable":true,"href":"https:\/\/digitalenergy.com.pl\/sk\/wp-json\/wp\/v2\/media\/5847"}],"wp:attachment":[{"href":"https:\/\/digitalenergy.com.pl\/sk\/wp-json\/wp\/v2\/media?parent=7053"}],"wp:term":[{"taxonomy":"product_brand","embeddable":true,"href":"https:\/\/digitalenergy.com.pl\/sk\/wp-json\/wp\/v2\/product_brand?post=7053"},{"taxonomy":"product_cat","embeddable":true,"href":"https:\/\/digitalenergy.com.pl\/sk\/wp-json\/wp\/v2\/product_cat?post=7053"},{"taxonomy":"product_tag","embeddable":true,"href":"https:\/\/digitalenergy.com.pl\/sk\/wp-json\/wp\/v2\/product_tag?post=7053"}],"curies":[{"name":"wp","href":"https:\/\/api.w.org\/{rel}","templated":true}]}}