{"id":7044,"date":"2024-08-26T08:34:56","date_gmt":"2024-08-26T08:34:56","guid":{"rendered":"https:\/\/digitalenergy.com.pl\/product\/fotovoltaicky-panel-jinko-solar-440-jkm440n-54hl4r-v-bf\/"},"modified":"2024-08-26T08:34:56","modified_gmt":"2024-08-26T08:34:56","slug":"fotovoltaicky-panel-jinko-solar-440-jkm440n-54hl4r-v-bf","status":"publish","type":"product","link":"https:\/\/digitalenergy.com.pl\/sk\/fotovoltaicky-panel-jinko-solar-440-jkm440n-54hl4r-v-bf\/","title":{"rendered":"Fotovoltaick\u00fd panel Jinko Solar 440 JKM440N-54HL4R-V BF"},"content":{"rendered":"<h3>Fotovoltaick\u00fd panel Jinko Solar 440 JKM440N-54HL4R-V BF<\/h3>\n<h5>Panel Jinko Solar s v\u00fdkonom 440 W je navrhnut\u00fd pomocou technol\u00f3gie \u010dl\u00e1nkov typu N, ktor\u00e1 zais\u0165uje vysok\u00fa \u00fa\u010dinnos\u0165 aj v menej priazniv\u00fdch podmienkach slne\u010dn\u00e9ho \u017eiarenia. S \u00fa\u010dinnos\u0165ou 21,49% pon\u00faka optim\u00e1lnu efektivitu pr\u00e1ce. Panel je vybaven\u00fd 54 polovi\u010dne vyrezan\u00fdmi \u010dl\u00e1nkami a poskytuje lep\u0161\u00ed teplotn\u00fd mana\u017ement a v\u00e4\u010d\u0161iu odolnos\u0165 proti mikrotrhlin\u00e1m, \u010do m\u00e1 za n\u00e1sledok dlh\u0161iu \u017eivotnos\u0165. Panel je odoln\u00fd vo\u010di PID (Potential Induced Degradation) a je certifikovan\u00fd na odolnos\u0165 vo\u010di n\u00e1ro\u010dn\u00fdm poveternostn\u00fdm podmienkam vr\u00e1tane za\u0165a\u017eenia vetrom a snehom a\u017e do 5400 Pa. V\u010faka \u010diernemu r\u00e1mu sa panel vizu\u00e1lne perfektne hod\u00ed na v\u00e4\u010d\u0161inu striech.    <\/h5>\n<p>\u0160pi\u010dkov\u00fd v\u00fdkon (Pmax): 440 W<br \/>\n \u00da\u010dinnos\u0165: 21,49 %<br \/>\n Technol\u00f3gia buniek: N-Type, Half-cut<br \/>\n Rozmery: 1903 \u00d7 1134 \u00d7 30 mm<br \/>\n Odolnos\u0165 proti PID: \u00c1no<br \/>\n Za\u0165a\u017eenie snehom: 5400 Pa<br \/>\n Certifik\u00e1ty: IEC 61215, IEC 61730<br \/>\n Z\u00e1ruka: 12 rokov na produkt, 30 rokov na v\u00fdkon<\/p>\n<p>&nbsp;<\/p>\n<div class=\"resetcss\">\n<ul>\n<li><span style=\"color: #ff9900;\"><a style=\"color: #ff9900;\" href=\"https:\/\/digitalenergy.com.pl\/wp-content\/uploads\/2024\/09\/Jinko-Solar-440-JKM440N-54HL4R-V-BF.pdf\" target=\"_blank\" rel=\"noopener\">Stiahnite si manu\u00e1l PDF<\/a><\/span><\/li>\n<\/ul>\n<\/div>\n","protected":false},"excerpt":{"rendered":"<p>\u0160pi\u010dkov\u00fd v\u00fdkon (Pmax): 440 W<br \/>\n \u00da\u010dinnos\u0165: 21,49 %<br \/>\n Technol\u00f3gia buniek: N-Type, Half-cut<br \/>\n Rozmery: 1903 \u00d7 1134 \u00d7 30 mm<br \/>\n Odolnos\u0165 proti PID: \u00c1no<br \/>\n Za\u0165a\u017eenie snehom: 5400 Pa<br \/>\n Certifik\u00e1ty: IEC 61215, IEC 61730<br \/>\n Z\u00e1ruka: 12 rokov na produkt, 30 rokov na v\u00fdkon<\/p>\n","protected":false},"featured_media":5878,"template":"","meta":[],"product_brand":[],"product_cat":[463],"product_tag":[679,690,689],"class_list":{"0":"post-7044","1":"product","2":"type-product","3":"status-publish","4":"has-post-thumbnail","6":"product_cat-pv-panely-sk","7":"product_tag-jinko-sk","8":"product_tag-jinko-solar-440-sk","9":"product_tag-jinko-solar-440-jkm440n-54hl4r-v-bf-sk","11":"first","12":"outofstock","13":"taxable","14":"shipping-taxable","15":"purchasable","16":"product-type-simple"},"_links":{"self":[{"href":"https:\/\/digitalenergy.com.pl\/sk\/wp-json\/wp\/v2\/product\/7044","targetHints":{"allow":["GET"]}}],"collection":[{"href":"https:\/\/digitalenergy.com.pl\/sk\/wp-json\/wp\/v2\/product"}],"about":[{"href":"https:\/\/digitalenergy.com.pl\/sk\/wp-json\/wp\/v2\/types\/product"}],"wp:featuredmedia":[{"embeddable":true,"href":"https:\/\/digitalenergy.com.pl\/sk\/wp-json\/wp\/v2\/media\/5878"}],"wp:attachment":[{"href":"https:\/\/digitalenergy.com.pl\/sk\/wp-json\/wp\/v2\/media?parent=7044"}],"wp:term":[{"taxonomy":"product_brand","embeddable":true,"href":"https:\/\/digitalenergy.com.pl\/sk\/wp-json\/wp\/v2\/product_brand?post=7044"},{"taxonomy":"product_cat","embeddable":true,"href":"https:\/\/digitalenergy.com.pl\/sk\/wp-json\/wp\/v2\/product_cat?post=7044"},{"taxonomy":"product_tag","embeddable":true,"href":"https:\/\/digitalenergy.com.pl\/sk\/wp-json\/wp\/v2\/product_tag?post=7044"}],"curies":[{"name":"wp","href":"https:\/\/api.w.org\/{rel}","templated":true}]}}