{"id":7040,"date":"2024-09-09T10:52:41","date_gmt":"2024-09-09T10:52:41","guid":{"rendered":"https:\/\/digitalenergy.com.pl\/product\/zasobnik-energie-512kw-lux-y-48100hg01-rack-hv-98304-kwh\/"},"modified":"2025-03-19T08:48:35","modified_gmt":"2025-03-19T08:48:35","slug":"zasobnik-energie-512kw-lux-y-48100hg01-rack-hv-98304-kwh","status":"publish","type":"product","link":"https:\/\/digitalenergy.com.pl\/sk\/zasobnik-energie-512kw-lux-y-48100hg01-rack-hv-98304-kwh\/","title":{"rendered":"Z\u00e1sobn\u00edk energie 5,12KW LUX-Y 48100HMG01 RACK HV 983,04 kWh"},"content":{"rendered":"<h3>Technick\u00e9 \u0161pecifik\u00e1cie bat\u00e9rie LUX-Y-48100HCG01<\/h3>\n<p>Pon\u00fakame modern\u00e9 rie\u0161enie syst\u00e9mov skladovania energie \u2013<strong> Bat\u00e9ria LUX-Y-48100HCG01<\/strong> . Ide o unik\u00e1tnu l\u00edtium-\u017eelezofosf\u00e1tov\u00fa (LiFePO4) bat\u00e9riu s vysok\u00fdm v\u00fdkonom a dlhou \u017eivotnos\u0165ou, ide\u00e1lnu pre dom\u00e1ce a komer\u010dn\u00e9 aplik\u00e1cie. Ni\u017e\u0161ie s\u00fa uveden\u00e9 podrobn\u00e9 technick\u00e9 parametre:  <\/p>\n<h4>Hlavn\u00e9 parametre:<\/h4>\n<ul>\n<li><strong>Typ bat\u00e9rie<\/strong> : LiFePO4<\/li>\n<li><strong>Energia modulu<\/strong> : 5,12 kWh<\/li>\n<li><strong>Menovit\u00e9 nap\u00e4tie modulu<\/strong> : 51,2 V<\/li>\n<li><strong>Kapacita<\/strong> : 100 Ah<\/li>\n<li><strong>Po\u010det modulov<\/strong> : 4 (min) a\u017e 12 (max.)<\/li>\n<li><strong>Energia syst\u00e9mu<\/strong> : od 20,48 kWh do 61,44 kWh (v z\u00e1vislosti od po\u010dtu modulov)<\/li>\n<li><strong>Menovit\u00e9 nap\u00e4tie syst\u00e9mu<\/strong> : 204,8V a\u017e 614,4V<\/li>\n<li><strong>Prev\u00e1dzkov\u00e9 nap\u00e4tie syst\u00e9mu<\/strong> : 192-691,2 V<\/li>\n<li><strong>\u0160k\u00e1lovate\u013enos\u0165<\/strong> : Mo\u017enos\u0165 paraleln\u00e9ho zapojenia a\u017e 16 rackov, \u010do umo\u017e\u0148uje z\u00edska\u0165 a\u017e 983,04 kWh energie<\/li>\n<\/ul>\n<h4>V\u00fdkon a odolnos\u0165:<\/h4>\n<ul>\n<li><strong>Nab\u00edjac\u00ed\/vyb\u00edjac\u00ed pr\u00fad<\/strong> : 50 A (odpor\u00fa\u010dan\u00e9), 100 A (nepretr\u017eit\u00e9), 120 A (\u0161pi\u010dkov\u00e9)<\/li>\n<li><strong>H\u013abka vybitia (DOD)<\/strong> : \u2265 95 %<\/li>\n<li><strong>Efekt\u00edvnos\u0165<\/strong> : \u2265 95 %<\/li>\n<li><strong>Cyklick\u00fd \u017eivot<\/strong> : \u2265 6000 cyklov<\/li>\n<\/ul>\n<h4>Prev\u00e1dzkov\u00e9 a skladovacie podmienky:<\/h4>\n<ul>\n<li><strong>Rozsah prev\u00e1dzkov\u00fdch tepl\u00f4t<\/strong> : Nab\u00edjanie od 0 \u00b0C do 55 \u00b0C, vyb\u00edjanie od -20 \u00b0C do 55 \u00b0C<\/li>\n<li><strong>Rozsah skladovac\u00edch tepl\u00f4t<\/strong> : 0 \u00b0C a\u017e 35 \u00b0C<\/li>\n<li><strong>Vlhkos\u0165<\/strong> : 5 % \u2013 95 %<\/li>\n<li><strong>V\u00fd\u0161ka nad hladinou mora<\/strong> : \u2264 2000 m<\/li>\n<\/ul>\n<h4>Bezpe\u010dnos\u0165 a ochrana:<\/h4>\n<ul>\n<li><strong>\u00darove\u0148 ochrany<\/strong> : IP21<\/li>\n<li><strong>Syst\u00e9m riadenia<\/strong> : Vstavan\u00fd inteligentn\u00fd BMS s bezpe\u010dnos\u0165ou (RS485 \/ CAN)<\/li>\n<li><strong>Sp\u00f4sob mont\u00e1\u017ee<\/strong> : Mont\u00e1\u017e na stojan<\/li>\n<li><strong>Z\u00e1ruka<\/strong> : 10 rokov<\/li>\n<\/ul>\n<h4>Rozmery a hmotnos\u0165:<\/h4>\n<ul>\n<li><strong>Riadiaci modul (LUX-Y-48100HCG01)<\/strong> ::<br \/>\n Rozmery: 482,6 x 565 x 150 mm<br \/>\n Hmotnos\u0165 produktu: 10,3 kg<br \/>\n Hmotnos\u0165 s obalom: 16,7 kg<\/li>\n<li><strong>Modul bat\u00e9rie (LUX-Y-48100HMG01)<\/strong> ::<br \/>\n Rozmery: 482,6 x 565 x 131 mm<br \/>\n Hmotnos\u0165 produktu: 41,3 kg<br \/>\n Hmotnos\u0165 s obalom: 45 kg<\/li>\n<li><strong>Modulov\u00fd stojan (9 poschod\u00ed)<\/strong> ::<br \/>\n Rozmery: 560 x 590 x 1532,5 mm<br \/>\n Hmotnos\u0165: 108,5 kg<\/li>\n<li><strong>Modulov\u00fd stojan (13 poschod\u00ed)<\/strong> ::<br \/>\n Rozmery: 560 x 590 x 2077,5 mm<br \/>\n Hmotnos\u0165: 68,5 kg<\/li>\n<\/ul>\n<hr>\n<p>Bat\u00e9ria<strong> LUX-Y-48100HCG01<\/strong> je spo\u013eahliv\u00e9, vysokov\u00fdkonn\u00e9 rie\u0161enie, prisp\u00f4soben\u00e9 intenz\u00edvnemu pou\u017e\u00edvaniu. Je ide\u00e1lny pre \u013eud\u00ed, ktor\u00ed h\u013eadaj\u00fa odoln\u00fd a bezpe\u010dn\u00fd syst\u00e9m skladovania energie so schopnos\u0165ou prisp\u00f4sobi\u0165 sa a roz\u0161\u00edri\u0165 a\u017e do<strong> 983,04 kWh<\/strong> energie. <\/p>\n","protected":false},"excerpt":{"rendered":"<h3>Bat\u00e9ria LUX-Y-48100HCG01<\/h3>\n<p><strong>LUX-Y-48100HCG01<\/strong> je modern\u00fd syst\u00e9m skladovania energie, ide\u00e1lny pre aplik\u00e1cie vo fotovoltaike, vetern\u00fdch elektr\u00e1r\u0148ach, skladovan\u00ed energie, n\u00fadzovom osvetlen\u00ed, poplachov\u00fdch a protipo\u017eiarnych syst\u00e9moch.<\/p>\n<ul>\n<li><strong>Kapacita modulu<\/strong> : 5,12 kWh<\/li>\n<li><strong>Max. po\u010det modulov <\/strong>: 16 (a\u017e 983,04 kWh)<\/li>\n<li><strong>Typ<\/strong> : Vysokonap\u00e4\u0165ov\u00fd LiFePO4<\/li>\n<li><strong>BMS (skladov\u00fd kontrol\u00f3r)<\/strong> : k dispoz\u00edcii za 2 999 PLN<\/li>\n<li><strong>Z\u00e1ruka<\/strong> : 10 rokov<\/li>\n<\/ul>\n<p>Ide\u00e1lne pre \u0161k\u00e1lovate\u013en\u00e9 a bezpe\u010dn\u00e9 in\u0161tal\u00e1cie. Bat\u00e9ria sa vyzna\u010duje vysokou \u00fa\u010dinnos\u0165ou a dlhou \u017eivotnos\u0165ou, zais\u0165uje spo\u013eahlivos\u0165 v n\u00e1ro\u010dn\u00fdch podmienkach. <\/p>\n","protected":false},"featured_media":5824,"template":"","meta":[],"product_brand":[],"product_cat":[349,1096],"product_tag":[678,438,449,448,446,444,354,675,676,677,352,417,351,427],"class_list":{"0":"post-7040","1":"product","2":"type-product","3":"status-publish","4":"has-post-thumbnail","6":"product_cat-skladovanie-energie","7":"product_cat-supravy","8":"product_tag-1-mw-sk","9":"product_tag-512-kw-sk","10":"product_tag-600050-sk","11":"product_tag-bcu-sk","12":"product_tag-fls-sk","13":"product_tag-hvc96050-sk","14":"product_tag-lifepo4-sk","15":"product_tag-lux-y-48100hg01-sk","16":"product_tag-lux-y-48100hg01-rack-hv-sk","17":"product_tag-rack-hv-sk","18":"product_tag-skladovanie-energie","19":"product_tag-stohovatelny","20":"product_tag-system-baterie","21":"product_tag-vysokeho-napatia","23":"first","24":"onbackorder","25":"taxable","26":"shipping-taxable","27":"purchasable","28":"product-type-simple"},"_links":{"self":[{"href":"https:\/\/digitalenergy.com.pl\/sk\/wp-json\/wp\/v2\/product\/7040","targetHints":{"allow":["GET"]}}],"collection":[{"href":"https:\/\/digitalenergy.com.pl\/sk\/wp-json\/wp\/v2\/product"}],"about":[{"href":"https:\/\/digitalenergy.com.pl\/sk\/wp-json\/wp\/v2\/types\/product"}],"wp:featuredmedia":[{"embeddable":true,"href":"https:\/\/digitalenergy.com.pl\/sk\/wp-json\/wp\/v2\/media\/5824"}],"wp:attachment":[{"href":"https:\/\/digitalenergy.com.pl\/sk\/wp-json\/wp\/v2\/media?parent=7040"}],"wp:term":[{"taxonomy":"product_brand","embeddable":true,"href":"https:\/\/digitalenergy.com.pl\/sk\/wp-json\/wp\/v2\/product_brand?post=7040"},{"taxonomy":"product_cat","embeddable":true,"href":"https:\/\/digitalenergy.com.pl\/sk\/wp-json\/wp\/v2\/product_cat?post=7040"},{"taxonomy":"product_tag","embeddable":true,"href":"https:\/\/digitalenergy.com.pl\/sk\/wp-json\/wp\/v2\/product_tag?post=7040"}],"curies":[{"name":"wp","href":"https:\/\/api.w.org\/{rel}","templated":true}]}}