{"id":7032,"date":"2024-09-11T07:02:46","date_gmt":"2024-09-11T07:02:46","guid":{"rendered":"https:\/\/digitalenergy.com.pl\/product\/invertor-a-ulozisko-v-jednom-apollo-10khp3g01-mx\/"},"modified":"2024-09-11T07:02:46","modified_gmt":"2024-09-11T07:02:46","slug":"invertor-a-ulozisko-v-jednom-apollo-10khp3g01-mx","status":"publish","type":"product","link":"https:\/\/digitalenergy.com.pl\/sk\/invertor-a-ulozisko-v-jednom-apollo-10khp3g01-mx\/","title":{"rendered":"Invertor a \u00falo\u017eisko v jednom Apollo-10KHP3G01-MX"},"content":{"rendered":"<p><strong>Apollo-10KHP3G01-MX<\/strong><\/p>\n<p>cena a parametre sa vz\u0165ahuj\u00fa na samotn\u00fd meni\u010d!<\/p>\n<p>&nbsp;<\/p>\n<p><strong>\u0160pecifik\u00e1cia syst\u00e9mu<\/strong><br \/>\n Nomin\u00e1lny v\u00fdstupn\u00fd v\u00fdkon 10000W<br \/>\n AC v\u00fdstupn\u00e1 frekvencia a nap\u00e4tie 50\/60 Hz;L1\/L2\/L3\/N\/PE, 230 Vac\/400 Vac<br \/>\n Typ Trojf\u00e1zov\u00fd<br \/>\n Energetick\u00fd rozsah (kWh) 10,24 15,36 20,48 25,6 30,72<br \/>\n Maxim\u00e1lny nab\u00edjac\u00ed\/vyb\u00edjac\u00ed pr\u00fad (A) 25<br \/>\n Prev\u00e1dzkov\u00e9 nap\u00e4tie bat\u00e9rie (V) 204,8 307,2 409,6 512 614,4<br \/>\n V\u00fdstupn\u00fd v\u00fdkon syst\u00e9mu (W) 5120 7680 10000 10000 10000<br \/>\n Typ bat\u00e9rie LiFePO4<br \/>\n Krytie krytu IP65<br \/>\n Z\u00e1ru\u010dn\u00e1 doba 10 rokov<br \/>\n Certifik\u00e1cia syst\u00e9mu PPDS: 2021, VDE-AR-N 4105, EN 50549-1, IEC 62109-1\/-2, CE-EMC<\/p>\n<p><strong>Technick\u00e9 \u0161pecifik\u00e1cie meni\u010da<\/strong><br \/>\n Maxim\u00e1lny FV pr\u00edkon (W) 13000<br \/>\n Maxim\u00e1lny vstupn\u00fd pr\u00fad FV (A) 15-15<br \/>\n Menovit\u00e9 vstupn\u00e9 nap\u00e4tie PV (Vdc) 160-900<br \/>\n \u0160tartovanie &#8211; jednosmern\u00e9 nap\u00e4tie (Vdc) 160<br \/>\n Rozsah nap\u00e4tia MPPT (Vdc) 200-850<br \/>\n Rozsah nap\u00e4tia MPPT pri plnom za\u0165a\u017een\u00ed (Vdc) 450-850<br \/>\n Maxim\u00e1lny FV skratov\u00fd pr\u00fad (A) 18-18<br \/>\n Po\u010det MPP Tracker 2-1<br \/>\n Faktor v\u00fdkonu 0,8 vedie k oneskoreniu 0,8<br \/>\n Jednosmern\u00fd vstrekovac\u00ed pr\u00fad (mA) THD&lt; 3% (line\u00e1rne za\u0165a\u017eenie&lt; 1,5&nbsp;%)<br \/>\n LCD + LED displej<br \/>\n Rozsah prev\u00e1dzkovej teploty (\u2103) -20\u2103~55\u2103,&gt; 45\u2103 Zn\u00ed\u017eenie v\u00fdkonu<br \/>\n Hmotnos\u0165 cca. (kg) 35,3<br \/>\n Komunik\u00e1cia s BMS CAN\/RS485<br \/>\n Rozmery (\u0161\u00edrka x h\u013abka x v\u00fd\u0161ka, mm) 533\u00d7431\u00d7213<br \/>\n bezpe\u010dnostn\u00e9 nariadenie<br \/>\n Elektromagnetick\u00e1 kompatibilita<br \/>\n Maxim\u00e1lna \u00fa\u010dinnos\u0165<br \/>\n Euro efekt\u00edvnos\u0165<\/p>\n<p>&nbsp;<\/p>\n<p>&nbsp;<\/p>\n<p>&nbsp;<\/p>\n<ul>\n<li><a href=\"https:\/\/digitalenergy.com.pl\/wp-content\/uploads\/2024\/09\/T-REX-25-50KHP3G01-Hybrid-Inverter-User-Guide.pdf\"><span style=\"color: #ff9900;\">Stiahnite si manu\u00e1l PDF<\/span><\/a><\/li>\n<\/ul>\n<ul>\n<li><a href=\"https:\/\/digitalenergy.com.pl\/wp-content\/uploads\/2024\/09\/T-REX-50KHP3G01-Poland-Listing-Certificate1-1.pdf\"><span style=\"color: #ff9900;\">Stiahnite si manu\u00e1l PDF<\/span><\/a><\/li>\n<\/ul>\n<ul>\n<li><a href=\"https:\/\/digitalenergy.com.pl\/wp-content\/uploads\/2024\/09\/T-REX-50KHP3G01-Inverter-Datasheet-1.pdf\"><span style=\"color: #ff9900;\">Stiahnite si manu\u00e1l PDF<\/span><\/a><\/li>\n<\/ul>\n<p>&nbsp;<\/p>\n<ul>\n<li>\n<\/li>\n<\/ul>\n","protected":false},"excerpt":{"rendered":"<ul>\n<li>Cena meni\u010da je 7 399 PLN brutto<\/li>\n<li>Cena za modul 5,12 kWh: 6 449 PLN brutto<\/li>\n<li>Vysokonap\u00e4\u0165ov\u00fd meni\u010d a \u00falo\u017eisko v jednom<\/li>\n<li>Hybridn\u00fd<\/li>\n<li>3 f\u00e1za<\/li>\n<li>10 ro\u010dn\u00e1 z\u00e1ruka<\/li>\n<li>Aplik\u00e1cia monitorovacieho syst\u00e9mu Fsolar<\/li>\n<\/ul>\n","protected":false},"featured_media":5799,"template":"","meta":[],"product_brand":[],"product_cat":[349,405,650,634,1096],"product_tag":[424,423,422,651,644,636,358,409,652,354,352,407,408,643,642,427],"class_list":{"0":"post-7032","1":"product","2":"type-product","3":"status-publish","4":"has-post-thumbnail","6":"product_cat-skladovanie-energie","7":"product_cat-invertory","8":"product_cat-vysoke-napatie-sk","9":"product_cat-trojfazovy","10":"product_cat-supravy","11":"product_tag-3-fazovy-menic-sk-2","12":"product_tag-3-fazovy-sk","13":"product_tag-3-fazovy-menic-sk","14":"product_tag-50-kw-sk","15":"product_tag-apollo-10khp3g01-mx-sk","16":"product_tag-felicity-sk","17":"product_tag-fsolar-sk","18":"product_tag-hybridny","19":"product_tag-invertor-a-ulozisko-v-jednom-apollo-10khp3g01-mx","20":"product_tag-lifepo4-sk","21":"product_tag-skladovanie-energie","22":"product_tag-striedac","23":"product_tag-striedac-sk","24":"product_tag-t-rex-sk","25":"product_tag-t-rex-50khp3g01-sk","26":"product_tag-vysokeho-napatia","27":"product_shipping_class-7-dni-sk","29":"first","30":"onbackorder","31":"taxable","32":"shipping-taxable","33":"purchasable","34":"product-type-simple"},"_links":{"self":[{"href":"https:\/\/digitalenergy.com.pl\/sk\/wp-json\/wp\/v2\/product\/7032","targetHints":{"allow":["GET"]}}],"collection":[{"href":"https:\/\/digitalenergy.com.pl\/sk\/wp-json\/wp\/v2\/product"}],"about":[{"href":"https:\/\/digitalenergy.com.pl\/sk\/wp-json\/wp\/v2\/types\/product"}],"wp:featuredmedia":[{"embeddable":true,"href":"https:\/\/digitalenergy.com.pl\/sk\/wp-json\/wp\/v2\/media\/5799"}],"wp:attachment":[{"href":"https:\/\/digitalenergy.com.pl\/sk\/wp-json\/wp\/v2\/media?parent=7032"}],"wp:term":[{"taxonomy":"product_brand","embeddable":true,"href":"https:\/\/digitalenergy.com.pl\/sk\/wp-json\/wp\/v2\/product_brand?post=7032"},{"taxonomy":"product_cat","embeddable":true,"href":"https:\/\/digitalenergy.com.pl\/sk\/wp-json\/wp\/v2\/product_cat?post=7032"},{"taxonomy":"product_tag","embeddable":true,"href":"https:\/\/digitalenergy.com.pl\/sk\/wp-json\/wp\/v2\/product_tag?post=7032"}],"curies":[{"name":"wp","href":"https:\/\/api.w.org\/{rel}","templated":true}]}}