{"id":7021,"date":"2024-10-25T09:07:29","date_gmt":"2024-10-25T09:07:29","guid":{"rendered":"https:\/\/digitalenergy.com.pl\/product\/deye-sun-8k-sg04lp3-eu-invertor-zasobnik-energie-10kwh-lux-e-48200lg03\/"},"modified":"2025-03-19T08:48:42","modified_gmt":"2025-03-19T08:48:42","slug":"deye-sun-8k-sg04lp3-eu-invertor-zasobnik-energie-10kwh-lux-e-48200lg03","status":"publish","type":"product","link":"https:\/\/digitalenergy.com.pl\/sk\/deye-sun-8k-sg04lp3-eu-invertor-zasobnik-energie-10kwh-lux-e-48200lg03\/","title":{"rendered":"Deye SUN-8K-SG04LP3-EU Invertor + z\u00e1sobn\u00edk energie 10KWH LUX-E-48200LG03"},"content":{"rendered":"<p><strong>8KW hybridn\u00fd meni\u010d Deye SUN-8K-SG04LP3-EU &#8211;<a href=\"https:\/\/digitalenergy.com.pl\/produkt\/inwerter-deye-sun-12k-sg04lp3-eu\/\"> Pozri<\/a><\/strong><\/p>\n<p>Deye SUN-8K-SG04LP3-EU je modern\u00fd hybridn\u00fd meni\u010d, ide\u00e1lny pre efekt\u00edvny energetick\u00fd mana\u017ement vo fotovoltaick\u00fdch syst\u00e9moch. Tu s\u00fa podrobn\u00e9 technick\u00e9 parametre: <\/p>\n<h3>Technick\u00e9 parametre:<\/h3>\n<p><strong>Po\u010det f\u00e1z<\/strong> : 3 f\u00e1zy<\/p>\n<p><strong>Max <\/strong>Pr\u00edkon: 10400 W<\/p>\n<p><strong>Vstupn\u00e9 jednosmern\u00e9 nap\u00e4tie max <\/strong>: 550V<\/p>\n<p><strong>Max. v\u00fdstupn\u00fd v\u00fdkon AC <\/strong>Pr\u00edkon: 8800 W<\/p>\n<p><strong>\u0160pi\u010dkov\u00fd AC v\u00fdstupn\u00fd v\u00fdkon<\/strong> V\u00fdkon: 16 000 W (10 s)<\/p>\n<p><strong>Rozsah nap\u00e4tia bat\u00e9rie<\/strong> : 40~60V<\/p>\n<h3>Vstup bat\u00e9rie:<\/h3>\n<p><strong>Typ bat\u00e9rie<\/strong> : Kyselina olova alebo l\u00edtium-i\u00f3n<\/p>\n<p><strong>Rozsah nap\u00e4tia bat\u00e9rie (V)<\/strong> : 40~60V<\/p>\n<p><strong>Max. nab\u00edjac\u00ed pr\u00fad (A) <\/strong>: 190 A<\/p>\n<p><strong>Maxim\u00e1lny vyb\u00edjac\u00ed pr\u00fad (A) <\/strong>: 190 A<\/p>\n<p><strong>Krivka nab\u00edjania<\/strong> : 3 stupne\/zarovnanie<\/p>\n<p><strong>Vonkaj\u0161\u00ed sn\u00edma\u010d teploty<\/strong> : \u00c1no<\/p>\n<p><strong>Strat\u00e9gia nab\u00edjania l\u00edtium-i\u00f3nov\u00fdch bat\u00e9ri\u00ed<\/strong> : Vlastn\u00e1 adapt\u00e1cia na BMS<\/p>\n<h3>Vstup PV re\u0165azca:<\/h3>\n<p><strong>Max. pr\u00edkon jednosmern\u00e9ho pr\u00fadu (W) <\/strong>Pr\u00edkon: 10400 W<\/p>\n<p><strong>Menovit\u00e9 vstupn\u00e9 nap\u00e4tie PV (V)<\/strong> : 550V (160V~800V)<\/p>\n<p><strong>\u0160tartovacie nap\u00e4tie (V)<\/strong> : 160V<\/p>\n<p><strong>Rozsah MPPT (V)<\/strong> : 200V-650V<\/p>\n<p><strong>Rozsah jednosmern\u00e9ho nap\u00e4tia pri plnom za\u0165a\u017een\u00ed (V)<\/strong> : 350V-650V<\/p>\n<p><strong>PV vstupn\u00fd pr\u00fad (A)<\/strong> : 13 A<\/p>\n<p><strong>Max ISC PV (A) <\/strong>: 17 A<\/p>\n<p><strong>Po\u010det MPPT\/re\u0165azcov na MPPT<\/strong> : 2\/1<\/p>\n<h3>AC v\u00fdstupn\u00e9 \u00fadaje:<\/h3>\n<p><strong>Menovit\u00fd v\u00fdstupn\u00fd v\u00fdkon striedav\u00e9ho pr\u00fadu a v\u00fdkon UPS (W)<\/strong> Pr\u00edkon: 8000 W<\/p>\n<p><strong>Max. v\u00fdstupn\u00fd v\u00fdkon striedav\u00e9ho pr\u00fadu (W) <\/strong>Pr\u00edkon: 8800 W<\/p>\n<p><strong>\u0160pi\u010dkov\u00fd v\u00fdkon (mimo siete)<\/strong> : 2-n\u00e1sobok menovit\u00e9ho v\u00fdkonu, 10 s<\/p>\n<p><strong>AC v\u00fdstupn\u00fd menovit\u00fd pr\u00fad (A)<\/strong> : 12,1\/11,6<\/p>\n<p><strong>Max. striedav\u00fd pr\u00fad (A) <\/strong>: 18.2\/17.4<\/p>\n<p><strong>Maxim\u00e1lny nepretr\u017eit\u00fd prietok striedav\u00e9ho pr\u00fadu (A) <\/strong>: 50 A<\/p>\n<p><strong>\u00da\u010din\u00edk<\/strong> : 0,8 (vedie k oneskoreniu 0,8)<\/p>\n<p><strong>V\u00fdstupn\u00e1 frekvencia a nap\u00e4tie<\/strong> : 50\/60 Hz; 3L\/N\/PE 220\/380 Vac (230\/400 Vac)<\/p>\n<p><strong>Typ sie\u0165ky<\/strong> : Trojf\u00e1zov\u00fd<\/p>\n<p><strong>S\u00fa\u010dasn\u00e9 harmonick\u00e9 skreslenie (THD)<\/strong> ::&lt; 3% (line\u00e1rne za\u0165a\u017eenie&lt; 0,5&nbsp;%)<\/p>\n<h3>\u00da\u010dinnos\u0165:<\/h3>\n<ul>\n<li><strong>Maxim\u00e1lna \u00fa\u010dinnos\u0165 <\/strong>: 97.60%<\/li>\n<li><strong>Efekt\u00edvnos\u0165 v eur\u00e1ch<\/strong> : 97,00 %<\/li>\n<li><strong>V\u00fdkon MPPT<\/strong> : 99,90 %<\/li>\n<\/ul>\n<h3>Zabezpe\u010denie:<\/h3>\n<ul>\n<li><strong>FV vstup ochrana pred bleskom:<\/strong> Integrovan\u00fd<\/li>\n<li><strong>Ochrana ostrova:<\/strong> Integrovan\u00fd<\/li>\n<li><strong>Ochrana proti prep\u00f3lovaniu vstupu PV re\u0165azca:<\/strong> Integrovan\u00fd<\/li>\n<li><strong>Detekcia izola\u010dn\u00e9ho odporu:<\/strong> Integrovan\u00fd<\/li>\n<li><strong>Jednotka monitorovania zvy\u0161kov\u00e9ho pr\u00fadu:<\/strong> Integrovan\u00fd<\/li>\n<li><strong>V\u00fdstupn\u00e1 nadpr\u00fadov\u00e1 ochrana:<\/strong> Integrovan\u00fd<\/li>\n<li><strong>Ochrana proti skratu na v\u00fdstupe:<\/strong> Integrovan\u00fd<\/li>\n<li><strong>Ochrana pred prep\u00e4t\u00edm na v\u00fdstupe:<\/strong> Integrovan\u00fd<\/li>\n<li><strong>Prep\u00e4\u0165ov\u00e1 ochrana:<\/strong> DC typ II \/ AC typ II<\/li>\n<\/ul>\n<h3>Certifik\u00e1ty a normy:<\/h3>\n<ul>\n<li><strong>Regul\u00e1cia siete:<\/strong> CEI 0-21, VDE-AR-N 4105, NRS 097, IEC 62116, IEC 61727, G99, G98, VDE 0126-1-1, RD 1699, C10-11<\/li>\n<li><strong>EMC bezpe\u010dnos\u0165\/\u0161tandard:<\/strong> IEC\/EN 61000-6-1\/2\/3\/4, IEC\/EN 62109-1, IEC\/EN 62109-2<\/li>\n<\/ul>\n<h3>V\u0161eobecn\u00e9 \u00fadaje:<\/h3>\n<ul>\n<li><strong>Rozsah prev\u00e1dzkovej teploty (\u2103)<\/strong> : -40 ~ 60 \u2103 (pri&gt; 45\u2103 zn\u00ed\u017eenie)<\/li>\n<li><strong>Chladenie<\/strong> : Inteligentn\u00e9 chladenie<\/li>\n<li><strong>Hlu\u010dnos\u0165 (dB)<\/strong> ::&lt; 45 dB<\/li>\n<li><strong>Komunik\u00e1cia s BMS<\/strong> :RS485; CAN<\/li>\n<li><strong>Hmotnos\u0165 (kg)<\/strong> : 33.6<\/li>\n<li><strong>Ve\u013ekos\u0165 (mm)<\/strong> : 422 \u0160 \u00d7 702 V \u00d7 281 H<\/li>\n<li><strong>\u00darove\u0148 zabezpe\u010denia<\/strong> : IP65<\/li>\n<li><strong>\u0160t\u00fdl in\u0161tal\u00e1cie<\/strong> : N\u00e1stenn\u00e9<\/li>\n<li><a href=\"https:\/\/drive.google.com\/file\/d\/1AZX9Pp1Qowq_ZldEzmZIXeKJ15JJ4etB\/view?usp=sharing\" rel=\"nofollow noopener\" target=\"_blank\"><span style=\"color: #ff9900;\">Stiahnite si manu\u00e1l PDF<\/span><\/a><\/li>\n<li><a href=\"https:\/\/drive.google.com\/file\/d\/1AZX9Pp1Qowq_ZldEzmZIXeKJ15JJ4etB\/view?usp=sharing\" rel=\"nofollow noopener\" target=\"_blank\"><span style=\"color: #ff9900;\">Stiahnite si certifik\u00e1t<\/span><\/a><\/li>\n<\/ul>\n<p>&nbsp;<\/p>\n<p><strong>Z\u00e1sobn\u00edk energie 10KWH LUX-E-48200LG03 &#8211;<a href=\"http:\/\/magazyn-energii-10kwh-niskonapieciowy-lifepo4-felicityess-lpba48200-2\" rel=\"nofollow\"> Pozri<\/a><\/strong><\/p>\n<ul>\n<li>S\u00e9ria Strong je navrhnut\u00e1 pre reziden\u010dn\u00e9 a komer\u010dn\u00e9 aplik\u00e1cie na ukladanie energie s LiFePo4 bat\u00e9riou,<\/li>\n<li>ktor\u00e1 bola v\u0161eobecne uzn\u00e1van\u00e1 ako jedna z najbezpe\u010dnej\u0161\u00edch bat\u00e9riov\u00fdch technol\u00f3gi\u00ed.<\/li>\n<li>Vyu\u017eite\u013en\u00e1 kapacita 10 kWh<\/li>\n<li>Menovit\u00e9 nap\u00e4tie 51,2<\/li>\n<li>Rozsah nap\u00e4tia 48-57,6<\/li>\n<li>Odpor\u00fa\u010dan\u00e9 vyp\u00ednacie nap\u00e4tie nab\u00edjania 57.6<\/li>\n<li>Odpor\u00fa\u010dan\u00e9 vyp\u00ednacie nap\u00e4tie 48<\/li>\n<li>MAX Nab\u00edjac\u00ed a vyb\u00edjac\u00ed pr\u00fad 120 A pri 10S <\/li>\n<li>Odpor\u00fa\u010dan\u00fd nab\u00edjac\u00ed a vyb\u00edjac\u00ed pr\u00fad \u226480 A<\/li>\n<li>MAX. V\u00fdstupn\u00fd v\u00fdkon 6000W <\/li>\n<li>Odpor\u00fa\u010dan\u00fd v\u00fdstupn\u00fd v\u00fdkon 4000 W<\/li>\n<li>PRIDA\u0164&gt; 95 %<\/li>\n<li>Zapojenie modulov 1-12 paralelne<\/li>\n<li>Komunik\u00e1cia CAN a RS485<\/li>\n<li>Krytie IP21<\/li>\n<li>\u017divotnos\u0165 cyklu \u22656000 pri 25\u00b0C, 80% ADD<\/li>\n<li>Rozsah prev\u00e1dzkovej teploty Vyb\u00edjanie: -20\u00b0C a\u017e +60\u00b0C, Nab\u00edjanie: +0\u00b0C a\u017e +55\u00b0C<\/li>\n<li>\u010cist\u00e1 hmotnos\u0165 (kg) 70 5 kg<\/li>\n<li>Hrub\u00e1 hmotnos\u0165 (kg) 91 kg<\/li>\n<li>Rozmery produktu (mm) 755x600x160 mm<\/li>\n<li>Rozmery balenia (mm) 855x700x340 mm<\/li>\n<li style=\"text-align: left;\">Pou\u017eitie: jachty, \u010dlny, karavany, fotovoltaika, vetern\u00e9 farmy, skladovanie energie.<\/li>\n<li>Syst\u00e9m n\u00fadzov\u00e9ho osvetlenia, alarm, po\u017eiarna ochrana<\/li>\n<li><span style=\"color: #ff9900;\"><a style=\"color: #ff9900;\" href=\"https:\/\/digitalenergy.com.pl\/wp-content\/uploads\/2024\/10\/LUX-E-48200LG03-low-voltage-battery-user-guide.pdf\" target=\"_blank\" rel=\"noopener\">Stiahnite si manu\u00e1l PDF<\/a><\/span><\/li>\n<\/ul>\n","protected":false},"excerpt":{"rendered":"<p><strong>Invertor:<\/strong><\/p>\n<ul class=\"list is-size-6 is-weight-300\">\n<li>N\u00edzke nap\u00e4tie<\/li>\n<li>Hybridn\u00fd<\/li>\n<li>Po\u010det f\u00e1z: 3 f\u00e1zy<\/li>\n<li>Maxim\u00e1lny jednosmern\u00fd pr\u00edkon: 10400W <\/li>\n<li>Max. jednosmern\u00e9 vstupn\u00e9 nap\u00e4tie: 550V <\/li>\n<li>Maxim\u00e1lny AC v\u00fdstupn\u00fd v\u00fdkon: 8800W <\/li>\n<li>\u0160pi\u010dkov\u00fd AC v\u00fdstupn\u00fd v\u00fdkon: 16000W (10s)<\/li>\n<li>Rozsah nap\u00e4tia bat\u00e9rie: 40~60V<\/li>\n<li>Aplik\u00e1cia monitorovacieho syst\u00e9mu Fsolar<\/li>\n<li>\n<\/li>\n<\/ul>\n<p><strong>sklad:<\/strong><\/p>\n<ul>\n<li>N\u00edzke nap\u00e4tie<\/li>\n<li>10 ro\u010dn\u00e1 z\u00e1ruka<\/li>\n<li>Vyu\u017eite\u013en\u00e1 kapacita 10 kWh<\/li>\n<li>Aplik\u00e1cia monitorovacieho syst\u00e9mu Fsolar<\/li>\n<li>Pou\u017eitie: Jachty, \u010dlny, karavany, fotovoltaika, vetern\u00e9 elektr\u00e1rne, skladovanie energie. Syst\u00e9m n\u00fadzov\u00e9ho osvetlenia, alarm, po\u017eiarna ochrana <\/li>\n<\/ul>\n","protected":false},"featured_media":6065,"template":"","meta":[],"product_brand":[],"product_cat":[1096,349,405,650,635,634,641],"product_tag":[389,424,423,422,638,637,409,354,353,639,408,407,351],"class_list":{"0":"post-7021","1":"product","2":"type-product","3":"status-publish","4":"has-post-thumbnail","6":"product_cat-supravy","7":"product_cat-skladovanie-energie","8":"product_cat-invertory","9":"product_cat-vysoke-napatie-sk","10":"product_cat-nizke-napatie-sk","11":"product_cat-trojfazovy","12":"product_cat-jednofazovy-sk","13":"product_tag-10-kwh","14":"product_tag-3-fazovy-menic-sk-2","15":"product_tag-3-fazovy-sk","16":"product_tag-3-fazovy-menic-sk","17":"product_tag-deyee-sk","18":"product_tag-felicityess-sk","19":"product_tag-hybridny","20":"product_tag-lifepo4-sk","21":"product_tag-nizke-napatie","22":"product_tag-novost","23":"product_tag-striedac-sk","24":"product_tag-striedac","25":"product_tag-system-baterie","26":"product_shipping_class-7-dni-sk","28":"first","29":"onbackorder","30":"taxable","31":"shipping-taxable","32":"purchasable","33":"product-type-simple"},"_links":{"self":[{"href":"https:\/\/digitalenergy.com.pl\/sk\/wp-json\/wp\/v2\/product\/7021","targetHints":{"allow":["GET"]}}],"collection":[{"href":"https:\/\/digitalenergy.com.pl\/sk\/wp-json\/wp\/v2\/product"}],"about":[{"href":"https:\/\/digitalenergy.com.pl\/sk\/wp-json\/wp\/v2\/types\/product"}],"wp:featuredmedia":[{"embeddable":true,"href":"https:\/\/digitalenergy.com.pl\/sk\/wp-json\/wp\/v2\/media\/6065"}],"wp:attachment":[{"href":"https:\/\/digitalenergy.com.pl\/sk\/wp-json\/wp\/v2\/media?parent=7021"}],"wp:term":[{"taxonomy":"product_brand","embeddable":true,"href":"https:\/\/digitalenergy.com.pl\/sk\/wp-json\/wp\/v2\/product_brand?post=7021"},{"taxonomy":"product_cat","embeddable":true,"href":"https:\/\/digitalenergy.com.pl\/sk\/wp-json\/wp\/v2\/product_cat?post=7021"},{"taxonomy":"product_tag","embeddable":true,"href":"https:\/\/digitalenergy.com.pl\/sk\/wp-json\/wp\/v2\/product_tag?post=7021"}],"curies":[{"name":"wp","href":"https:\/\/api.w.org\/{rel}","templated":true}]}}