{"id":9760,"date":"2025-08-01T09:54:33","date_gmt":"2025-08-01T09:54:33","guid":{"rendered":"https:\/\/digitalenergy.com.pl\/?post_type=product&#038;p=9760"},"modified":"2025-08-01T09:54:54","modified_gmt":"2025-08-01T09:54:54","slug":"almacenamiento-de-energia-125kwh-lux-e-48250lg03-nuevo-kopia","status":"publish","type":"product","link":"https:\/\/digitalenergy.com.pl\/es\/almacenamiento-de-energia-125kwh-lux-e-48250lg03-nuevo-kopia\/","title":{"rendered":"Almacenamiento de energ\u00eda 12,5KWh LUX-E-48250LG03 Nuevo (Kopia)"},"content":{"rendered":"<p><strong>Almacenamiento de energ\u00eda 12,5 kWh LUX-E-48250LG03<\/strong><\/p>\n<ul>\n<li>Capacidad utilizable 12,5 kWh<\/li>\n<li>Capacidad nominal 250 Ah<\/li>\n<li>Tensi\u00f3n nominal 51,2<\/li>\n<li>Rango de voltaje 44,8-57,6 V<\/li>\n<li>Corriente de carga y descarga recomendada 100A<\/li>\n<li>Corriente m\u00e1xima de carga y descarga 150A<\/li>\n<li>Corriente m\u00e1xima de carga y descarga 200A a 15S<\/li>\n<li>Corriente de carga y descarga recomendada \u2264150A<\/li>\n<li>Descarga hasta el 95%<\/li>\n<li>Conexi\u00f3n de los m\u00f3dulos 1-6 en paralelo<\/li>\n<li>Comunicaci\u00f3n CAN y RS485<\/li>\n<li>Clase de protecci\u00f3n IP21<\/li>\n<li>Ciclo de vida \u22656000<\/li>\n<li>Rango de temperatura de funcionamiento<\/li>\n<li>Descarga: -20\u2103 a +55\u2103, Carga: +0\u00b0C a +55C<\/li>\n<li>Peso neto 92 KG<\/li>\n<li>Dimensiones del producto 783 x 450 x 274 m<\/li>\n<li>\n \t<\/li>\n<li><span style=\"color: #ff9900;\"><a style=\"color: #ff9900;\" href=\"https:\/\/digitalenergy.com.pl\/wp-content\/uploads\/2024\/06\/LUX-E-48230_48250LG03-low-voltage-battery-user-guide.pdf\" target=\"_blank\" rel=\"noopener\">Descargar manual en PDF<\/a><\/span><\/li>\n<\/ul>\n","protected":false},"excerpt":{"rendered":"<p>Bajo voltaje<br \/>\n Garant\u00eda de 10 a\u00f1os<br \/>\n Capacidad utilizable 12,5 kWh<br \/>\n Conexi\u00f3n de los m\u00f3dulos 1~6 en paralelo<br \/>\n Aplicaci\u00f3n del sistema de monitoreo Fsolar<br \/>\n Aplicaciones: Yates, barcos, autocaravanas, energ\u00eda fotovoltaica, parques e\u00f3licos, almacenamiento de energ\u00eda. Sistema de iluminaci\u00f3n de emergencia, alarma, protecci\u00f3n contra incendios. <\/p>\n","protected":false},"featured_media":7697,"template":"","meta":[],"product_brand":[],"product_cat":[36],"product_tag":[],"class_list":{"0":"post-9760","1":"product","2":"type-product","3":"status-publish","4":"has-post-thumbnail","6":"product_cat-magazyny-energii","8":"first","9":"instock","10":"taxable","11":"shipping-taxable","12":"purchasable","13":"product-type-simple"},"_links":{"self":[{"href":"https:\/\/digitalenergy.com.pl\/es\/wp-json\/wp\/v2\/product\/9760","targetHints":{"allow":["GET"]}}],"collection":[{"href":"https:\/\/digitalenergy.com.pl\/es\/wp-json\/wp\/v2\/product"}],"about":[{"href":"https:\/\/digitalenergy.com.pl\/es\/wp-json\/wp\/v2\/types\/product"}],"wp:featuredmedia":[{"embeddable":true,"href":"https:\/\/digitalenergy.com.pl\/es\/wp-json\/wp\/v2\/media\/7697"}],"wp:attachment":[{"href":"https:\/\/digitalenergy.com.pl\/es\/wp-json\/wp\/v2\/media?parent=9760"}],"wp:term":[{"taxonomy":"product_brand","embeddable":true,"href":"https:\/\/digitalenergy.com.pl\/es\/wp-json\/wp\/v2\/product_brand?post=9760"},{"taxonomy":"product_cat","embeddable":true,"href":"https:\/\/digitalenergy.com.pl\/es\/wp-json\/wp\/v2\/product_cat?post=9760"},{"taxonomy":"product_tag","embeddable":true,"href":"https:\/\/digitalenergy.com.pl\/es\/wp-json\/wp\/v2\/product_tag?post=9760"}],"curies":[{"name":"wp","href":"https:\/\/api.w.org\/{rel}","templated":true}]}}