{"id":9392,"date":"2025-05-29T09:23:48","date_gmt":"2025-05-29T09:23:48","guid":{"rendered":"https:\/\/digitalenergy.com.pl\/?post_type=product&#038;p=9392"},"modified":"2025-11-20T09:50:51","modified_gmt":"2025-11-20T09:50:51","slug":"magazyn-energii-enershare-2u-enp51100-5kwh","status":"publish","type":"product","link":"https:\/\/digitalenergy.com.pl\/es\/magazyn-energii-enershare-2u-enp51100-5kwh\/","title":{"rendered":"Magazyn Energii Enershare 2U ( ENP51100) 5kWh"},"content":{"rendered":"<h3><strong>Podstawowe parametry techniczne<\/strong><\/h3>\n<ul>\n<li><strong>Model<\/strong>: ENP51100<\/li>\n<li><strong>Napi\u0119cie znamionowe<\/strong>: 51.2 V<\/li>\n<li><strong>Pojemno\u015b\u0107 znamionowa<\/strong>: 5.12 kWh<\/li>\n<li><strong>Pojemno\u015b\u0107 u\u017cytkowa<\/strong>: 5 kWh<\/li>\n<li><strong>Zakres napi\u0119cia roboczego<\/strong>: 48\u201357.6 V<\/li>\n<li><strong>Pr\u0105d \u0142adowania\/roz\u0142adowania<\/strong>: 100 A (maksymalnie)<\/li>\n<li><strong>Moc znamionowa roz\u0142adowania<\/strong>: 2500 W<\/li>\n<li><strong>Maksymalna moc roz\u0142adowania<\/strong>: 5000 W<\/li>\n<li><strong>Wymiary (S\/G\/W)<\/strong>: 478 \u00d7 550 \u00d7 88 mm<\/li>\n<li><strong>Masa<\/strong>: ~40 kg<\/li>\n<li><strong>Stopie\u0144 ochrony<\/strong>: IP20<\/li>\n<li><strong>Temperatura pracy<\/strong>: -10\u00b0C do +50\u00b0C<\/li>\n<li><strong>Temperatura przechowywania<\/strong>: 20\u00b0C do +45\u00b0C<\/li>\n<li><strong>Cykl \u017cycia<\/strong>: &gt;6000 cykli (25\u00b0C, 90% DOD)<\/li>\n<li><strong>Mo\u017cliwo\u015b\u0107 po\u0142\u0105czenia r\u00f3wnoleg\u0142ego<\/strong>: Maksymalnie 16 pakiet\u00f3w<\/li>\n<li><strong>Komunikacja<\/strong>: CAN2.0, RS485<\/li>\n<li><strong>Gwarancja<\/strong>: 10 lat<\/li>\n<li><strong>Certyfikaty<\/strong>: IEC62619, CE, UN38.3, UL1973, FCC<\/li>\n<li><strong>Cechy dodatkowe<\/strong>:\n<ul>\n<li>Standardowy rozmiar 2U z przejrzystym i przyjaznym dla u\u017cytkownika panelem przednim<\/li>\n<li>Wiele opcji monta\u017cu: stoj\u0105cy, pionowy, \u015bcienny, rack<\/li>\n<li>Automatyczne rozpoznawanie ID i przypisanie do hosta, technologia inteligentnego po\u0142\u0105czenia r\u00f3wnoleg\u0142ego<\/li>\n<li>Inteligentna kontrola temperatury, kompatybilno\u015b\u0107 z bateriami o r\u00f3\u017cnym SOC i napi\u0119ciu<\/li>\n<li>Wysoka g\u0119sto\u015b\u0107 energii i efektywno\u015b\u0107 (do 90% energii u\u017cytkowej)<\/li>\n<li>Elastyczne opcje pojemno\u015bci: 5.12 kWh\u201382 kWh<\/li>\n<li>Modu\u0142owa konstrukcja, ch\u0142odzenie naturalne, do u\u017cytku wewn\u0119trznego<\/li>\n<li>Kompaktowy rozmiar i \u0142atwa instalacja<\/li>\n<\/ul>\n<\/li>\n<\/ul>\n","protected":false},"excerpt":{"rendered":"<ul>\n<li><strong>Wiele opcji monta\u017cu<\/strong>: stoj\u0105cy, pionowy, \u015bcienny, rack<\/li>\n<li><strong>Automatyczne rozpoznawanie ID<\/strong> i przypisanie do hosta, technologia inteligentnego po\u0142\u0105czenia r\u00f3wnoleg\u0142ego<\/li>\n<li><strong>Inteligentna kontrola temperatury<\/strong>, kompatybilno\u015b\u0107 z bateriami o r\u00f3\u017cnym SOC i napi\u0119ciu<\/li>\n<li><strong>Wysoka g\u0119sto\u015b\u0107 energii i efektywno\u015b\u0107<\/strong> (do 90% energii u\u017cytkowej)<\/li>\n<li><strong>Elastyczne opcje pojemno\u015bci<\/strong>: 5.12 kWh\u201382 kWh<\/li>\n<li><strong>Modu\u0142owa konstrukcja<\/strong>, ch\u0142odzenie naturalne, do u\u017cytku wewn\u0119trznego<\/li>\n<li><strong>Kompaktowy<\/strong> <strong>rozmiar i \u0142atwa instalacja<\/strong><\/li>\n<\/ul>\n","protected":false},"featured_media":9398,"template":"","meta":[],"product_brand":[],"product_cat":[1141,36,1134,707],"product_tag":[55,37,58,54,57,563,719,61],"class_list":{"0":"post-9392","1":"product","2":"type-product","3":"status-publish","4":"has-post-thumbnail","6":"product_cat-magazyn-energii-5-kwh","7":"product_cat-magazyny-energii","8":"product_cat-magazyn-energii-niskonapieciowy","9":"product_cat-zestawy","10":"product_tag-5-12kw","11":"product_tag-battery-system","12":"product_tag-lifepo4","13":"product_tag-magazyn-energii","14":"product_tag-niskonapieciowy","15":"product_tag-nowosc","16":"product_tag-oze","17":"product_tag-stackable","19":"first","20":"instock","21":"taxable","22":"shipping-taxable","23":"purchasable","24":"product-type-simple"},"_links":{"self":[{"href":"https:\/\/digitalenergy.com.pl\/es\/wp-json\/wp\/v2\/product\/9392","targetHints":{"allow":["GET"]}}],"collection":[{"href":"https:\/\/digitalenergy.com.pl\/es\/wp-json\/wp\/v2\/product"}],"about":[{"href":"https:\/\/digitalenergy.com.pl\/es\/wp-json\/wp\/v2\/types\/product"}],"wp:featuredmedia":[{"embeddable":true,"href":"https:\/\/digitalenergy.com.pl\/es\/wp-json\/wp\/v2\/media\/9398"}],"wp:attachment":[{"href":"https:\/\/digitalenergy.com.pl\/es\/wp-json\/wp\/v2\/media?parent=9392"}],"wp:term":[{"taxonomy":"product_brand","embeddable":true,"href":"https:\/\/digitalenergy.com.pl\/es\/wp-json\/wp\/v2\/product_brand?post=9392"},{"taxonomy":"product_cat","embeddable":true,"href":"https:\/\/digitalenergy.com.pl\/es\/wp-json\/wp\/v2\/product_cat?post=9392"},{"taxonomy":"product_tag","embeddable":true,"href":"https:\/\/digitalenergy.com.pl\/es\/wp-json\/wp\/v2\/product_tag?post=9392"}],"curies":[{"name":"wp","href":"https:\/\/api.w.org\/{rel}","templated":true}]}}