{"id":9108,"date":"2025-05-13T09:15:56","date_gmt":"2025-05-13T09:15:56","guid":{"rendered":"https:\/\/digitalenergy.com.pl\/?post_type=product&#038;p=9108"},"modified":"2025-11-20T10:01:52","modified_gmt":"2025-11-20T10:01:52","slug":"magazun-energii-haisic-15kwh-hs-ld15kw-a2","status":"publish","type":"product","link":"https:\/\/digitalenergy.com.pl\/es\/magazun-energii-haisic-15kwh-hs-ld15kw-a2\/","title":{"rendered":"Magazun Energii Haisic 15kWh HS-LD15KW-A2"},"content":{"rendered":"<p class=\"\" data-start=\"198\" data-end=\"233\"><strong data-start=\"198\" data-end=\"233\">Podstawowe parametry techniczne<\/strong><\/p>\n<p class=\"\" data-start=\"235\" data-end=\"796\"><strong data-start=\"235\" data-end=\"245\">Model:<\/strong> HS-LD15KW-A2<br data-start=\"258\" data-end=\"261\" \/><strong data-start=\"261\" data-end=\"285\">Napi\u0119cie znamionowe:<\/strong> 51,2 V<br data-start=\"292\" data-end=\"295\" \/><strong data-start=\"295\" data-end=\"318\">Pojemno\u015b\u0107 u\u017cytkowa:<\/strong> 14,34 kWh<br data-start=\"328\" data-end=\"331\" data-is-only-node=\"\" \/><strong data-start=\"331\" data-end=\"363\">Pr\u0105d \u0142adowania\/roz\u0142adowania:<\/strong><br data-start=\"363\" data-end=\"366\" \/>\u0141adowanie: 100 A<br data-start=\"382\" data-end=\"385\" \/>Roz\u0142adowanie: 200 A<br data-start=\"404\" data-end=\"407\" \/><strong data-start=\"407\" data-end=\"425\">Moc wyj\u015bciowa:<\/strong> 10 kW<br data-start=\"431\" data-end=\"434\" \/><strong data-start=\"434\" data-end=\"451\">Chemia ogniw:<\/strong> LiFePO\u2084 (litowo-\u017celazowo-fosforanowe)<br data-start=\"489\" data-end=\"492\" \/><strong data-start=\"492\" data-end=\"507\">Cykl \u017cycia:<\/strong> &gt;6000 cykli przy 80% DOD (0.5C @ 25\u00b0C)<br data-start=\"546\" data-end=\"549\" \/><strong data-start=\"549\" data-end=\"565\">Komunikacja:<\/strong> RS485, CAN<br data-start=\"576\" data-end=\"579\" \/><strong data-start=\"579\" data-end=\"607\">Ochrona przed wnikaniem:<\/strong> IP55<br data-start=\"612\" data-end=\"615\" \/><strong data-start=\"615\" data-end=\"637\">Zakres temperatur:<\/strong><br data-start=\"637\" data-end=\"640\" \/>\u0141adowanie: 0\u00b0C do +55\u00b0C<br data-start=\"663\" data-end=\"666\" \/>Roz\u0142adowanie: -20\u00b0C do +60\u00b0C<br data-start=\"694\" data-end=\"697\" \/><strong data-start=\"697\" data-end=\"709\">Wymiary:<\/strong> 50 \u00d7 23,3 \u00d7 81 cm<br data-start=\"727\" data-end=\"730\" \/><strong data-start=\"730\" data-end=\"739\">Masa:<\/strong> ~117,5 kg<br data-start=\"749\" data-end=\"752\" \/><strong data-start=\"752\" data-end=\"768\">Certyfikaty:<\/strong> CE, FCC, RoHS, UN38.3, MSDS<\/p>\n","protected":false},"excerpt":{"rendered":"<ol style=\"color: #404040;\" start=\"1\">\n<li><strong>Modu\u0142owa konstrukcja<\/strong> \u2013 Sk\u0142ada si\u0119 z <strong>8 modu\u0142\u00f3w 51.2V\/100Ah<\/strong>, umo\u017cliwiaj\u0105c \u0142atw\u0105 rozbudow\u0119 i serwisowanie.<\/li>\n<li><strong>Zdalne zarz\u0105dzanie<\/strong> \u2013 Integracja z aplikacj\u0105 Lithtech Cloud, WiFi i Bluetooth do monitoringu 24\/7.<\/li>\n<li><strong>Zaawansowany BMS<\/strong> \u2013 Zabezpieczenia przed prze\u0142adowaniem, zwarciem, przegrzaniem i g\u0142\u0119bokim roz\u0142adowaniem.<\/li>\n<\/ol>\n","protected":false},"featured_media":9182,"template":"","meta":[],"product_brand":[],"product_cat":[1143,1146,1192,1201,36,1134],"product_tag":[533,37,58,54,57,563,719],"class_list":{"0":"post-9108","1":"product","2":"type-product","3":"status-publish","4":"has-post-thumbnail","6":"product_cat-magazyn-energii-15-kwh","7":"product_cat-domowy-magazyn-energii","8":"product_cat-producenci","9":"product_cat-producent-haisic","10":"product_cat-magazyny-energii","11":"product_cat-magazyn-energii-niskonapieciowy","12":"product_tag-15kwh","13":"product_tag-battery-system","14":"product_tag-lifepo4","15":"product_tag-magazyn-energii","16":"product_tag-niskonapieciowy","17":"product_tag-nowosc","18":"product_tag-oze","20":"first","21":"outofstock","22":"taxable","23":"shipping-taxable","24":"purchasable","25":"product-type-simple"},"_links":{"self":[{"href":"https:\/\/digitalenergy.com.pl\/es\/wp-json\/wp\/v2\/product\/9108","targetHints":{"allow":["GET"]}}],"collection":[{"href":"https:\/\/digitalenergy.com.pl\/es\/wp-json\/wp\/v2\/product"}],"about":[{"href":"https:\/\/digitalenergy.com.pl\/es\/wp-json\/wp\/v2\/types\/product"}],"wp:featuredmedia":[{"embeddable":true,"href":"https:\/\/digitalenergy.com.pl\/es\/wp-json\/wp\/v2\/media\/9182"}],"wp:attachment":[{"href":"https:\/\/digitalenergy.com.pl\/es\/wp-json\/wp\/v2\/media?parent=9108"}],"wp:term":[{"taxonomy":"product_brand","embeddable":true,"href":"https:\/\/digitalenergy.com.pl\/es\/wp-json\/wp\/v2\/product_brand?post=9108"},{"taxonomy":"product_cat","embeddable":true,"href":"https:\/\/digitalenergy.com.pl\/es\/wp-json\/wp\/v2\/product_cat?post=9108"},{"taxonomy":"product_tag","embeddable":true,"href":"https:\/\/digitalenergy.com.pl\/es\/wp-json\/wp\/v2\/product_tag?post=9108"}],"curies":[{"name":"wp","href":"https:\/\/api.w.org\/{rel}","templated":true}]}}