{"id":7829,"date":"2024-10-25T10:42:48","date_gmt":"2024-10-25T10:42:48","guid":{"rendered":"https:\/\/digitalenergy.com.pl\/product\/inversor-deye-sun-12k-sg04lp3-eu-almacenamiento-de-energia-lux-y-48300lg01-de-15-kwh\/"},"modified":"2025-07-03T14:38:37","modified_gmt":"2025-07-03T14:38:37","slug":"inversor-deye-sun-12k-sg04lp3-eu-almacenamiento-de-energia-lux-y-48300lg01-de-15-kwh","status":"publish","type":"product","link":"https:\/\/digitalenergy.com.pl\/es\/inversor-deye-sun-12k-sg04lp3-eu-almacenamiento-de-energia-lux-y-48300lg01-de-15-kwh\/","title":{"rendered":"Inversor Deye SUN-12K-SG04LP3-EU + Almacenamiento de energ\u00eda Lux-Y-48300LG01 de 15 kWh"},"content":{"rendered":"<p><strong>Inversor Deye SUN-12K-SG04LP3-EU &#8211;<a href=\"https:\/\/digitalenergy.com.pl\/es\/produkt\/inversor-deye-sun-12k-sg04lp3-eu\/\"> Mirar<\/a><\/strong><\/p>\n<p>Deye SUN-12K-SG04LP3-EU es un inversor h\u00edbrido avanzado ideal para sistemas fotovoltaicos modernos. A continuaci\u00f3n se detallan los par\u00e1metros t\u00e9cnicos: <\/p>\n<h3>Par\u00e1metros t\u00e9cnicos:<\/h3>\n<p><strong>N\u00famero de fases<\/strong> :3 fases<\/p>\n<p><strong>Potencia m\u00e1xima de entrada de CC <\/strong>:15600 W<\/p>\n<p><strong>Voltaje m\u00e1ximo de entrada de CC <\/strong>:800 V<\/p>\n<p><strong>Potencia m\u00e1xima de salida de CA <\/strong>:13200 W<\/p>\n<p><strong>Potencia m\u00e1xima de salida de CA<\/strong> :24000 W (10 s)<\/p>\n<p><strong>Rango de voltaje de la bater\u00eda<\/strong> :40~60 V<\/p>\n<h3>Datos de entrada de la bater\u00eda:<\/h3>\n<p><strong>Tipo de bater\u00eda<\/strong> :Plomo \u00e1cido o ion de litio<\/p>\n<p><strong>Rango de voltaje de la bater\u00eda (V)<\/strong> :40~60 V<\/p>\n<p><strong>Corriente m\u00e1xima de carga (A) <\/strong>:240A<\/p>\n<p><strong>Corriente m\u00e1xima de descarga (A) <\/strong>:2400A<\/p>\n<p><strong>Curva de carga<\/strong> :3 etapas\/alineaci\u00f3n<\/p>\n<p><strong>Sensor de temperatura externo<\/strong> : S\u00ed<\/p>\n<p><strong>Estrategia de carga de bater\u00edas de iones de litio<\/strong> :Autoadaptaci\u00f3n al BMS<\/p>\n<h3>Datos de entrada de la cadena fotovoltaica:<\/h3>\n<p><strong>Potencia m\u00e1xima de entrada de CC (W) <\/strong>:15600 W<\/p>\n<p><strong>Tensi\u00f3n de entrada fotovoltaica nominal (V)<\/strong> :550 V (160 V ~ 800 V)<\/p>\n<p><strong>Voltaje de arranque (V)<\/strong> :160 V<\/p>\n<p><strong>Rango MPPT (V)<\/strong> :200 V-650 V<\/p>\n<p><strong>Rango de voltaje de carga completa de CC (V)<\/strong> :350V-650V<\/p>\n<p><strong>Corriente de entrada fotovoltaica (A)<\/strong> :13 A<\/p>\n<p><strong>M\u00e1ximo ISC PV (A) <\/strong>: 17 A<\/p>\n<p><strong>N\u00famero de MPPT\/Cadenas por MPPT<\/strong> :2\/1<\/p>\n<h3>Datos de salida de CA:<\/h3>\n<p><strong>Potencia de salida de CA nominal y potencia del SAI (W)<\/strong> :12000 W<\/p>\n<p><strong>Potencia m\u00e1xima de salida de CA (W) <\/strong>:13200 W<\/p>\n<p><strong>Potencia m\u00e1xima (fuera de la red)<\/strong> : 2 veces la potencia nominal, 10 s<\/p>\n<p><strong>Corriente de salida CA nominal (A)<\/strong> :18.2\/17.4<\/p>\n<p><strong>Corriente CA m\u00e1xima (A) <\/strong>: 27.3\/26.1<\/p>\n<p><strong>Flujo m\u00e1ximo de corriente CA continua (A) <\/strong>:50A<\/p>\n<p><strong>Factor de potencia<\/strong> :0,8 (provoca un retraso de 0,8)<\/p>\n<p><strong>Frecuencia y voltaje de salida<\/strong> :50\/60 Hz; 3L\/N\/PE 220\/380 V CA (230\/400 V CA)<\/p>\n<p><strong>Tipo de malla<\/strong> : Trif\u00e1sico<\/p>\n<p><strong>Distorsi\u00f3n arm\u00f3nica de corriente (THD)<\/strong> :&lt; 3% (carga lineal&lt; 0,5%)<\/p>\n<h3>Eficiencia:<\/h3>\n<ul>\n<li><strong>M\u00e1xima eficiencia <\/strong>: 97.60%<\/li>\n<li><strong>Eficiencia en euros<\/strong> :97,00%<\/li>\n<li><strong>Eficiencia MPPT<\/strong> :99,90%<\/li>\n<\/ul>\n<h3>Seguridad:<\/h3>\n<ul>\n<li>Protecci\u00f3n contra rayos de entrada fotovoltaica: integrada<\/li>\n<li>Protecci\u00f3n de islas: Integrada<\/li>\n<li>Protecci\u00f3n contra polaridad inversa de entrada de cadena fotovoltaica: Integrada<\/li>\n<li>Detecci\u00f3n de resistencia de aislamiento: integrada<\/li>\n<li>Unidad de Monitoreo de Corriente Residual: Integrada<\/li>\n<li>Protecci\u00f3n contra sobrecorriente de salida: integrada<\/li>\n<li>Protecci\u00f3n contra cortocircuitos de salida: integrada<\/li>\n<li>Protecci\u00f3n contra sobretensi\u00f3n de salida: integrada<\/li>\n<li>Protecci\u00f3n contra sobretensiones DC tipo II \/ AC tipo II<\/li>\n<\/ul>\n<h3>Certificados y normas:<\/h3>\n<ul>\n<li>Regulaci\u00f3n de red: CEI 0-21, VDE-AR-N 4105, NRS 097, IEC 62116, IEC 61727, G99, G98, VDE 0126-1-1, RD 1699, C10-11<\/li>\n<li>Seguridad EMC \/ Est\u00e1ndar: IEC\/EN 61000-6-1\/2\/3\/4, IEC\/EN 62109-1, IEC\/EN 62109-2<\/li>\n<\/ul>\n<h3>Datos generales:<\/h3>\n<ul>\n<li><strong>Rango de temperatura de funcionamiento (\u2103)<\/strong> : -40 ~ 60 \u2103 (a&gt; reducci\u00f3n de potencia de 45 \u2103)<\/li>\n<li><strong>Enfriamiento<\/strong> : Refrigeraci\u00f3n inteligente<\/li>\n<li><strong>Ruido (dB)<\/strong> :&lt; 45 dB<\/li>\n<li><strong>Comunicaci\u00f3n con BMS<\/strong> :RS485; PODER<\/li>\n<li><strong>Peso (kg)<\/strong> :33.6<\/li>\n<li><strong>Tama\u00f1o (mm)<\/strong> : 422 ancho x 702 alto x 281 profundidad<\/li>\n<li><strong>Nivel de seguridad<\/strong> :IP65<\/li>\n<li><strong>Estilo de instalaci\u00f3n<\/strong> :Montado en la pared<\/li>\n<li>\n \t<\/li>\n<li><span style=\"color: #ff9900;\"><a style=\"color: #ff9900;\" href=\"https:\/\/drive.google.com\/file\/d\/1AZX9Pp1Qowq_ZldEzmZIXeKJ15JJ4etB\/view?usp=sharing\" rel=\"nofollow noopener\" target=\"_blank\">Descargar manual en PDF<\/a><\/span><\/li>\n<li><span style=\"color: #ff9900;\"><a style=\"color: #ff9900;\" href=\"https:\/\/drive.google.com\/file\/d\/1AZX9Pp1Qowq_ZldEzmZIXeKJ15JJ4etB\/view?usp=sharing\" rel=\"nofollow noopener\" target=\"_blank\">Descargar certificado<\/a><\/span><\/li>\n<\/ul>\n<p>&nbsp;<\/p>\n<p class=\"product_title entry-title\"><strong>Almacenamiento de energ\u00eda 15KWh LUX-Y-48300LG01 &#8211;<a href=\"https:\/\/digitalenergy.com.pl\/es\/produkt\/almacenamiento-de-energia-15-kwh-lux-y-48300lg01\/\"> Mirar<\/a><\/strong><\/p>\n<ul>\n<li>Modelo Lux-Y-48300LG01<\/li>\n<li>Capacidad utilizable 15 kWh<\/li>\n<li>Tensi\u00f3n nominal 51,2 V<\/li>\n<li>Rango de voltaje 48-57,6 V<\/li>\n<li>M\u00c1XIMO Corriente de carga y descarga 200A a 15S <\/li>\n<li>Corriente de carga y descarga recomendada \u2264120 A<\/li>\n<li>M\u00c1XIMO Potencia de salida 10.000 W <\/li>\n<li>Potencia de salida recomendada 6000 W<\/li>\n<li>DOD \u226595%<\/li>\n<li>Conexi\u00f3n de los m\u00f3dulos 1~6 en paralelo<\/li>\n<li>Comunicaci\u00f3n CAN y RS485<\/li>\n<li>Grado de protecci\u00f3n IP21<\/li>\n<li>Ciclo de vida \u22656000 a 25 \u00b0C, 80 % DOD<\/li>\n<li>Rango de temperatura de funcionamiento Descarga: -20 \u00b0C a +65 \u00b0C, Carga: +0 \u00b0C a +55 \u00b0C<\/li>\n<li>Peso neto (kg) 135kg bruto 160kg.<\/li>\n<li>Dimensiones del producto (mm) 480*1100*300 mm<\/li>\n<li>Dimensiones del paquete (mm) 498*4501150*635 mm<\/li>\n<\/ul>\n<p>&nbsp;<\/p>\n<ul>\n<li><span style=\"color: #ff9900;\"><a style=\"color: #ff9900;\" href=\"https:\/\/digitalenergy.com.pl\/wp-content\/uploads\/2024\/09\/LUX-Y-48300LG01-user-guide-Polish-version.pdf\" target=\"_blank\" rel=\"noopener\">Descargar manual en PDF<\/a><\/span><\/li>\n<li style=\"list-style-type: none;\">\n<\/li>\n<\/ul>\n","protected":false},"excerpt":{"rendered":"<p><strong>Inversor:<\/strong><\/p>\n<ul class=\"list is-size-6 is-weight-300\">\n<li>Bajo voltaje<\/li>\n<li>H\u00edbrido<\/li>\n<li>3 fases<\/li>\n<li>N\u00famero de fases: 3 Fases<\/li>\n<li>Potencia m\u00e1xima de entrada de CC: 15600 W <\/li>\n<li>Voltaje m\u00e1ximo de entrada de CC: 800 V <\/li>\n<li>Potencia m\u00e1xima de salida de CA: 13200 W <\/li>\n<li>Potencia m\u00e1xima de salida de CA: 24000 W (10 s)<\/li>\n<li>Rango de voltaje de la bater\u00eda: 40 ~ 60 V<\/li>\n<li>Aplicaci\u00f3n del sistema de monitoreo Fsolar<\/li>\n<\/ul>\n<p><strong>Dep\u00f3sito:<\/strong><\/p>\n<ul>\n<li>Bajo voltaje<\/li>\n<li>Garant\u00eda de 10 a\u00f1os<\/li>\n<li>Capacidad utilizable 10 kWh<\/li>\n<li>Aplicaci\u00f3n del sistema de monitoreo Fsolar<\/li>\n<li>Aplicaciones: Yates, barcos, autocaravanas, energ\u00eda fotovoltaica, parques e\u00f3licos, almacenamiento de energ\u00eda. Sistema de iluminaci\u00f3n de emergencia, alarma, protecci\u00f3n contra incendios. <\/li>\n<\/ul>\n","protected":false},"featured_media":7830,"template":"","meta":[],"product_brand":[],"product_cat":[847,747,767,840,802,801,808],"product_tag":[807,751,849,848,797,794,795,796,792,752,850,749,793],"class_list":{"0":"post-7829","1":"product","2":"type-product","3":"status-publish","4":"has-post-thumbnail","6":"product_cat-conjuntos","7":"product_cat-almacenamiento-de-energia","8":"product_cat-inversores","9":"product_cat-alto-voltaje-es","10":"product_cat-bajo-voltaje-es","11":"product_cat-trifasico","12":"product_cat-monofasica","13":"product_tag-15-kwh-es","14":"product_tag-bajo-voltaje","15":"product_tag-deye-es","16":"product_tag-felicityess-es","17":"product_tag-hibrido","18":"product_tag-inversor-es","19":"product_tag-inversor-es-2","20":"product_tag-inversor-trifasico-es","21":"product_tag-inversor-trifasico","22":"product_tag-lifepo4-es","23":"product_tag-novedad","24":"product_tag-sistema-de-bateria","25":"product_tag-trifasico","26":"product_shipping_class-7-dias","28":"first","29":"onbackorder","30":"taxable","31":"shipping-taxable","32":"purchasable","33":"product-type-simple"},"_links":{"self":[{"href":"https:\/\/digitalenergy.com.pl\/es\/wp-json\/wp\/v2\/product\/7829","targetHints":{"allow":["GET"]}}],"collection":[{"href":"https:\/\/digitalenergy.com.pl\/es\/wp-json\/wp\/v2\/product"}],"about":[{"href":"https:\/\/digitalenergy.com.pl\/es\/wp-json\/wp\/v2\/types\/product"}],"wp:featuredmedia":[{"embeddable":true,"href":"https:\/\/digitalenergy.com.pl\/es\/wp-json\/wp\/v2\/media\/7830"}],"wp:attachment":[{"href":"https:\/\/digitalenergy.com.pl\/es\/wp-json\/wp\/v2\/media?parent=7829"}],"wp:term":[{"taxonomy":"product_brand","embeddable":true,"href":"https:\/\/digitalenergy.com.pl\/es\/wp-json\/wp\/v2\/product_brand?post=7829"},{"taxonomy":"product_cat","embeddable":true,"href":"https:\/\/digitalenergy.com.pl\/es\/wp-json\/wp\/v2\/product_cat?post=7829"},{"taxonomy":"product_tag","embeddable":true,"href":"https:\/\/digitalenergy.com.pl\/es\/wp-json\/wp\/v2\/product_tag?post=7829"}],"curies":[{"name":"wp","href":"https:\/\/api.w.org\/{rel}","templated":true}]}}