{"id":7714,"date":"2024-06-28T13:04:31","date_gmt":"2024-06-28T13:04:31","guid":{"rendered":"https:\/\/digitalenergy.com.pl\/product\/almacenamiento-de-energia-15-kwh-lux-y-48300lg01\/"},"modified":"2024-06-28T13:04:31","modified_gmt":"2024-06-28T13:04:31","slug":"almacenamiento-de-energia-15-kwh-lux-y-48300lg01","status":"publish","type":"product","link":"https:\/\/digitalenergy.com.pl\/es\/almacenamiento-de-energia-15-kwh-lux-y-48300lg01\/","title":{"rendered":"Almacenamiento de energ\u00eda 15 kWh Lux-Y-48300LG01"},"content":{"rendered":"<ul>\n<li>Modelo Lux-Y-48300LG01<\/li>\n<li>Capacidad utilizable 15 kWh<\/li>\n<li>Tensi\u00f3n nominal 51,2 V<\/li>\n<li>Rango de voltaje 48-57,6 V<\/li>\n<li>M\u00c1XIMO Corriente de carga y descarga 200A a 15S <\/li>\n<li>Corriente de carga y descarga recomendada \u2264120 A<\/li>\n<li>M\u00c1XIMO Potencia de salida 10.000 W <\/li>\n<li>Potencia de salida recomendada 6000 W<\/li>\n<li>DOD \u226595%<\/li>\n<li>Conexi\u00f3n de los m\u00f3dulos 1~6 en paralelo<\/li>\n<li>Comunicaci\u00f3n CAN y RS485<\/li>\n<li>Grado de protecci\u00f3n IP21<\/li>\n<li>Ciclo de vida \u22656000 a 25 \u00b0C, 80 % DOD<\/li>\n<li>Rango de temperatura de funcionamiento Descarga: -20 \u00b0C a +65 \u00b0C, Carga: +0 \u00b0C a +55 \u00b0C<\/li>\n<li>Peso neto (kg) 135kg bruto 160kg.<\/li>\n<li>Dimensiones del producto (mm) 480*1100*300 mm<\/li>\n<li>Dimensiones del paquete (mm) 498*4501150*635 mm<\/li>\n<\/ul>\n<ul>\n<li><span style=\"color: #ff9900;\"><a style=\"color: #ff9900;\" href=\"https:\/\/digitalenergy.com.pl\/wp-content\/uploads\/2024\/09\/LUX-Y-48300LG01-user-guide-Polish-version.pdf\" target=\"_blank\" rel=\"noopener\">Descargar manual en PDF<\/a><\/span><\/li>\n<\/ul>\n","protected":false},"excerpt":{"rendered":"<p>Bajo voltaje<br \/>\n Garant\u00eda de 10 a\u00f1os<br \/>\n Capacidad utilizable 15 kWh<br \/>\n Conexi\u00f3n de 1 a 15 m\u00f3dulos en paralelo<br \/>\n Aplicaci\u00f3n del sistema de monitoreo Fsolar<br \/>\n Aplicaciones: Yates, barcos, autocaravanas, energ\u00eda fotovoltaica, parques e\u00f3licos, almacenamiento de energ\u00eda. Sistema de iluminaci\u00f3n de emergencia, alarma, protecci\u00f3n contra incendios. <\/p>\n","protected":false},"featured_media":7716,"template":"","meta":[],"product_brand":[],"product_cat":[747],"product_tag":[807,750,751,785,752,780,782,786,787,806,805,749],"class_list":{"0":"post-7714","1":"product","2":"type-product","3":"status-publish","4":"has-post-thumbnail","6":"product_cat-almacenamiento-de-energia","7":"product_tag-15-kwh-es","8":"product_tag-almacenamiento-de-energia","9":"product_tag-bajo-voltaje","10":"product_tag-fsolar-es","11":"product_tag-lifepo4-es","12":"product_tag-lpba48200-es","13":"product_tag-lpbf48250-es","14":"product_tag-lpbf48300-15-kwh","15":"product_tag-lpbf48500-25-kwh","16":"product_tag-lux-y-48280-es","17":"product_tag-lux-y-48300lg01-es","18":"product_tag-sistema-de-bateria","20":"first","21":"onbackorder","22":"taxable","23":"shipping-taxable","24":"purchasable","25":"product-type-simple"},"_links":{"self":[{"href":"https:\/\/digitalenergy.com.pl\/es\/wp-json\/wp\/v2\/product\/7714","targetHints":{"allow":["GET"]}}],"collection":[{"href":"https:\/\/digitalenergy.com.pl\/es\/wp-json\/wp\/v2\/product"}],"about":[{"href":"https:\/\/digitalenergy.com.pl\/es\/wp-json\/wp\/v2\/types\/product"}],"wp:featuredmedia":[{"embeddable":true,"href":"https:\/\/digitalenergy.com.pl\/es\/wp-json\/wp\/v2\/media\/7716"}],"wp:attachment":[{"href":"https:\/\/digitalenergy.com.pl\/es\/wp-json\/wp\/v2\/media?parent=7714"}],"wp:term":[{"taxonomy":"product_brand","embeddable":true,"href":"https:\/\/digitalenergy.com.pl\/es\/wp-json\/wp\/v2\/product_brand?post=7714"},{"taxonomy":"product_cat","embeddable":true,"href":"https:\/\/digitalenergy.com.pl\/es\/wp-json\/wp\/v2\/product_cat?post=7714"},{"taxonomy":"product_tag","embeddable":true,"href":"https:\/\/digitalenergy.com.pl\/es\/wp-json\/wp\/v2\/product_tag?post=7714"}],"curies":[{"name":"wp","href":"https:\/\/api.w.org\/{rel}","templated":true}]}}