{"id":7666,"date":"2024-04-10T09:39:30","date_gmt":"2024-04-10T09:39:30","guid":{"rendered":"https:\/\/digitalenergy.com.pl\/product\/almacenamiento-de-energia-25kwh-lpba48500\/"},"modified":"2024-04-10T09:39:30","modified_gmt":"2024-04-10T09:39:30","slug":"almacenamiento-de-energia-25kwh-lpba48500","status":"publish","type":"product","link":"https:\/\/digitalenergy.com.pl\/es\/almacenamiento-de-energia-25kwh-lpba48500\/","title":{"rendered":"Almacenamiento de energ\u00eda 25KWh LPBA48500"},"content":{"rendered":"<p><strong>Almacenamiento de energ\u00eda 25KWh<\/strong><\/p>\n<ul>\n<li>Modelo LPBA48500<\/li>\n<li>Capacidad utilizable 25 kWh<\/li>\n<li>Tensi\u00f3n nominal 51,2 V<\/li>\n<li>Rango de voltaje 48-57,6 V<\/li>\n<li>M\u00c1XIMO Corriente de carga y descarga 300A a 15S <\/li>\n<li>Corriente de carga y descarga recomendada \u2264200 A<\/li>\n<li>M\u00c1XIMO Potencia de salida 10.000 W <\/li>\n<li>DOD \u226595%<\/li>\n<li>Conexi\u00f3n de 1~12 m\u00f3dulos en paralelo (300kWh)<\/li>\n<li>Comunicaci\u00f3n CAN y RS485<\/li>\n<li>Grado de protecci\u00f3n IP21<\/li>\n<li>Ciclo de vida \u22656000 a 25 \u00b0C, 80 % DOD<\/li>\n<li>Rango de temperatura de funcionamiento Descarga: -20 \u00b0C a +60 \u00b0C, Carga: +0 \u00b0C a +55 \u00b0C<\/li>\n<\/ul>\n<p>&nbsp;<\/p>\n<ul>\n<li><span style=\"color: #ff9900;\"><a style=\"color: #ff9900;\" href=\"https:\/\/drive.google.com\/file\/d\/130fqk1aYnq_dthc4Ukc3q1Es__XOZB_q\/view?usp=sharing\" target=\"_blank\" rel=\"noopener nofollow\">Descargar manual en PDF<\/a><\/span><\/li>\n<\/ul>\n","protected":false},"excerpt":{"rendered":"<ul>\n<li>Bajo voltaje<\/li>\n<li>Garant\u00eda de 7 a\u00f1os<\/li>\n<li>Capacidad utilizable 25 kWh<\/li>\n<li>Conexi\u00f3n de 1 a 12 m\u00f3dulos en paralelo<\/li>\n<li>Aplicaci\u00f3n del sistema de monitoreo Fsolar<\/li>\n<li>Aplicaciones: Yates, barcos, autocaravanas, energ\u00eda fotovoltaica, parques e\u00f3licos, almacenamiento de energ\u00eda. Sistema de iluminaci\u00f3n de emergencia, alarma, protecci\u00f3n contra incendios. <\/li>\n<\/ul>\n","protected":false},"featured_media":7674,"template":"","meta":[],"product_brand":[],"product_cat":[747],"product_tag":[784,788,750,751,785,752,780,790,782,786,789,787,749],"class_list":{"0":"post-7666","1":"product","2":"type-product","3":"status-publish","4":"has-post-thumbnail","6":"product_cat-almacenamiento-de-energia","7":"product_tag-125-kwh-es","8":"product_tag-25-kwh-es","9":"product_tag-almacenamiento-de-energia","10":"product_tag-bajo-voltaje","11":"product_tag-fsolar-es","12":"product_tag-lifepo4-es","13":"product_tag-lpba48200-es","14":"product_tag-lpba48500-es","15":"product_tag-lpbf48250-es","16":"product_tag-lpbf48300-15-kwh","17":"product_tag-lpbf48500-es","18":"product_tag-lpbf48500-25-kwh","19":"product_tag-sistema-de-bateria","21":"first","22":"onbackorder","23":"taxable","24":"shipping-taxable","25":"purchasable","26":"product-type-simple"},"_links":{"self":[{"href":"https:\/\/digitalenergy.com.pl\/es\/wp-json\/wp\/v2\/product\/7666","targetHints":{"allow":["GET"]}}],"collection":[{"href":"https:\/\/digitalenergy.com.pl\/es\/wp-json\/wp\/v2\/product"}],"about":[{"href":"https:\/\/digitalenergy.com.pl\/es\/wp-json\/wp\/v2\/types\/product"}],"wp:featuredmedia":[{"embeddable":true,"href":"https:\/\/digitalenergy.com.pl\/es\/wp-json\/wp\/v2\/media\/7674"}],"wp:attachment":[{"href":"https:\/\/digitalenergy.com.pl\/es\/wp-json\/wp\/v2\/media?parent=7666"}],"wp:term":[{"taxonomy":"product_brand","embeddable":true,"href":"https:\/\/digitalenergy.com.pl\/es\/wp-json\/wp\/v2\/product_brand?post=7666"},{"taxonomy":"product_cat","embeddable":true,"href":"https:\/\/digitalenergy.com.pl\/es\/wp-json\/wp\/v2\/product_cat?post=7666"},{"taxonomy":"product_tag","embeddable":true,"href":"https:\/\/digitalenergy.com.pl\/es\/wp-json\/wp\/v2\/product_tag?post=7666"}],"curies":[{"name":"wp","href":"https:\/\/api.w.org\/{rel}","templated":true}]}}