{"id":7628,"date":"2024-03-19T16:02:35","date_gmt":"2024-03-19T16:02:35","guid":{"rendered":"https:\/\/digitalenergy.com.pl\/product\/almacenamiento-de-energia-10kwh-lux-e-48200lg03\/"},"modified":"2024-03-19T16:02:35","modified_gmt":"2024-03-19T16:02:35","slug":"almacenamiento-de-energia-10kwh-lux-e-48200lg03","status":"publish","type":"product","link":"https:\/\/digitalenergy.com.pl\/es\/almacenamiento-de-energia-10kwh-lux-e-48200lg03\/","title":{"rendered":"Almacenamiento de energ\u00eda 10kWh LUX-E-48200LG03"},"content":{"rendered":"<ul>\n<li>Descripci\u00f3n del Producto<\/li>\n<li>La serie Strong est\u00e1 dise\u00f1ada para aplicaciones de almacenamiento de energ\u00eda residencial y comercial con una bater\u00eda LiFePo4,<\/li>\n<li>que ha sido ampliamente reconocida como una de las tecnolog\u00edas de bater\u00eda m\u00e1s seguras.<\/li>\n<li>Capacidad utilizable 10 kWh<\/li>\n<li>Tensi\u00f3n nominal 51,2<\/li>\n<li>Rango de voltaje 48-57,6<\/li>\n<li>Tensi\u00f3n de corte de carga recomendada 57,6<\/li>\n<li>Tensi\u00f3n de corte de descarga recomendada 48<\/li>\n<li>M\u00c1XIMO Corriente de carga y descarga 120 A a 10S <\/li>\n<li>Corriente de carga y descarga recomendada \u226480 A<\/li>\n<li>M\u00c1XIMO Potencia de salida 6000 W <\/li>\n<li>Potencia de salida recomendada 4000 W<\/li>\n<li>Departamento de Defensa&gt; 95%<\/li>\n<li>Conexi\u00f3n de los m\u00f3dulos 1-12 en paralelo<\/li>\n<li>Comunicaci\u00f3n CAN y RS485<\/li>\n<li>Protecci\u00f3n IP21<\/li>\n<li>Ciclo de vida \u22656000 a 25 \u00b0C, 80 % DOD<\/li>\n<li>Rango de temperatura de funcionamiento Descarga: -20 \u00b0C a +60 \u00b0C, Carga: +0 \u00b0C a +55 \u00b0C<\/li>\n<li>Peso neto (kg) 70 5 kg<\/li>\n<li>Peso bruto (kg) 91 kg<\/li>\n<li>Dimensiones del producto (mm) 755x600x160 mm<\/li>\n<li>Dimensiones del paquete (mm) 855x700x340 mm<\/li>\n<li style=\"text-align: left;\">Aplicaciones: yates, barcos, autocaravanas, energ\u00eda fotovoltaica, parques e\u00f3licos, instalaciones de almacenamiento de energ\u00eda.<\/li>\n<li>Sistema de iluminaci\u00f3n de emergencia, alarma, protecci\u00f3n contra incendios.<\/li>\n<\/ul>\n<p>&nbsp;<\/p>\n<ul>\n<li><span style=\"color: #ff9900;\"><a style=\"color: #ff9900;\" href=\"https:\/\/digitalenergy.com.pl\/wp-content\/uploads\/2024\/10\/LUX-E-48200LG03-low-voltage-battery-user-guide.pdf\" target=\"_blank\" rel=\"noopener\">Descargar manual en PDF<\/a><\/span><\/li>\n<\/ul>\n","protected":false},"excerpt":{"rendered":"<p>Bajo voltaje<br \/>\n Garant\u00eda de 10 a\u00f1os<br \/>\n Capacidad utilizable 10 kWh<br \/>\n Aplicaci\u00f3n del sistema de monitoreo Fsolar<br \/>\n Aplicaciones: Yates, barcos, autocaravanas, energ\u00eda fotovoltaica, parques e\u00f3licos, almacenamiento de energ\u00eda. Sistema de iluminaci\u00f3n de emergencia, alarma, protecci\u00f3n contra incendios. <\/p>\n","protected":false},"featured_media":7629,"template":"","meta":[],"product_brand":[],"product_cat":[747],"product_tag":[781,750,751,779,752,776,780,749],"class_list":{"0":"post-7628","1":"product","2":"type-product","3":"status-publish","4":"has-post-thumbnail","6":"product_cat-almacenamiento-de-energia","7":"product_tag-10-kwh-es","8":"product_tag-almacenamiento-de-energia","9":"product_tag-bajo-voltaje","10":"product_tag-felicityess-lpba48200-es","11":"product_tag-lifepo4-es","12":"product_tag-lpba48100-ol-es","13":"product_tag-lpba48200-es","14":"product_tag-sistema-de-bateria","16":"first","17":"onbackorder","18":"taxable","19":"shipping-taxable","20":"purchasable","21":"product-type-simple"},"_links":{"self":[{"href":"https:\/\/digitalenergy.com.pl\/es\/wp-json\/wp\/v2\/product\/7628","targetHints":{"allow":["GET"]}}],"collection":[{"href":"https:\/\/digitalenergy.com.pl\/es\/wp-json\/wp\/v2\/product"}],"about":[{"href":"https:\/\/digitalenergy.com.pl\/es\/wp-json\/wp\/v2\/types\/product"}],"wp:featuredmedia":[{"embeddable":true,"href":"https:\/\/digitalenergy.com.pl\/es\/wp-json\/wp\/v2\/media\/7629"}],"wp:attachment":[{"href":"https:\/\/digitalenergy.com.pl\/es\/wp-json\/wp\/v2\/media?parent=7628"}],"wp:term":[{"taxonomy":"product_brand","embeddable":true,"href":"https:\/\/digitalenergy.com.pl\/es\/wp-json\/wp\/v2\/product_brand?post=7628"},{"taxonomy":"product_cat","embeddable":true,"href":"https:\/\/digitalenergy.com.pl\/es\/wp-json\/wp\/v2\/product_cat?post=7628"},{"taxonomy":"product_tag","embeddable":true,"href":"https:\/\/digitalenergy.com.pl\/es\/wp-json\/wp\/v2\/product_tag?post=7628"}],"curies":[{"name":"wp","href":"https:\/\/api.w.org\/{rel}","templated":true}]}}