{"id":7618,"date":"2024-03-19T15:17:07","date_gmt":"2024-03-19T15:17:07","guid":{"rendered":"https:\/\/digitalenergy.com.pl\/product\/almacenamiento-de-energia-512-kwh-lux-e-48100lg03\/"},"modified":"2024-03-19T15:17:07","modified_gmt":"2024-03-19T15:17:07","slug":"almacenamiento-de-energia-512-kwh-lux-e-48100lg03","status":"publish","type":"product","link":"https:\/\/digitalenergy.com.pl\/es\/almacenamiento-de-energia-512-kwh-lux-e-48100lg03\/","title":{"rendered":"Almacenamiento de energ\u00eda 5,12 kWh LUX-E-48100LG03"},"content":{"rendered":"<ul>\n<li>Descripci\u00f3n del Producto<\/li>\n<li>La serie Strong est\u00e1 dise\u00f1ada para aplicaciones de almacenamiento de energ\u00eda residencial y comercial con una bater\u00eda LiFePo4, que ha sido ampliamente reconocida como una de las tecnolog\u00edas de bater\u00eda m\u00e1s seguras.<\/li>\n<li>C\u00f3moda comunicaci\u00f3n CAN y RS485<\/li>\n<li>Energ\u00eda total 5,12 kWh<\/li>\n<li>Energ\u00eda utilizable 4,6 kWh<\/li>\n<li>Capacidad 100 Ah<\/li>\n<li>Tensi\u00f3n nominal 51,2 V<\/li>\n<li>Rango de voltaje 48-57,6 V<\/li>\n<li>Potencia m\u00e1xima 5,0 kW<\/li>\n<li>Escalable 1-12 paralelo<\/li>\n<li>Comunicaci\u00f3n CAN.RS485<\/li>\n<li>Clase de protecci\u00f3n de la carcasa IP65<\/li>\n<li>Rango de temperatura de funcionamiento: -10 ~ 50 \u00b0C<\/li>\n<li>Ciclo vital&gt; 6000 ciclos al 80 % DOD\/25 \u00b0C\/0,5 \u00b0C, 60 % EOL<\/li>\n<li>garant\u00eda de 10 a\u00f1os<\/li>\n<li>Certificaci\u00f3n IEC62619, UL1973, UN38.3, CE<\/li>\n<li>Dimensiones 650*440*150mm<\/li>\n<li>Peso 55 kg<\/li>\n<\/ul>\n<p>&nbsp;<\/p>\n<h4><span style=\"color: #ff9900;\"><a style=\"color: #ff9900;\" href=\"https:\/\/digitalenergy.com.pl\/wp-content\/uploads\/2024\/12\/LUX-E-48100LG03-low-voltage-battery-user-guide.pdf\" target=\"_blank\" rel=\"noopener\">Descargar manual en PDF<\/a><\/span><\/h4>\n","protected":false},"excerpt":{"rendered":"<p>Bajo voltaje<br \/>\n Garant\u00eda de 10 a\u00f1os<br \/>\n Aplicaci\u00f3n del sistema de monitoreo Fsolar<br \/>\n Energ\u00eda total 5,12 kWh<br \/>\n Capacidad 100 Ah<br \/>\n Aplicaciones: Yates, barcos, autocaravanas, energ\u00eda fotovoltaica, parques e\u00f3licos, almacenamiento de energ\u00eda. Sistema de iluminaci\u00f3n de emergencia, alarma, protecci\u00f3n contra incendios. <\/p>\n","protected":false},"featured_media":7619,"template":"","meta":[],"product_brand":[],"product_cat":[747],"product_tag":[774,750,751,752,776,777,778,749],"class_list":{"0":"post-7618","1":"product","2":"type-product","3":"status-publish","4":"has-post-thumbnail","6":"product_cat-almacenamiento-de-energia","7":"product_tag-512-kw-es","8":"product_tag-almacenamiento-de-energia","9":"product_tag-bajo-voltaje","10":"product_tag-lifepo4-es","11":"product_tag-lpba48100-ol-es","12":"product_tag-lux-e-48100lg01-es","13":"product_tag-lux-e-48100lg04-es","14":"product_tag-sistema-de-bateria","16":"first","17":"onbackorder","18":"taxable","19":"shipping-taxable","20":"purchasable","21":"product-type-simple"},"_links":{"self":[{"href":"https:\/\/digitalenergy.com.pl\/es\/wp-json\/wp\/v2\/product\/7618","targetHints":{"allow":["GET"]}}],"collection":[{"href":"https:\/\/digitalenergy.com.pl\/es\/wp-json\/wp\/v2\/product"}],"about":[{"href":"https:\/\/digitalenergy.com.pl\/es\/wp-json\/wp\/v2\/types\/product"}],"wp:featuredmedia":[{"embeddable":true,"href":"https:\/\/digitalenergy.com.pl\/es\/wp-json\/wp\/v2\/media\/7619"}],"wp:attachment":[{"href":"https:\/\/digitalenergy.com.pl\/es\/wp-json\/wp\/v2\/media?parent=7618"}],"wp:term":[{"taxonomy":"product_brand","embeddable":true,"href":"https:\/\/digitalenergy.com.pl\/es\/wp-json\/wp\/v2\/product_brand?post=7618"},{"taxonomy":"product_cat","embeddable":true,"href":"https:\/\/digitalenergy.com.pl\/es\/wp-json\/wp\/v2\/product_cat?post=7618"},{"taxonomy":"product_tag","embeddable":true,"href":"https:\/\/digitalenergy.com.pl\/es\/wp-json\/wp\/v2\/product_tag?post=7618"}],"curies":[{"name":"wp","href":"https:\/\/api.w.org\/{rel}","templated":true}]}}