{"id":7603,"date":"2024-03-19T14:32:35","date_gmt":"2024-03-19T14:32:35","guid":{"rendered":"https:\/\/digitalenergy.com.pl\/product\/almacenamiento-de-energia-512kw-lux-x-96050hmg01\/"},"modified":"2024-03-19T14:32:35","modified_gmt":"2024-03-19T14:32:35","slug":"almacenamiento-de-energia-512kw-lux-x-96050hmg01","status":"publish","type":"product","link":"https:\/\/digitalenergy.com.pl\/es\/almacenamiento-de-energia-512kw-lux-x-96050hmg01\/","title":{"rendered":"Almacenamiento de energ\u00eda 5,12KW LUX-X- 96050HMG01"},"content":{"rendered":"<h2><strong>Almacenamiento de energ\u00eda 5,12 kWh LUX-X-96050HMG01 &#8211; Soluci\u00f3n moderna para grandes sistemas<\/strong><\/h2>\n<p><strong>Modelo:<\/strong> LUX-X-96050HMG01<br \/>\n<strong>Tipo de bater\u00eda:<\/strong> LiFePO4<br \/>\n<strong>Capacidad de expansi\u00f3n:<\/strong> Escalabilidad hasta 6 unidades en paralelo, permitiendo alcanzar hasta 30,72 kWh de capacidad. El sistema comienza con 2 m\u00f3dulos (10,24 kWh) y puede crecer hasta 6 unidades. <\/p>\n<p>&nbsp;<\/p>\n<h3><strong>Par\u00e1metros t\u00e9cnicos clave:<\/strong><\/h3>\n<ul>\n<li><strong>Capacidad:<\/strong> de 5,12 kWh a 30,72 kWh (con escala de unidades)<\/li>\n<li><strong>Tensi\u00f3n nominal:<\/strong> 102,4 V<\/li>\n<li><strong>Rango de voltaje de funcionamiento:<\/strong> 96 &#8211; 115,2 V<\/li>\n<li><strong>Corriente m\u00e1xima de carga:<\/strong> 25A<\/li>\n<li><strong>Corriente m\u00e1xima de descarga:<\/strong> 50A<\/li>\n<\/ul>\n<h3><\/h3>\n<h3><strong>Rendimiento y durabilidad:<\/strong><\/h3>\n<ul>\n<li><strong>Profundidad de descarga (DOD):<\/strong> \u2265 90%<\/li>\n<li><strong>Ciclo vital:<\/strong>&gt; 6000 ciclos (al 80 % DOD)<\/li>\n<li><strong>Rango de temperatura de funcionamiento:<\/strong> -10\u00b0C a 50\u00b0C<\/li>\n<\/ul>\n<p>&nbsp;<\/p>\n<p><strong>Seguridad:<\/strong> Certificaci\u00f3n IEC62619, UL1973, UN38.3, CE, clase de protecci\u00f3n IP65<\/p>\n<p><strong>Compatibilidad con inversores:<\/strong> Felicitysolar, Deye, Luxpower, Growatt, Voltronic, Sunsynk, Megarevo, Victron, SRNE, Solis, MPPsolar, Afore<\/p>\n<p>&nbsp;<\/p>\n<p><strong>Dimensiones:<\/strong> 600 mm x 370 mm x 410 mm<br \/>\n<strong>Libra:<\/strong> de 60 kg a 256 kg<br \/>\n<strong>Garantizar:<\/strong> 10 a\u00f1os<\/p>\n<hr>\n<p>Este almacenamiento de energ\u00eda es una excelente soluci\u00f3n para quienes buscan un sistema de almacenamiento de energ\u00eda flexible que permita la escalabilidad de la capacidad seg\u00fan las necesidades del usuario. Gracias a la compatibilidad con los inversores m\u00e1s populares y a los materiales de alta calidad, el sistema garantiza fiabilidad y longevidad. <\/p>\n<p>&nbsp;<\/p>\n<h4><\/h4>\n","protected":false},"excerpt":{"rendered":"<p><strong>Almacenamiento de energ\u00eda de alto voltaje LUX-X-96050HMG01<\/strong><\/p>\n<p><strong>Garantizar:<\/strong> 10 a\u00f1os<br \/>\n<strong>Sistema de gesti\u00f3n de residuos:<\/strong> Controlador de almac\u00e9n disponible por separado<br \/>\n<strong>Capacidad de un m\u00f3dulo:<\/strong> 5,12 kWh<br \/>\n<strong>Escalabilidad:<\/strong> de 2 a 6 unidades en paralelo (hasta 30,72 kWh)<br \/>\n<strong>Solicitud:<\/strong> fotovoltaica, parques e\u00f3licos, almacenamiento de energ\u00eda, sistemas de iluminaci\u00f3n de emergencia, sistemas de alarma, sistemas de protecci\u00f3n contra incendios<\/p>\n<p>El almacenamiento de energ\u00eda LUX-X-96050HMG01 es una soluci\u00f3n vers\u00e1til que ofrece la posibilidad de ampliar y ajustar su capacidad en funci\u00f3n de las necesidades individuales del usuario. Ideal para grandes sistemas de energ\u00eda renovable. <\/p>\n","protected":false},"featured_media":7596,"template":"","meta":[],"product_brand":[],"product_cat":[747],"product_tag":[774,764,750,761,755,763,762,775,760,752,749],"class_list":{"0":"post-7603","1":"product","2":"type-product","3":"status-publish","4":"has-post-thumbnail","6":"product_cat-almacenamiento-de-energia","7":"product_tag-512-kw-es","8":"product_tag-600050-es","9":"product_tag-almacenamiento-de-energia","10":"product_tag-alto-voltaje","11":"product_tag-apilable","12":"product_tag-bcu-es","13":"product_tag-bcu-600050-hvc-es","14":"product_tag-fls-es","15":"product_tag-hvc96050-es","16":"product_tag-lifepo4-es","17":"product_tag-sistema-de-bateria","19":"first","20":"onbackorder","21":"taxable","22":"shipping-taxable","23":"purchasable","24":"product-type-simple"},"_links":{"self":[{"href":"https:\/\/digitalenergy.com.pl\/es\/wp-json\/wp\/v2\/product\/7603","targetHints":{"allow":["GET"]}}],"collection":[{"href":"https:\/\/digitalenergy.com.pl\/es\/wp-json\/wp\/v2\/product"}],"about":[{"href":"https:\/\/digitalenergy.com.pl\/es\/wp-json\/wp\/v2\/types\/product"}],"wp:featuredmedia":[{"embeddable":true,"href":"https:\/\/digitalenergy.com.pl\/es\/wp-json\/wp\/v2\/media\/7596"}],"wp:attachment":[{"href":"https:\/\/digitalenergy.com.pl\/es\/wp-json\/wp\/v2\/media?parent=7603"}],"wp:term":[{"taxonomy":"product_brand","embeddable":true,"href":"https:\/\/digitalenergy.com.pl\/es\/wp-json\/wp\/v2\/product_brand?post=7603"},{"taxonomy":"product_cat","embeddable":true,"href":"https:\/\/digitalenergy.com.pl\/es\/wp-json\/wp\/v2\/product_cat?post=7603"},{"taxonomy":"product_tag","embeddable":true,"href":"https:\/\/digitalenergy.com.pl\/es\/wp-json\/wp\/v2\/product_tag?post=7603"}],"curies":[{"name":"wp","href":"https:\/\/api.w.org\/{rel}","templated":true}]}}