{"id":7578,"date":"2024-03-19T11:43:31","date_gmt":"2024-03-19T11:43:31","guid":{"rendered":"https:\/\/digitalenergy.com.pl\/product\/controlador-lux-x-96050hcg01-para-lux-x-96050hmg01\/"},"modified":"2024-03-19T11:43:31","modified_gmt":"2024-03-19T11:43:31","slug":"controlador-lux-x-96050hcg01-para-lux-x-96050hmg01","status":"publish","type":"product","link":"https:\/\/digitalenergy.com.pl\/es\/controlador-lux-x-96050hcg01-para-lux-x-96050hmg01\/","title":{"rendered":"Controlador LUX-X-96050HCG01 para LUX-X-96050HMG01"},"content":{"rendered":"<p>Controlador LUX-X-96050HCG01: soluci\u00f3n profesional para la gesti\u00f3n del almacenamiento de energ\u00eda LUX-X-96050HMG01<\/p>\n<p><strong>Modelo<\/strong> : LUX-X-96050HCG01<br \/>\n<strong>Solicitud<\/strong> :Controlador dedicado para operar y gestionar los m\u00f3dulos de almacenamiento de energ\u00eda LUX-X-96050HMG01.<\/p>\n<h3>Par\u00e1metros t\u00e9cnicos clave:<\/h3>\n<ul>\n<li><strong>Voltaje de funcionamiento<\/strong> :Dise\u00f1ado para funcionar con los cargadores de voltaje LUX-X-96050HMG01, garantizando un funcionamiento estable y eficiente de todo el sistema.<\/li>\n<li><strong>Capacidades soportadas<\/strong> :Escalabilidad hasta 6 m\u00f3dulos de almacenamiento de energ\u00eda (m\u00e1ximo 30,72 kWh).<\/li>\n<li><strong>Seguridad<\/strong> :\n<ul>\n<li>Incorporado<strong> Sistema de gesti\u00f3n de bater\u00edas (BMS)<\/strong> , monitoreando los niveles de voltaje y temperatura y protegiendo contra sobrecarga y descarga excesiva.<\/li>\n<li>Sistema de protecci\u00f3n contra sobrecarga, cortocircuito y sobretensi\u00f3n.<\/li>\n<\/ul>\n<\/li>\n<li><strong>Comunicaci\u00f3n<\/strong> :El controlador admite protocolos de comunicaci\u00f3n que permiten una f\u00e1cil conexi\u00f3n a sistemas que monitorean el estado del almacenamiento de energ\u00eda y garantizan la integraci\u00f3n con sistemas avanzados de gesti\u00f3n de energ\u00eda.<\/li>\n<li><strong>Gesti\u00f3n de carga y descarga<\/strong> :El controlador regula los procesos de carga y descarga de los m\u00f3dulos, optimizando la vida de la bater\u00eda y garantizando una alta eficiencia energ\u00e9tica.<\/li>\n<\/ul>\n<h3>Ventajas de uso:<\/h3>\n<ul>\n<li><strong>Gesti\u00f3n inteligente<\/strong> :Optimiza el funcionamiento de los dispositivos de almacenamiento de energ\u00eda mediante la monitorizaci\u00f3n y regulaci\u00f3n de par\u00e1metros clave, lo que contribuye a la longevidad y la seguridad de todo el sistema.<\/li>\n<li><strong>F\u00e1cil de expandir<\/strong> Con soporte para hasta 6 m\u00f3dulos, el controlador le permite ampliar f\u00e1cilmente la capacidad del sistema.<\/li>\n<li><strong>Compatibilidad<\/strong> :Dise\u00f1ado para funcionar con sistemas de energ\u00eda renovable populares, proporcionando una amplia gama de posibilidades de configuraci\u00f3n y aplicaci\u00f3n.<\/li>\n<\/ul>\n<p>El controlador LUX-X-96050HCG01 es una opci\u00f3n s\u00f3lida para quienes buscan una soluci\u00f3n integral de gesti\u00f3n de almacenamiento de energ\u00eda que no solo garantice confiabilidad, sino tambi\u00e9n flexibilidad y un alto nivel de seguridad. Ideal para propietarios de sistemas de almacenamiento de energ\u00eda basados \u200b\u200ben fuentes de energ\u00eda renovables. <\/p>\n<h4><\/h4>\n","protected":false},"excerpt":{"rendered":"<p><strong>Controlador LUX-X-96050HCG01: sistema confiable de gesti\u00f3n de almacenamiento de energ\u00eda de alto voltaje<\/strong><\/p>\n<p><strong>Garantizar:<\/strong> 10 a\u00f1os<br \/>\n<strong>Controlador dedicado:<\/strong> LUX-X-96050HCG01 para la gesti\u00f3n del almacenamiento de energ\u00eda<strong> LUX-X-96050HMG01<\/strong> tipo LiFePo4<strong> APILABLE<\/strong><br \/>\n<strong>Capacidad recomendada:<\/strong> Para inversor de 10 kWh: configuraci\u00f3n de dos m\u00f3dulos<strong> Calefacci\u00f3n, ventilaci\u00f3n y aire acondicionado (HVC) 10,2 kWh<\/strong><\/p>\n<p><strong>Solicitud:<\/strong> Compatible con el almacenamiento de energ\u00eda de alto voltaje en sistemas fotovoltaicos y otras aplicaciones que requieren alta capacidad y gesti\u00f3n eficiente de la energ\u00eda.<\/p>\n<p>Controlador<strong> LUX-X-96050HCG01<\/strong> es una soluci\u00f3n fiable para grandes instalaciones energ\u00e9ticas, garantizando un control \u00f3ptimo de los par\u00e1metros operativos del almacenamiento de energ\u00eda.<strong> La elecci\u00f3n ideal para sistemas que requieren alto rendimiento y escalabilidad flexible.<\/strong><\/p>\n","protected":false},"featured_media":7579,"template":"","meta":[],"product_brand":[],"product_cat":[747,847],"product_tag":[764,750,761,755,763,762,760,752,765,766,749],"class_list":{"0":"post-7578","1":"product","2":"type-product","3":"status-publish","4":"has-post-thumbnail","6":"product_cat-almacenamiento-de-energia","7":"product_cat-conjuntos","8":"product_tag-600050-es","9":"product_tag-almacenamiento-de-energia","10":"product_tag-alto-voltaje","11":"product_tag-apilable","12":"product_tag-bcu-es","13":"product_tag-bcu-600050-hvc-es","14":"product_tag-hvc96050-es","15":"product_tag-lifepo4-es","16":"product_tag-lux-x-96050hcg01-es","17":"product_tag-lux-x-96050hmg01-es","18":"product_tag-sistema-de-bateria","20":"first","21":"onbackorder","22":"taxable","23":"shipping-taxable","24":"purchasable","25":"product-type-simple"},"_links":{"self":[{"href":"https:\/\/digitalenergy.com.pl\/es\/wp-json\/wp\/v2\/product\/7578","targetHints":{"allow":["GET"]}}],"collection":[{"href":"https:\/\/digitalenergy.com.pl\/es\/wp-json\/wp\/v2\/product"}],"about":[{"href":"https:\/\/digitalenergy.com.pl\/es\/wp-json\/wp\/v2\/types\/product"}],"wp:featuredmedia":[{"embeddable":true,"href":"https:\/\/digitalenergy.com.pl\/es\/wp-json\/wp\/v2\/media\/7579"}],"wp:attachment":[{"href":"https:\/\/digitalenergy.com.pl\/es\/wp-json\/wp\/v2\/media?parent=7578"}],"wp:term":[{"taxonomy":"product_brand","embeddable":true,"href":"https:\/\/digitalenergy.com.pl\/es\/wp-json\/wp\/v2\/product_brand?post=7578"},{"taxonomy":"product_cat","embeddable":true,"href":"https:\/\/digitalenergy.com.pl\/es\/wp-json\/wp\/v2\/product_cat?post=7578"},{"taxonomy":"product_tag","embeddable":true,"href":"https:\/\/digitalenergy.com.pl\/es\/wp-json\/wp\/v2\/product_tag?post=7578"}],"curies":[{"name":"wp","href":"https:\/\/api.w.org\/{rel}","templated":true}]}}