{"id":7561,"date":"2024-03-19T10:49:44","date_gmt":"2024-03-19T10:49:44","guid":{"rendered":"https:\/\/digitalenergy.com.pl\/product\/controlador-y-almacenamiento-de-energia-512kw-lux-x-48100lcg01-c\/"},"modified":"2024-03-19T10:49:44","modified_gmt":"2024-03-19T10:49:44","slug":"controlador-y-almacenamiento-de-energia-512kw-lux-x-48100lcg01-c","status":"publish","type":"product","link":"https:\/\/digitalenergy.com.pl\/es\/controlador-y-almacenamiento-de-energia-512kw-lux-x-48100lcg01-c\/","title":{"rendered":"Controlador y almacenamiento de energ\u00eda 5,12KW LUX-X- 48100LCG01 C"},"content":{"rendered":"<h3>Controlador y almacenamiento de energ\u00eda 5,12KW LUX-X- 48100LCG01 C \u2013 Soluci\u00f3n pr\u00e1ctica para la expansi\u00f3n<\/h3>\n<h4><strong>Modelo<\/strong> : LUX-X-48100LCG01<br \/>\n<strong>Tipo de bater\u00eda<\/strong> :LiFePO4<br \/>\n<strong>Expandible<\/strong> :Escalabilidad hasta 8 unidades en paralelo, permitiendo alcanzar hasta 42,5 kWh de capacidad. El sistema comienza con 1 m\u00f3dulo (5,12 kWh) y puede crecer hasta 8 unidades. <\/h4>\n<p>&nbsp;<\/p>\n<p><strong>Par\u00e1metros t\u00e9cnicos clave<\/strong> :<\/p>\n<ul>\n<li><strong>Capacidad<\/strong> :de 5,12 kWh a 40,96 kWh<\/li>\n<li><strong>Tensi\u00f3n nominal<\/strong> :51,2 V<\/li>\n<li><strong>Rango de voltaje de funcionamiento<\/strong> :44,8\u201357,6 V<\/li>\n<li><strong>Corriente m\u00e1xima de carga\/descarga<\/strong> :100-800A<\/li>\n<li><strong>Potencia m\u00e1xima de carga\/descarga<\/strong> :5000 W\u201340&nbsp;000 W<\/li>\n<\/ul>\n<p>&nbsp;<\/p>\n<p><strong>Eficiencia y durabilidad<\/strong> :<\/p>\n<ul>\n<li><strong>Profundidad de descarga (DOD)<\/strong> : \u226595%<\/li>\n<li><strong>Ciclo vital<\/strong> : \u22656000 ciclos<\/li>\n<li><strong>Rango de temperatura<\/strong> :\n<ul>\n<li>Carga: 0-55 \u00b0C<\/li>\n<li>Descarga: -20\u201355 \u00b0C<\/li>\n<\/ul>\n<\/li>\n<\/ul>\n<p>&nbsp;<\/p>\n<p><strong>Seguridad<\/strong> :<\/p>\n<ul>\n<li><strong>Sistema de gesti\u00f3n de residuos s\u00f3lidos<\/strong> (sistema de gesti\u00f3n inteligente de bater\u00eda), interruptor, fusible<\/li>\n<\/ul>\n<p>&nbsp;<\/p>\n<p><strong>Compatibilidad con inversores<\/strong> :<br \/>\n Felicitysolar, Deye, Luxpower, Growatt, Voltronic, Sunsynk, Megarevo, Victron, SRNE, Solis, MPPsolar, Afore, SOFAR<\/p>\n<p>&nbsp;<\/p>\n<p><strong>Dimensiones<\/strong> :600 x 450 x (180 N+120) mm<br \/>\n<strong>Libra<\/strong> :53 kg\u2013375 kg<br \/>\n<strong>Garantizar<\/strong> :10 a\u00f1os<\/p>\n<p>&nbsp;<\/p>\n<p>El sistema de almacenamiento de energ\u00eda LUX-X-48100LCG01 es una soluci\u00f3n de almacenamiento de energ\u00eda eficiente y flexible que se puede ampliar a medida que crecen sus necesidades. La elecci\u00f3n perfecta para sistemas fotovoltaicos, parques e\u00f3licos y otros sistemas de energ\u00eda renovable. <\/p>\n<h4><strong> <\/strong><\/h4>\n","protected":false},"excerpt":{"rendered":"<div class=\"flex-shrink-0 flex flex-col relative items-end\">\n<div>\n<div class=\"pt-0\">\n<div class=\"gizmo-bot-avatar flex h-8 w-8 items-center justify-center overflow-hidden rounded-full\">\n<div class=\"relative p-1 rounded-sm flex items-center justify-center bg-token-main-surface-primary text-token-text-primary h-8 w-8\"><\/div>\n<\/div>\n<\/div>\n<\/div>\n<\/div>\n<div class=\"group\/conversation-turn relative flex w-full min-w-0 flex-col agent-turn\">\n<div class=\"flex-col gap-1 md:gap-3\">\n<div class=\"flex max-w-full flex-col flex-grow\">\n<div class=\"min-h-8 text-message flex w-full flex-col items-end gap-2 whitespace-normal break-words [.text-message+&amp;]:mt-5\" dir=\"auto\" data-message-author-role=\"assistant\" data-message-id=\"4b9ac773-570d-4b66-89c3-1e498708d572\" data-message-model-slug=\"gpt-4o-mini\">\n<div class=\"flex w-full flex-col gap-1 empty:hidden first:pt-[3px]\">\n<div class=\"markdown prose w-full break-words dark:prose-invert light\">\n<h3>Almacenamiento de energ\u00eda LUX-X-48100LCG01C de 5,12 kWh: una soluci\u00f3n de baja tensi\u00f3n con grandes posibilidades<\/h3>\n<p><strong>Garantizar<\/strong> :10 a\u00f1os<br \/>\n<strong>Primer m\u00f3dulo<\/strong> :Bater\u00eda de 5,12 kWh + BMS (controlador de gesti\u00f3n)<br \/>\n<strong>Capacidad de un m\u00f3dulo<\/strong> :5,12 kWh<br \/>\n<strong>Escalabilidad<\/strong> : de 1 a 8 unidades en paralelo (hasta 40,96 kWh)<br \/>\n<strong>Solicitud<\/strong> :Ideal para yates, barcos, autocaravanas, sistemas fotovoltaicos, parques e\u00f3licos, instalaciones de almacenamiento de energ\u00eda y sistemas de iluminaci\u00f3n de emergencia, alarma y protecci\u00f3n contra incendios.<\/p>\n<p>El almacenamiento de energ\u00eda LUX-X-48100LCG01C es una soluci\u00f3n flexible y escalable que puede crecer con sus necesidades energ\u00e9ticas. Perfecto para energ\u00edas renovables y aplicaciones m\u00f3viles. <\/p>\n<\/div>\n<\/div>\n<\/div>\n<\/div>\n<\/div>\n<\/div>\n","protected":false},"featured_media":7562,"template":"","meta":[],"product_brand":[],"product_cat":[747,847],"product_tag":[754,750,755,751,753,756,757,752,758,749],"class_list":{"0":"post-7561","1":"product","2":"type-product","3":"status-publish","4":"has-post-thumbnail","6":"product_cat-almacenamiento-de-energia","7":"product_cat-conjuntos","8":"product_tag-53-kw-es","9":"product_tag-almacenamiento-de-energia","10":"product_tag-apilable","11":"product_tag-bajo-voltaje","12":"product_tag-fls48100-es","13":"product_tag-fls48100-c-es","14":"product_tag-fls48100-m-es","15":"product_tag-lifepo4-es","16":"product_tag-lux-x-48100lcg01-c-es","17":"product_tag-sistema-de-bateria","19":"first","20":"onbackorder","21":"taxable","22":"shipping-taxable","23":"purchasable","24":"product-type-simple"},"_links":{"self":[{"href":"https:\/\/digitalenergy.com.pl\/es\/wp-json\/wp\/v2\/product\/7561","targetHints":{"allow":["GET"]}}],"collection":[{"href":"https:\/\/digitalenergy.com.pl\/es\/wp-json\/wp\/v2\/product"}],"about":[{"href":"https:\/\/digitalenergy.com.pl\/es\/wp-json\/wp\/v2\/types\/product"}],"wp:featuredmedia":[{"embeddable":true,"href":"https:\/\/digitalenergy.com.pl\/es\/wp-json\/wp\/v2\/media\/7562"}],"wp:attachment":[{"href":"https:\/\/digitalenergy.com.pl\/es\/wp-json\/wp\/v2\/media?parent=7561"}],"wp:term":[{"taxonomy":"product_brand","embeddable":true,"href":"https:\/\/digitalenergy.com.pl\/es\/wp-json\/wp\/v2\/product_brand?post=7561"},{"taxonomy":"product_cat","embeddable":true,"href":"https:\/\/digitalenergy.com.pl\/es\/wp-json\/wp\/v2\/product_cat?post=7561"},{"taxonomy":"product_tag","embeddable":true,"href":"https:\/\/digitalenergy.com.pl\/es\/wp-json\/wp\/v2\/product_tag?post=7561"}],"curies":[{"name":"wp","href":"https:\/\/api.w.org\/{rel}","templated":true}]}}