{"id":7455,"date":"2025-03-06T12:26:04","date_gmt":"2025-03-06T12:26:04","guid":{"rendered":"https:\/\/digitalenergy.com.pl\/product\/panel-fotovoltaico-twsolar-th415pmb7-44scf-fb\/"},"modified":"2025-03-10T09:00:06","modified_gmt":"2025-03-10T09:00:06","slug":"panel-fotovoltaico-twsolar-th415pmb7-44scf-fb","status":"publish","type":"product","link":"https:\/\/digitalenergy.com.pl\/es\/panel-fotovoltaico-twsolar-th415pmb7-44scf-fb\/","title":{"rendered":"Panel fotovoltaico TWsolar TH415PMB7 44SCF-FB"},"content":{"rendered":"<h3 data-pm-slice=\"1 1 []\">Panel fotovoltaico TWsolar TH415PMB7 44SCF-FB<\/h3>\n<h5 data-pm-slice=\"1 1 []\">El panel solar TW de 415 W utiliza tecnolog\u00eda moderna Shingling, que aumenta la densidad del m\u00f3dulo y reduce las p\u00e9rdidas de energ\u00eda en caso de sombreado parcial. Gracias al dise\u00f1o del circuito en paralelo, se minimiza el riesgo de puntos calientes, lo que afecta la durabilidad y confiabilidad del panel. El m\u00f3dulo presenta una apariencia est\u00e9tica gracias a su disposici\u00f3n uniforme de celdas, lo que lo convierte en una opci\u00f3n atractiva para instalaciones en techos. El panel est\u00e1 certificado para resistir condiciones clim\u00e1ticas adversas, incluido el amon\u00edaco y la salinidad, lo que aumenta su versatilidad.   <\/h5>\n<ul>\n<li>Potencia m\u00e1xima (Pmax): 415 W<\/li>\n<li>Tecnolog\u00eda celular: tecnolog\u00eda Shingling, monofacial<\/li>\n<li>Dimensiones: 1096 x 1812 x 30 mm<\/li>\n<li>Resistencia PID: S\u00ed (seg\u00fan certificado IEC 62804)<\/li>\n<li>  Certificados: IEC 61215, IEC 61730, IEC 62804, ISO 9001\/14001\/45001\/50001<\/li>\n<li>Garant\u00eda: 25 a\u00f1os para el producto, 25 a\u00f1os para el rendimiento.<\/li>\n<\/ul>\n<p>&nbsp;<\/p>\n<div class=\"resetcss\">\n<p><span style=\"color: #ff9900;\"><a style=\"color: #ff9900;\" href=\"https:\/\/digitalenergy.com.pl\/wp-content\/uploads\/2025\/03\/Datasheet_TWsolar_TH400425-PMB7-44SCF-FB-EN.pdf\" target=\"_blank\" rel=\"noopener\">Tarjeta informativa ENG. PDF <\/a><\/span><\/p>\n<\/div>\n","protected":false},"excerpt":{"rendered":"<p>Potencia m\u00e1xima (Pmax): 415 W<\/p>\n<p> Tecnolog\u00eda celular: tecnolog\u00eda Shingling, monofacial<\/p>\n<p> Dimensiones: 1096 x 1812 x 30 mm<\/p>\n<p> Resistencia PID: S\u00ed (seg\u00fan certificado IEC 62804)<\/p>\n<p> Certificados: IEC 61215, IEC 61730, IEC 62804, ISO 9001\/14001\/45001\/50001<\/p>\n<p> Garant\u00eda: 25 a\u00f1os para el producto, 25 a\u00f1os para el rendimiento.<\/p>\n<p>&nbsp;<\/p>\n","protected":false},"featured_media":7456,"template":"","meta":[],"product_brand":[],"product_cat":[741],"product_tag":[742,745,743,744],"class_list":{"0":"post-7455","1":"product","2":"type-product","3":"status-publish","4":"has-post-thumbnail","6":"product_cat-paneles-fotovoltaicos","7":"product_tag-energia-renovable","8":"product_tag-fotovoltaica","9":"product_tag-panel-fotovoltaico","10":"product_tag-paneles-fotovoltaicos","12":"first","13":"instock","14":"featured","15":"taxable","16":"shipping-taxable","17":"purchasable","18":"product-type-simple"},"_links":{"self":[{"href":"https:\/\/digitalenergy.com.pl\/es\/wp-json\/wp\/v2\/product\/7455","targetHints":{"allow":["GET"]}}],"collection":[{"href":"https:\/\/digitalenergy.com.pl\/es\/wp-json\/wp\/v2\/product"}],"about":[{"href":"https:\/\/digitalenergy.com.pl\/es\/wp-json\/wp\/v2\/types\/product"}],"wp:featuredmedia":[{"embeddable":true,"href":"https:\/\/digitalenergy.com.pl\/es\/wp-json\/wp\/v2\/media\/7456"}],"wp:attachment":[{"href":"https:\/\/digitalenergy.com.pl\/es\/wp-json\/wp\/v2\/media?parent=7455"}],"wp:term":[{"taxonomy":"product_brand","embeddable":true,"href":"https:\/\/digitalenergy.com.pl\/es\/wp-json\/wp\/v2\/product_brand?post=7455"},{"taxonomy":"product_cat","embeddable":true,"href":"https:\/\/digitalenergy.com.pl\/es\/wp-json\/wp\/v2\/product_cat?post=7455"},{"taxonomy":"product_tag","embeddable":true,"href":"https:\/\/digitalenergy.com.pl\/es\/wp-json\/wp\/v2\/product_tag?post=7455"}],"curies":[{"name":"wp","href":"https:\/\/api.w.org\/{rel}","templated":true}]}}