{"id":7511,"date":"2024-08-06T09:39:10","date_gmt":"2024-08-06T09:39:10","guid":{"rendered":"https:\/\/digitalenergy.com.pl\/amortiguadores-de-calor\/"},"modified":"2025-03-12T08:45:36","modified_gmt":"2025-03-12T08:45:36","slug":"amortiguadores-de-calor","status":"publish","type":"page","link":"https:\/\/digitalenergy.com.pl\/es\/amortiguadores-de-calor\/","title":{"rendered":"Amortiguadores de calor"},"content":{"rendered":"\t\t<div data-elementor-type=\"wp-page\" data-elementor-id=\"7511\" class=\"elementor elementor-7511\" data-elementor-post-type=\"page\">\n\t\t\t\t\t\t<section class=\"elementor-section elementor-top-section elementor-element elementor-element-9daf37c elementor-section-boxed elementor-section-height-default elementor-section-height-default\" data-id=\"9daf37c\" data-element_type=\"section\" data-e-type=\"section\">\n\t\t\t\t\t\t<div class=\"elementor-container elementor-column-gap-default\">\n\t\t\t\t\t<div class=\"aux-parallax-section elementor-column elementor-col-100 elementor-top-column elementor-element elementor-element-98c9ff6\" data-id=\"98c9ff6\" data-element_type=\"column\" data-e-type=\"column\">\n\t\t\t<div class=\"elementor-widget-wrap elementor-element-populated\">\n\t\t\t\t\t\t<div class=\"elementor-element elementor-element-8fe8031 elementor-widget elementor-widget-aux_modern_heading\" data-id=\"8fe8031\" data-element_type=\"widget\" data-e-type=\"widget\" data-widget_type=\"aux_modern_heading.default\">\n\t\t\t\t<div class=\"elementor-widget-container\">\n\t\t\t\t\t<section class=\"aux-widget-modern-heading\">\n            <div class=\"aux-widget-inner\"><h2 class=\"aux-modern-heading-primary\">Amortiguadores de calor<\/h2><div class=\"aux-modern-heading-divider\"><\/div><\/div>\n        <\/section>\t\t\t\t<\/div>\n\t\t\t\t<\/div>\n\t\t\t\t\t<\/div>\n\t\t<\/div>\n\t\t\t\t\t<\/div>\n\t\t<\/section>\n\t\t\t\t<section class=\"elementor-section elementor-top-section elementor-element elementor-element-66e1319a elementor-section-full_width elementor-section-height-default elementor-section-height-default\" data-id=\"66e1319a\" data-element_type=\"section\" data-e-type=\"section\">\n\t\t\t\t\t\t<div class=\"elementor-container elementor-column-gap-default\">\n\t\t\t\t\t<div class=\"aux-parallax-section elementor-column elementor-col-50 elementor-top-column elementor-element elementor-element-2cb4b83a\" data-id=\"2cb4b83a\" data-element_type=\"column\" data-e-type=\"column\">\n\t\t\t<div class=\"elementor-widget-wrap elementor-element-populated\">\n\t\t\t\t\t\t<div class=\"elementor-element elementor-element-540a297 elementor-widget elementor-widget-image\" data-id=\"540a297\" data-element_type=\"widget\" data-e-type=\"widget\" data-widget_type=\"image.default\">\n\t\t\t\t<div class=\"elementor-widget-container\">\n\t\t\t\t\t\t\t\t\t\t\t\t\t\t\t<img fetchpriority=\"high\" decoding=\"async\" width=\"800\" height=\"800\" src=\"https:\/\/digitalenergy.com.pl\/wp-content\/uploads\/2024\/08\/3a1f4dd1-94a7-45bd-9703-c8b2443d93ca.jpeg\" class=\"attachment-full size-full wp-image-7512\" alt=\"\" srcset=\"https:\/\/digitalenergy.com.pl\/wp-content\/uploads\/2024\/08\/3a1f4dd1-94a7-45bd-9703-c8b2443d93ca.jpeg 800w, https:\/\/digitalenergy.com.pl\/wp-content\/uploads\/2024\/08\/3a1f4dd1-94a7-45bd-9703-c8b2443d93ca-300x300.jpeg 300w, https:\/\/digitalenergy.com.pl\/wp-content\/uploads\/2024\/08\/3a1f4dd1-94a7-45bd-9703-c8b2443d93ca-150x150.jpeg 150w, https:\/\/digitalenergy.com.pl\/wp-content\/uploads\/2024\/08\/3a1f4dd1-94a7-45bd-9703-c8b2443d93ca-768x768.jpeg 768w, https:\/\/digitalenergy.com.pl\/wp-content\/uploads\/2024\/08\/3a1f4dd1-94a7-45bd-9703-c8b2443d93ca-600x600.jpeg 600w, https:\/\/digitalenergy.com.pl\/wp-content\/uploads\/2024\/08\/3a1f4dd1-94a7-45bd-9703-c8b2443d93ca-100x100.jpeg 100w\" sizes=\"(max-width: 800px) 100vw, 800px\" \/>\t\t\t\t\t\t\t\t\t\t\t\t\t\t\t<\/div>\n\t\t\t\t<\/div>\n\t\t\t\t\t<\/div>\n\t\t<\/div>\n\t\t\t\t<div class=\"aux-parallax-section elementor-column elementor-col-50 elementor-top-column elementor-element elementor-element-1c695bcf\" data-id=\"1c695bcf\" data-element_type=\"column\" data-e-type=\"column\" data-settings=\"{&quot;background_background&quot;:&quot;classic&quot;}\">\n\t\t\t<div class=\"elementor-widget-wrap elementor-element-populated\">\n\t\t\t\t\t\t<div class=\"elementor-element elementor-element-45511f61 elementor-widget elementor-widget-text-editor\" data-id=\"45511f61\" data-element_type=\"widget\" data-e-type=\"widget\" data-widget_type=\"text-editor.default\">\n\t\t\t\t<div class=\"elementor-widget-container\">\n\t\t\t\t\t\t\t\t\t<p>Un acumulador de calor es un dep\u00f3sito conectado al sistema de calefacci\u00f3n, cuya tarea es aumentar la capacidad de agua de la instalaci\u00f3n y almacenarla para su uso posterior. El acumulador conectado al sistema de calefacci\u00f3n central, despu\u00e9s de calentar, descarga el calor del agua a receptores de calor, como radiadores o suelo radiante. <\/p><p>La caldera, que trabaja en un sistema con un acumulador de calor, calienta dicho acumulador a temperaturas elevadas, en torno a 80-90 \u00b0C. Debido a la mayor cantidad de agua en el sistema, el proceso tarda m\u00e1s tiempo que cuando el sistema funciona sin buffer, pero permite acumular una gran cantidad de agente, inmediatamente listo para su distribuci\u00f3n a largo plazo en el circuito de calefacci\u00f3n. <\/p><p>Despu\u00e9s de calentar el dep\u00f3sito de almacenamiento a la temperatura establecida, la caldera deja de funcionar y reanuda su funcionamiento cuando la temperatura en el dep\u00f3sito de almacenamiento baja, es decir, se agota la energ\u00eda t\u00e9rmica acumulada.<\/p><p>Dado que el agente en el b\u00fafer se almacena en un sistema de capas, no es necesario esperar hasta que el b\u00fafer est\u00e9 completamente caliente para comenzar la instalaci\u00f3n.<\/p><p>La forma del amortiguador de calor se asemeja a un tanque de agua caliente vertical m\u00e1s grande.<\/p>\t\t\t\t\t\t\t\t<\/div>\n\t\t\t\t<\/div>\n\t\t\t\t<div class=\"elementor-element elementor-element-42c5d514 elementor-widget elementor-widget-aux_modern_button\" data-id=\"42c5d514\" data-element_type=\"widget\" data-e-type=\"widget\" data-widget_type=\"aux_modern_button.default\">\n\t\t\t\t<div class=\"elementor-widget-container\">\n\t\t\t\t\t    <div class=\"aux-modern-button-wrapper aux-modern-button-align-left\" >\n                    <a class=\"aux-modern-button aux-black aux-modern-button-lg aux-modern-button-round aux-modern-button-default aux-icon-\" href=\"https:\/\/digitalenergy.com.pl\/kontakt\/\" target=\"_blank\">\n                <div class=\"aux-overlay\"><\/div>\n                                    <div class=\"aux-icon \">\n                                            <\/div>\n                                <div class=\"aux-text\">\n<span class=\"aux-text-before\">CONT\u00c1CTENOS<\/span>                <\/div>\n            <\/a>\n            \n    <\/div>\n\n    \t\t\t\t<\/div>\n\t\t\t\t<\/div>\n\t\t\t\t\t<\/div>\n\t\t<\/div>\n\t\t\t\t\t<\/div>\n\t\t<\/section>\n\t\t\t\t<section class=\"elementor-section elementor-top-section elementor-element elementor-element-04a8443 elementor-section-boxed elementor-section-height-default elementor-section-height-default\" data-id=\"04a8443\" data-element_type=\"section\" data-e-type=\"section\">\n\t\t\t\t\t\t<div class=\"elementor-container elementor-column-gap-default\">\n\t\t\t\t\t<div class=\"aux-parallax-section elementor-column elementor-col-50 elementor-top-column elementor-element elementor-element-1cefcbc\" data-id=\"1cefcbc\" data-element_type=\"column\" data-e-type=\"column\">\n\t\t\t<div class=\"elementor-widget-wrap elementor-element-populated\">\n\t\t\t\t\t\t<div class=\"elementor-element elementor-element-a42869f elementor-widget elementor-widget-image\" data-id=\"a42869f\" data-element_type=\"widget\" data-e-type=\"widget\" data-widget_type=\"image.default\">\n\t\t\t\t<div class=\"elementor-widget-container\">\n\t\t\t\t\t\t\t\t\t\t\t\t\t\t\t<img decoding=\"async\" width=\"1024\" height=\"1024\" src=\"https:\/\/digitalenergy.com.pl\/wp-content\/uploads\/2024\/08\/fc4177c7-c6aa-4753-b519-b35d1218d1d6-1024x1024.jpeg\" class=\"attachment-large size-large wp-image-7514\" alt=\"\" srcset=\"https:\/\/digitalenergy.com.pl\/wp-content\/uploads\/2024\/08\/fc4177c7-c6aa-4753-b519-b35d1218d1d6-1024x1024.jpeg 1024w, https:\/\/digitalenergy.com.pl\/wp-content\/uploads\/2024\/08\/fc4177c7-c6aa-4753-b519-b35d1218d1d6-300x300.jpeg 300w, https:\/\/digitalenergy.com.pl\/wp-content\/uploads\/2024\/08\/fc4177c7-c6aa-4753-b519-b35d1218d1d6-150x150.jpeg 150w, https:\/\/digitalenergy.com.pl\/wp-content\/uploads\/2024\/08\/fc4177c7-c6aa-4753-b519-b35d1218d1d6-768x768.jpeg 768w, https:\/\/digitalenergy.com.pl\/wp-content\/uploads\/2024\/08\/fc4177c7-c6aa-4753-b519-b35d1218d1d6-600x600.jpeg 600w, https:\/\/digitalenergy.com.pl\/wp-content\/uploads\/2024\/08\/fc4177c7-c6aa-4753-b519-b35d1218d1d6-100x100.jpeg 100w, https:\/\/digitalenergy.com.pl\/wp-content\/uploads\/2024\/08\/fc4177c7-c6aa-4753-b519-b35d1218d1d6.jpeg 1280w\" sizes=\"(max-width: 1024px) 100vw, 1024px\" \/>\t\t\t\t\t\t\t\t\t\t\t\t\t\t\t<\/div>\n\t\t\t\t<\/div>\n\t\t\t\t\t<\/div>\n\t\t<\/div>\n\t\t\t\t<div class=\"aux-parallax-section elementor-column elementor-col-50 elementor-top-column elementor-element elementor-element-fccf4f3\" data-id=\"fccf4f3\" data-element_type=\"column\" data-e-type=\"column\">\n\t\t\t<div class=\"elementor-widget-wrap elementor-element-populated\">\n\t\t\t\t\t\t<div class=\"elementor-element elementor-element-46573f3 elementor-widget elementor-widget-image\" data-id=\"46573f3\" data-element_type=\"widget\" data-e-type=\"widget\" data-widget_type=\"image.default\">\n\t\t\t\t<div class=\"elementor-widget-container\">\n\t\t\t\t\t\t\t\t\t\t\t\t\t\t\t<img decoding=\"async\" width=\"1024\" height=\"1024\" src=\"https:\/\/digitalenergy.com.pl\/wp-content\/uploads\/2024\/08\/253ab89b-2ae2-4a80-aec0-13f6cd083732-1024x1024.jpeg\" class=\"attachment-large size-large wp-image-7513\" alt=\"\" srcset=\"https:\/\/digitalenergy.com.pl\/wp-content\/uploads\/2024\/08\/253ab89b-2ae2-4a80-aec0-13f6cd083732-1024x1024.jpeg 1024w, https:\/\/digitalenergy.com.pl\/wp-content\/uploads\/2024\/08\/253ab89b-2ae2-4a80-aec0-13f6cd083732-300x300.jpeg 300w, https:\/\/digitalenergy.com.pl\/wp-content\/uploads\/2024\/08\/253ab89b-2ae2-4a80-aec0-13f6cd083732-150x150.jpeg 150w, https:\/\/digitalenergy.com.pl\/wp-content\/uploads\/2024\/08\/253ab89b-2ae2-4a80-aec0-13f6cd083732-768x768.jpeg 768w, https:\/\/digitalenergy.com.pl\/wp-content\/uploads\/2024\/08\/253ab89b-2ae2-4a80-aec0-13f6cd083732-600x600.jpeg 600w, https:\/\/digitalenergy.com.pl\/wp-content\/uploads\/2024\/08\/253ab89b-2ae2-4a80-aec0-13f6cd083732-100x100.jpeg 100w, https:\/\/digitalenergy.com.pl\/wp-content\/uploads\/2024\/08\/253ab89b-2ae2-4a80-aec0-13f6cd083732.jpeg 1280w\" sizes=\"(max-width: 1024px) 100vw, 1024px\" \/>\t\t\t\t\t\t\t\t\t\t\t\t\t\t\t<\/div>\n\t\t\t\t<\/div>\n\t\t\t\t\t<\/div>\n\t\t<\/div>\n\t\t\t\t\t<\/div>\n\t\t<\/section>\n\t\t\t\t<\/div>\n\t\t","protected":false},"excerpt":{"rendered":"<p>Amortiguadores de calor Un acumulador de calor es un dep\u00f3sito conectado al sistema de calefacci\u00f3n, cuya tarea es aumentar la capacidad de agua de la instalaci\u00f3n y almacenarla para su uso posterior. El acumulador conectado al sistema de calefacci\u00f3n central, despu\u00e9s de calentar, descarga el calor del agua a receptores de calor, como radiadores o [&hellip;]<\/p>\n","protected":false},"author":1,"featured_media":0,"parent":0,"menu_order":0,"comment_status":"closed","ping_status":"closed","template":"","meta":{"footnotes":""},"class_list":["post-7511","page","type-page","status-publish","hentry"],"_links":{"self":[{"href":"https:\/\/digitalenergy.com.pl\/es\/wp-json\/wp\/v2\/pages\/7511","targetHints":{"allow":["GET"]}}],"collection":[{"href":"https:\/\/digitalenergy.com.pl\/es\/wp-json\/wp\/v2\/pages"}],"about":[{"href":"https:\/\/digitalenergy.com.pl\/es\/wp-json\/wp\/v2\/types\/page"}],"author":[{"embeddable":true,"href":"https:\/\/digitalenergy.com.pl\/es\/wp-json\/wp\/v2\/users\/1"}],"replies":[{"embeddable":true,"href":"https:\/\/digitalenergy.com.pl\/es\/wp-json\/wp\/v2\/comments?post=7511"}],"version-history":[{"count":1,"href":"https:\/\/digitalenergy.com.pl\/es\/wp-json\/wp\/v2\/pages\/7511\/revisions"}],"predecessor-version":[{"id":7515,"href":"https:\/\/digitalenergy.com.pl\/es\/wp-json\/wp\/v2\/pages\/7511\/revisions\/7515"}],"wp:attachment":[{"href":"https:\/\/digitalenergy.com.pl\/es\/wp-json\/wp\/v2\/media?parent=7511"}],"curies":[{"name":"wp","href":"https:\/\/api.w.org\/{rel}","templated":true}]}}