{"id":7507,"date":"2024-04-16T15:52:03","date_gmt":"2024-04-16T15:52:03","guid":{"rendered":"https:\/\/digitalenergy.com.pl\/estacion-de-carga-para-vehiculos-electricos\/"},"modified":"2025-12-12T09:28:28","modified_gmt":"2025-12-12T09:28:28","slug":"estacion-de-carga-para-vehiculos-electricos","status":"publish","type":"page","link":"https:\/\/digitalenergy.com.pl\/es\/estacion-de-carga-para-vehiculos-electricos\/","title":{"rendered":"Estaci\u00f3n de carga para veh\u00edculos el\u00e9ctricos"},"content":{"rendered":"\t\t<div data-elementor-type=\"wp-page\" data-elementor-id=\"7507\" class=\"elementor elementor-7507 elementor-3652\" data-elementor-post-type=\"page\">\n\t\t\t\t\t\t<section class=\"elementor-section elementor-top-section elementor-element elementor-element-b339829 elementor-section-boxed elementor-section-height-default elementor-section-height-default\" data-id=\"b339829\" data-element_type=\"section\" data-e-type=\"section\">\n\t\t\t\t\t\t<div class=\"elementor-container elementor-column-gap-default\">\n\t\t\t\t\t<div class=\"aux-parallax-section elementor-column elementor-col-100 elementor-top-column elementor-element elementor-element-0860b35\" data-id=\"0860b35\" data-element_type=\"column\" data-e-type=\"column\">\n\t\t\t<div class=\"elementor-widget-wrap elementor-element-populated\">\n\t\t\t\t\t\t<div class=\"elementor-element elementor-element-122d964 elementor-widget elementor-widget-aux_modern_heading\" data-id=\"122d964\" data-element_type=\"widget\" data-e-type=\"widget\" data-widget_type=\"aux_modern_heading.default\">\n\t\t\t\t<div class=\"elementor-widget-container\">\n\t\t\t\t\t<section class=\"aux-widget-modern-heading\">\n            <div class=\"aux-widget-inner\"><h2 class=\"aux-modern-heading-primary\">Estaci\u00f3n de carga para veh\u00edculos el\u00e9ctricos\n<\/h2><div class=\"aux-modern-heading-divider\"><\/div><h3 class=\"aux-modern-heading-secondary\"><span class=\"aux-head-after\">Oferta<\/span><\/h3><\/div>\n        <\/section>\t\t\t\t<\/div>\n\t\t\t\t<\/div>\n\t\t\t\t\t<\/div>\n\t\t<\/div>\n\t\t\t\t\t<\/div>\n\t\t<\/section>\n\t\t\t\t<section class=\"elementor-section elementor-top-section elementor-element elementor-element-370725e elementor-section-full_width elementor-section-height-default elementor-section-height-default\" data-id=\"370725e\" data-element_type=\"section\" data-e-type=\"section\">\n\t\t\t\t\t\t<div class=\"elementor-container elementor-column-gap-default\">\n\t\t\t\t\t<div class=\"aux-parallax-section elementor-column elementor-col-50 elementor-top-column elementor-element elementor-element-f3a5cd0\" data-id=\"f3a5cd0\" data-element_type=\"column\" data-e-type=\"column\">\n\t\t\t<div class=\"elementor-widget-wrap elementor-element-populated\">\n\t\t\t\t\t\t<div class=\"elementor-element elementor-element-faa91ed elementor-widget elementor-widget-image\" data-id=\"faa91ed\" data-element_type=\"widget\" data-e-type=\"widget\" data-widget_type=\"image.default\">\n\t\t\t\t<div class=\"elementor-widget-container\">\n\t\t\t\t\t\t\t\t\t\t\t\t\t\t\t<img fetchpriority=\"high\" decoding=\"async\" width=\"1792\" height=\"1024\" src=\"https:\/\/digitalenergy.com.pl\/wp-content\/uploads\/2024\/12\/09f633af105212b2ea07fcb798f2cc31.webp\" class=\"attachment-full size-full wp-image-7183\" alt=\"\" srcset=\"https:\/\/digitalenergy.com.pl\/wp-content\/uploads\/2024\/12\/09f633af105212b2ea07fcb798f2cc31.webp 1792w, https:\/\/digitalenergy.com.pl\/wp-content\/uploads\/2024\/12\/09f633af105212b2ea07fcb798f2cc31-1536x878.webp 1536w, https:\/\/digitalenergy.com.pl\/wp-content\/uploads\/2024\/12\/09f633af105212b2ea07fcb798f2cc31-600x343.webp 600w\" sizes=\"(max-width: 1792px) 100vw, 1792px\" \/>\t\t\t\t\t\t\t\t\t\t\t\t\t\t\t<\/div>\n\t\t\t\t<\/div>\n\t\t\t\t\t<\/div>\n\t\t<\/div>\n\t\t\t\t<div class=\"aux-parallax-section elementor-column elementor-col-50 elementor-top-column elementor-element elementor-element-7ab7fe6\" data-id=\"7ab7fe6\" data-element_type=\"column\" data-e-type=\"column\" data-settings=\"{&quot;background_background&quot;:&quot;classic&quot;}\">\n\t\t\t<div class=\"elementor-widget-wrap elementor-element-populated\">\n\t\t\t\t\t\t<div class=\"elementor-element elementor-element-8f35422 elementor-widget elementor-widget-heading\" data-id=\"8f35422\" data-element_type=\"widget\" data-e-type=\"widget\" data-widget_type=\"heading.default\">\n\t\t\t\t<div class=\"elementor-widget-container\">\n\t\t\t\t\t<h2 class=\"elementor-heading-title elementor-size-default\">Cargador de veh\u00edculos el\u00e9ctricos<\/h2>\t\t\t\t<\/div>\n\t\t\t\t<\/div>\n\t\t\t\t<div class=\"elementor-element elementor-element-a1f5958 elementor-widget elementor-widget-aux_icon_list\" data-id=\"a1f5958\" data-element_type=\"widget\" data-e-type=\"widget\" data-widget_type=\"aux_icon_list.default\">\n\t\t\t\t<div class=\"elementor-widget-container\">\n\t\t\t\t\t<section class=\"widget-container aux-widget-icon-list aux-parent-au3e380fe0\"><div class=\"widget-inner\"><div class=\"aux-widget-icon-list-inner\"><ul class=\"aux-icon-list-items aux-direction-default aux-icon-list-divider\"><li class=\"aux-icon-list-item aux-list-item-has-icon aux-icon-list-item-76a7150 elementor-repeater-item-76a7150\"><span class=\"aux-icon-list-text\">Compatible con cualquier veh\u00edculo el\u00e9ctrico<\/span><\/li><li class=\"aux-icon-list-item aux-list-item-has-icon aux-icon-list-item-0c189c6 elementor-repeater-item-0c189c6\"><span class=\"aux-icon-list-text\">Conectar y cargar, configuraci\u00f3n r\u00e1pida y f\u00e1cil control mediante aplicaci\u00f3n.<\/span><\/li><li class=\"aux-icon-list-item aux-list-item-has-icon aux-icon-list-item-7838260 elementor-repeater-item-7838260\"><span class=\"aux-icon-list-text\">El producto est\u00e1 dise\u00f1ado para 15 a\u00f1os y est\u00e1 cubierto por una garant\u00eda de 3 a\u00f1os, ampliable a 5 a\u00f1os.<\/span><\/li><li class=\"aux-icon-list-item aux-list-item-has-icon aux-icon-list-item-dc501d5 elementor-repeater-item-dc501d5\"><span class=\"aux-icon-list-text\">Siempre conectado con Wi-Fi, Bluetooth Ethernet (opcional), soporte remoto y actualizaciones de software<\/span><\/li><\/ul><\/div><\/div><\/section><!-- widget-container -->\t\t\t\t<\/div>\n\t\t\t\t<\/div>\n\t\t\t\t<div class=\"elementor-element elementor-element-30f026f elementor-widget elementor-widget-aux_modern_button\" data-id=\"30f026f\" data-element_type=\"widget\" data-e-type=\"widget\" data-widget_type=\"aux_modern_button.default\">\n\t\t\t\t<div class=\"elementor-widget-container\">\n\t\t\t\t\t    <div class=\"aux-modern-button-wrapper aux-modern-button-align-left\" >\n                    <a class=\"aux-modern-button aux-black aux-modern-button-lg aux-modern-button-round aux-modern-button-default aux-icon-\" href=\"https:\/\/digitalenergy.com.pl\/kontakt\/\" target=\"_blank\">\n                <div class=\"aux-overlay\"><\/div>\n                                    <div class=\"aux-icon \">\n                                            <\/div>\n                                <div class=\"aux-text\">\n<span class=\"aux-text-before\">CONT\u00c1CTENOS<\/span>                <\/div>\n            <\/a>\n            \n    <\/div>\n\n    \t\t\t\t<\/div>\n\t\t\t\t<\/div>\n\t\t\t\t\t<\/div>\n\t\t<\/div>\n\t\t\t\t\t<\/div>\n\t\t<\/section>\n\t\t<div class=\"aux-parallax-section elementor-element elementor-element-85fb976 e-flex e-con-boxed e-con e-parent\" data-id=\"85fb976\" data-element_type=\"container\" data-e-type=\"container\">\n\t\t\t\t\t<div class=\"e-con-inner\">\n\t\t\t\t<div class=\"elementor-element elementor-element-0d01378 elementor-widget elementor-widget-aux_product_grid\" data-id=\"0d01378\" data-element_type=\"widget\" data-e-type=\"widget\" data-settings=\"{&quot;columns&quot;:&quot;4&quot;}\" data-widget_type=\"aux_product_grid.default\">\n\t\t\t\t<div class=\"elementor-widget-container\">\n\t\t\t\t\t<div class='woocommerce woocommerce-page aux-shop-archive'><div class=\"products-loop aux-match-height aux-row aux-de-col4 aux-tb-col2 aux-mb-col1\">\n\n<div class=\"aux-col product type-product post-7812 status-publish first instock product_cat-estaciones-de-carga-para-vehiculos-electricos has-post-thumbnail taxable shipping-taxable purchasable product-type-simple aux-remove-view-cart\">\n\t<a href=\"https:\/\/digitalenergy.com.pl\/es\/estacion-de-carga-para-vehiculos-electricos-de-22-kw\/\" class=\"woocommerce-LoopProduct-link woocommerce-loop-product__link\"><img decoding=\"async\" width=\"770\" height=\"1024\" src=\"https:\/\/digitalenergy.com.pl\/wp-content\/uploads\/2024\/11\/F-22KW-EVA-2-770x1024.png\" class=\"auxshp-product-image auxshp-attachment \" alt=\"F 22KW EVA (2)\" data-original-width=\"600\" data-original-height=\"600\" data-original-src=\"https:\/\/digitalenergy.com.pl\/wp-content\/uploads\/2024\/11\/F-22KW-EVA-2.png\" srcset=\"https:\/\/digitalenergy.com.pl\/wp-content\/uploads\/2024\/11\/F-22KW-EVA-2-150x200.png 150w,https:\/\/digitalenergy.com.pl\/wp-content\/uploads\/2024\/11\/F-22KW-EVA-2-300x399.png 300w,https:\/\/digitalenergy.com.pl\/wp-content\/uploads\/2024\/11\/F-22KW-EVA-2-768x1021.png 768w,https:\/\/digitalenergy.com.pl\/wp-content\/uploads\/2024\/11\/F-22KW-EVA-2-1024x1362.png 1024w,https:\/\/digitalenergy.com.pl\/wp-content\/uploads\/2024\/11\/F-22KW-EVA-2-770x1024.png 770w\" data-ratio=\"0.75\" data-original-w=\"1080\" sizes=\"(max-width:479px) 480px,(max-width:767px) 768px,(max-width:1023px) 1024px,770px\" \/><\/span><\/a><\/a><div class=\"auxshp-entry-main\"><a href=\"https:\/\/digitalenergy.com.pl\/es\/estacion-de-carga-para-vehiculos-electricos-de-22-kw\/\" class=\"auxshp-label auxshp-loop-title\"><h3 class=\"auxshp-title-heading\">Estaci\u00f3n de carga para veh\u00edculos el\u00e9ctricos de 22 kW<\/h3><\/a>\n\t<span class=\"price\"><span class=\"woocommerce-Price-amount amount\"><bdi>381,60&nbsp;<span class=\"woocommerce-Price-currencySymbol\">&euro;<\/span><\/bdi><\/span> <small class=\"woocommerce-price-suffix\"><span class=\"woocommerce-Price-amount amount\"><bdi>310,24&nbsp;<span class=\"woocommerce-Price-currencySymbol\">&euro;<\/span><\/bdi><\/span> netto<\/small><\/span>\n<div class=\"loop-meta-wrapper\">\n    <div class=\"product_meta\">\n            <\/div>\n<\/div>\n\n<\/a>\n    <div class=\"loop-tools-wrapper\">\n        <div class=\"aux-product-tools\">\n        <a rel=\"nofollow\" href=\"\/es\/wp-json\/wp\/v2\/pages\/7507?add-to-cart=7812\" data-quantity=\"1\" data-product_id=\"7812\" data-product_sku=\"EV 22kW\" data-verify_nonce=\"fe4e293e38\" class=\"button aux-ajax-add-to-cart add_to_cart_button\" data-product-type=\"simple\"><i class=\"aux-ico auxicon-handbag\"><\/i><span>A\u00f1adir a la cesta<\/span><\/a>        <\/div>\n    <\/div>\n\n<\/div><\/div>\n\n<div class=\"aux-col product type-product post-7807 status-publish instock product_cat-estaciones-de-carga-para-vehiculos-electricos has-post-thumbnail taxable shipping-taxable purchasable product-type-simple aux-remove-view-cart\">\n\t<a href=\"https:\/\/digitalenergy.com.pl\/es\/estacion-de-carga-para-vehiculos-electricos-de-11-kw\/\" class=\"woocommerce-LoopProduct-link woocommerce-loop-product__link\"><img decoding=\"async\" width=\"770\" height=\"1024\" src=\"https:\/\/digitalenergy.com.pl\/wp-content\/uploads\/2024\/11\/F-11KW-EVA-2-770x1024.png\" class=\"auxshp-product-image auxshp-attachment \" alt=\"F 11KW EVA (2)\" data-original-width=\"600\" data-original-height=\"600\" data-original-src=\"https:\/\/digitalenergy.com.pl\/wp-content\/uploads\/2024\/11\/F-11KW-EVA-2.png\" srcset=\"https:\/\/digitalenergy.com.pl\/wp-content\/uploads\/2024\/11\/F-11KW-EVA-2-150x200.png 150w,https:\/\/digitalenergy.com.pl\/wp-content\/uploads\/2024\/11\/F-11KW-EVA-2-300x399.png 300w,https:\/\/digitalenergy.com.pl\/wp-content\/uploads\/2024\/11\/F-11KW-EVA-2-768x1021.png 768w,https:\/\/digitalenergy.com.pl\/wp-content\/uploads\/2024\/11\/F-11KW-EVA-2-1024x1362.png 1024w,https:\/\/digitalenergy.com.pl\/wp-content\/uploads\/2024\/11\/F-11KW-EVA-2-770x1024.png 770w\" data-ratio=\"0.75\" data-original-w=\"1080\" sizes=\"(max-width:479px) 480px,(max-width:767px) 768px,(max-width:1023px) 1024px,770px\" \/><\/span><\/a><\/a><div class=\"auxshp-entry-main\"><a href=\"https:\/\/digitalenergy.com.pl\/es\/estacion-de-carga-para-vehiculos-electricos-de-11-kw\/\" class=\"auxshp-label auxshp-loop-title\"><h3 class=\"auxshp-title-heading\">Estaci\u00f3n de carga para veh\u00edculos el\u00e9ctricos de 11 kW<\/h3><\/a>\n\t<span class=\"price\"><span class=\"woocommerce-Price-amount amount\"><bdi>336,00&nbsp;<span class=\"woocommerce-Price-currencySymbol\">&euro;<\/span><\/bdi><\/span> <small class=\"woocommerce-price-suffix\"><span class=\"woocommerce-Price-amount amount\"><bdi>273,17&nbsp;<span class=\"woocommerce-Price-currencySymbol\">&euro;<\/span><\/bdi><\/span> netto<\/small><\/span>\n<div class=\"loop-meta-wrapper\">\n    <div class=\"product_meta\">\n            <\/div>\n<\/div>\n\n<\/a>\n    <div class=\"loop-tools-wrapper\">\n        <div class=\"aux-product-tools\">\n        <a rel=\"nofollow\" href=\"\/es\/wp-json\/wp\/v2\/pages\/7507?add-to-cart=7807\" data-quantity=\"1\" data-product_id=\"7807\" data-product_sku=\"\" data-verify_nonce=\"07f74c85dd\" class=\"button aux-ajax-add-to-cart add_to_cart_button\" data-product-type=\"simple\"><i class=\"aux-ico auxicon-handbag\"><\/i><span>A\u00f1adir a la cesta<\/span><\/a>        <\/div>\n    <\/div>\n\n<\/div><\/div>\n<\/div>\n<\/div>\t\t\t\t<\/div>\n\t\t\t\t<\/div>\n\t\t\t\t\t<\/div>\n\t\t\t\t<\/div>\n\t\t\t\t<\/div>\n\t\t","protected":false},"excerpt":{"rendered":"<p>Estaci\u00f3n de carga para veh\u00edculos el\u00e9ctricos Oferta Cargador de veh\u00edculos el\u00e9ctricos Compatible con cualquier veh\u00edculo el\u00e9ctrico Conectar y cargar, configuraci\u00f3n r\u00e1pida y f\u00e1cil control mediante aplicaci\u00f3n. El producto est\u00e1 dise\u00f1ado para 15 a\u00f1os y est\u00e1 cubierto por una garant\u00eda de 3 a\u00f1os, ampliable a 5 a\u00f1os. Siempre conectado con Wi-Fi, Bluetooth Ethernet (opcional), soporte remoto [&hellip;]<\/p>\n","protected":false},"author":1,"featured_media":0,"parent":0,"menu_order":0,"comment_status":"closed","ping_status":"closed","template":"","meta":{"footnotes":""},"class_list":["post-7507","page","type-page","status-publish","hentry"],"_links":{"self":[{"href":"https:\/\/digitalenergy.com.pl\/es\/wp-json\/wp\/v2\/pages\/7507","targetHints":{"allow":["GET"]}}],"collection":[{"href":"https:\/\/digitalenergy.com.pl\/es\/wp-json\/wp\/v2\/pages"}],"about":[{"href":"https:\/\/digitalenergy.com.pl\/es\/wp-json\/wp\/v2\/types\/page"}],"author":[{"embeddable":true,"href":"https:\/\/digitalenergy.com.pl\/es\/wp-json\/wp\/v2\/users\/1"}],"replies":[{"embeddable":true,"href":"https:\/\/digitalenergy.com.pl\/es\/wp-json\/wp\/v2\/comments?post=7507"}],"version-history":[{"count":1,"href":"https:\/\/digitalenergy.com.pl\/es\/wp-json\/wp\/v2\/pages\/7507\/revisions"}],"predecessor-version":[{"id":7510,"href":"https:\/\/digitalenergy.com.pl\/es\/wp-json\/wp\/v2\/pages\/7507\/revisions\/7510"}],"wp:attachment":[{"href":"https:\/\/digitalenergy.com.pl\/es\/wp-json\/wp\/v2\/media?parent=7507"}],"curies":[{"name":"wp","href":"https:\/\/api.w.org\/{rel}","templated":true}]}}