{"id":9759,"date":"2025-08-01T09:54:33","date_gmt":"2025-08-01T09:54:33","guid":{"rendered":"https:\/\/digitalenergy.com.pl\/?post_type=product&#038;p=9759"},"modified":"2025-08-01T09:54:54","modified_gmt":"2025-08-01T09:54:54","slug":"zasobnik-energie-125kwh-lux-e-48250lg03-novinka-kopia","status":"publish","type":"product","link":"https:\/\/digitalenergy.com.pl\/cs\/zasobnik-energie-125kwh-lux-e-48250lg03-novinka-kopia\/","title":{"rendered":"Z\u00e1sobn\u00edk energie 12,5KWh LUX-E-48250LG03 Novinka (Kopia)"},"content":{"rendered":"<p><strong>Z\u00e1sobn\u00edk energie 12,5KWh LUX-E-48250LG03<\/strong><\/p>\n<ul>\n<li>U\u017eitn\u00e1 kapacita 12,5 kWh<\/li>\n<li>Nomin\u00e1ln\u00ed kapacita 250Ah<\/li>\n<li>Jmenovit\u00e9 nap\u011bt\u00ed 51,2<\/li>\n<li>Rozsah nap\u011bt\u00ed 44,8-57,6V<\/li>\n<li>Doporu\u010den\u00fd nab\u00edjec\u00ed a vyb\u00edjec\u00ed proud 100A<\/li>\n<li>Maxim\u00e1ln\u00ed nab\u00edjec\u00ed a vyb\u00edjec\u00ed proud 150A<\/li>\n<li>\u0160pi\u010dkov\u00fd nab\u00edjec\u00ed a vyb\u00edjec\u00ed proud 200A p\u0159i 15S<\/li>\n<li>Doporu\u010den\u00fd nab\u00edjec\u00ed a vyb\u00edjec\u00ed proud \u2264150A<\/li>\n<li>Vybit\u00ed a\u017e 95 %<\/li>\n<li>Paraleln\u00ed p\u0159ipojen\u00ed modul\u016f 1-6<\/li>\n<li>Komunikace CAN a RS485<\/li>\n<li>Stupe\u0148 kryt\u00ed IP21<\/li>\n<li>\u017divotn\u00ed cyklus \u22656000<\/li>\n<li>Rozsah provozn\u00edch teplot<\/li>\n<li>Vyb\u00edjen\u00ed: -20 \u00b0C a\u017e +55 \u00b0C, Nab\u00edjen\u00ed: +0 \u00b0C a\u017e +55 \u00b0C<\/li>\n<li>\u010cist\u00e1 hmotnost 92 kg<\/li>\n<li>Rozm\u011bry produktu 783 x 450 x 274 m<\/li>\n<li>\n \t<\/li>\n<li><span style=\"color: #ff9900;\"><a style=\"color: #ff9900;\" href=\"https:\/\/digitalenergy.com.pl\/wp-content\/uploads\/2024\/06\/LUX-E-48230_48250LG03-low-voltage-battery-user-guide.pdf\" target=\"_blank\" rel=\"noopener\">St\u00e1hnout manu\u00e1l PDF<\/a><\/span><\/li>\n<\/ul>\n","protected":false},"excerpt":{"rendered":"<p>N\u00edzk\u00e9 nap\u011bt\u00ed<br \/>\n 10let\u00e1 z\u00e1ruka<br \/>\n U\u017eitn\u00e1 kapacita 12,5 kWh<br \/>\n Paraleln\u00ed p\u0159ipojen\u00ed modul\u016f 1~6<br \/>\n Aplikace monitorovac\u00edho syst\u00e9mu Fsolar<br \/>\n Pou\u017eit\u00ed: Jachty, \u010dluny, karavany, fotovoltaika, v\u011btrn\u00e9 elektr\u00e1rny, skladov\u00e1n\u00ed energie. Syst\u00e9m nouzov\u00e9ho osv\u011btlen\u00ed, alarm, po\u017e\u00e1rn\u00ed ochrana<\/p>\n","protected":false},"featured_media":5837,"template":"","meta":[],"product_brand":[],"product_cat":[36],"product_tag":[],"class_list":{"0":"post-9759","1":"product","2":"type-product","3":"status-publish","4":"has-post-thumbnail","6":"product_cat-magazyny-energii","8":"first","9":"instock","10":"taxable","11":"shipping-taxable","12":"purchasable","13":"product-type-simple"},"_links":{"self":[{"href":"https:\/\/digitalenergy.com.pl\/cs\/wp-json\/wp\/v2\/product\/9759","targetHints":{"allow":["GET"]}}],"collection":[{"href":"https:\/\/digitalenergy.com.pl\/cs\/wp-json\/wp\/v2\/product"}],"about":[{"href":"https:\/\/digitalenergy.com.pl\/cs\/wp-json\/wp\/v2\/types\/product"}],"wp:featuredmedia":[{"embeddable":true,"href":"https:\/\/digitalenergy.com.pl\/cs\/wp-json\/wp\/v2\/media\/5837"}],"wp:attachment":[{"href":"https:\/\/digitalenergy.com.pl\/cs\/wp-json\/wp\/v2\/media?parent=9759"}],"wp:term":[{"taxonomy":"product_brand","embeddable":true,"href":"https:\/\/digitalenergy.com.pl\/cs\/wp-json\/wp\/v2\/product_brand?post=9759"},{"taxonomy":"product_cat","embeddable":true,"href":"https:\/\/digitalenergy.com.pl\/cs\/wp-json\/wp\/v2\/product_cat?post=9759"},{"taxonomy":"product_tag","embeddable":true,"href":"https:\/\/digitalenergy.com.pl\/cs\/wp-json\/wp\/v2\/product_tag?post=9759"}],"curies":[{"name":"wp","href":"https:\/\/api.w.org\/{rel}","templated":true}]}}