{"id":7308,"date":"2025-03-06T10:37:24","date_gmt":"2025-03-06T10:37:24","guid":{"rendered":"https:\/\/digitalenergy.com.pl\/?post_type=product&#038;p=7308"},"modified":"2025-03-19T08:49:02","modified_gmt":"2025-03-19T08:49:02","slug":"fotovoltaicky-panel-jinko-solar-440-jkm440n-54hl4r-v-bf-kopia","status":"publish","type":"product","link":"https:\/\/digitalenergy.com.pl\/cs\/fotovoltaicky-panel-jinko-solar-440-jkm440n-54hl4r-v-bf-kopia\/","title":{"rendered":"Fotovoltaick\u00fd panel Longi Hi-MO 5m LR5-54HIH 405W"},"content":{"rendered":"<h3 data-pm-slice=\"0 0 []\">Fotovoltaick\u00fd panel Longi Hi-MO 5m LR5-54HIH 405W<\/h3>\n<h5 data-pm-slice=\"0 0 []\">Panel 405 W Longi je navr\u017een pomoc\u00ed technologie Hi-MO 5m a Half-cut mono-krystalick\u00fdch \u010dl\u00e1nk\u016f, kter\u00e1 sni\u017euje energetick\u00e9 ztr\u00e1ty a zlep\u0161uje \u00fa\u010dinnost i v \u010d\u00e1ste\u010dn\u00e9m st\u00ednu. S \u00fa\u010dinnost\u00ed 21,5 % nab\u00edz\u00ed optim\u00e1ln\u00ed efektivitu pr\u00e1ce. Panel je vybaven 54 nap\u016fl \u0159ezan\u00fdmi \u010dl\u00e1nky, poskytuje lep\u0161\u00ed tepeln\u00e9 \u0159\u00edzen\u00ed a minimalizuje hork\u00e1 m\u00edsta, co\u017e m\u00e1 za n\u00e1sledek del\u0161\u00ed \u017eivotnost. Panel je odoln\u00fd proti krupobit\u00ed (testov\u00e1no proti kuli\u010dk\u00e1m o pr\u016fm\u011bru 25 mm p\u0159i rychlosti 23 m\/s) a je certifikov\u00e1n pro odolnost v\u016f\u010di drsn\u00fdm pov\u011btrnostn\u00edm podm\u00ednk\u00e1m, v\u010detn\u011b v\u011btru (2400 Pa) a zat\u00ed\u017een\u00ed sn\u011bhem (5400 Pa). D\u00edky eloxovan\u00e9mu hlin\u00edkov\u00e9mu r\u00e1mu je panel odoln\u00fd proti korozi a funguje perfektn\u011b v n\u00e1ro\u010dn\u00fdch podm\u00ednk\u00e1ch.    <\/h5>\n<ul>\n<li>\u0160pi\u010dkov\u00fd v\u00fdkon (Pmax): 405 W<\/li>\n<li>\u00da\u010dinnost: 21,5 %<\/li>\n<li>Technologie \u010dl\u00e1nk\u016f: Mono-krystalick\u00e1, Half-cut<\/li>\n<li>Rozm\u011bry: 1722 \u00d7 1134 \u00d7 30 mm<\/li>\n<li>Odolnost proti krupobit\u00ed: Testov\u00e1no proti kuli\u010dk\u00e1m o pr\u016fm\u011bru 25 mm p\u0159i rychlosti 23 m\/s<\/li>\n<li>Mechanick\u00e1 odolnost: 5400 Pa (p\u0159edn\u00ed), 2400 Pa (zadn\u00ed)<\/li>\n<li>Certifik\u00e1ty: IEC 61215, IEC 61730, UL 61730, ISO 9001\/14001\/45001<\/li>\n<li>Z\u00e1ruka: 12 let na produkt, 25 let na v\u00fdkon (~84,8% zachov\u00e1n\u00ed energie po 25 letech)<\/li>\n<\/ul>\n<p>&nbsp;<\/p>\n<div class=\"resetcss\">\n<ul>\n<li><span style=\"color: #ff9900;\"><a style=\"color: #ff9900;\" href=\"https:\/\/digitalenergy.com.pl\/wp-content\/uploads\/2025\/03\/Longi-405-420W-solar-panels.pdf\" target=\"_blank\" rel=\"noopener\">Informa\u010dn\u00ed karta ENG. PDF <\/a><\/span><\/li>\n<\/ul>\n<\/div>\n","protected":false},"excerpt":{"rendered":"<p>\u0160pi\u010dkov\u00fd v\u00fdkon (Pmax): 405 W<br \/>\n \u00da\u010dinnost: 21,5 %<br \/>\n Technologie \u010dl\u00e1nk\u016f: Monokrystalick\u00fd, Half-cut<br \/>\n Rozm\u011bry: 1722 \u00d7 1134 \u00d7 30 mm<br \/>\n PID odpor: Ano<br \/>\n Zat\u00ed\u017een\u00ed sn\u011bhem: 5400 Pa (vp\u0159edu), 2400 Pa (vzadu)<br \/>\n Certifik\u00e1ty: IEC 61215, IEC 61730, UL 61730, ISO 9001\/14001\/45001<br \/>\n Z\u00e1ruka: 12 let na produkt, 25 let na v\u00fdkon (~84,8% zachov\u00e1n\u00ed energie po 25 letech)<\/p>\n<p>&nbsp;<\/p>\n","protected":false},"featured_media":5876,"template":"","meta":[],"product_brand":[],"product_cat":[459],"product_tag":[1113,1115,1114,1111,1112,1116],"class_list":{"0":"post-7308","1":"product","2":"type-product","3":"status-publish","4":"has-post-thumbnail","6":"product_cat-pv-panely","7":"product_tag-dlouha-420","8":"product_tag-fotovoltaicke-panely-cs","9":"product_tag-fotovoltaicky-panel-cs-2","10":"product_tag-longi-cs","11":"product_tag-obnovitelna-energie","12":"product_tag-pv-cs","14":"first","15":"outofstock","16":"taxable","17":"shipping-taxable","18":"purchasable","19":"product-type-simple"},"_links":{"self":[{"href":"https:\/\/digitalenergy.com.pl\/cs\/wp-json\/wp\/v2\/product\/7308","targetHints":{"allow":["GET"]}}],"collection":[{"href":"https:\/\/digitalenergy.com.pl\/cs\/wp-json\/wp\/v2\/product"}],"about":[{"href":"https:\/\/digitalenergy.com.pl\/cs\/wp-json\/wp\/v2\/types\/product"}],"wp:featuredmedia":[{"embeddable":true,"href":"https:\/\/digitalenergy.com.pl\/cs\/wp-json\/wp\/v2\/media\/5876"}],"wp:attachment":[{"href":"https:\/\/digitalenergy.com.pl\/cs\/wp-json\/wp\/v2\/media?parent=7308"}],"wp:term":[{"taxonomy":"product_brand","embeddable":true,"href":"https:\/\/digitalenergy.com.pl\/cs\/wp-json\/wp\/v2\/product_brand?post=7308"},{"taxonomy":"product_cat","embeddable":true,"href":"https:\/\/digitalenergy.com.pl\/cs\/wp-json\/wp\/v2\/product_cat?post=7308"},{"taxonomy":"product_tag","embeddable":true,"href":"https:\/\/digitalenergy.com.pl\/cs\/wp-json\/wp\/v2\/product_tag?post=7308"}],"curies":[{"name":"wp","href":"https:\/\/api.w.org\/{rel}","templated":true}]}}