{"id":7075,"date":"2024-03-19T10:49:44","date_gmt":"2024-03-19T10:49:44","guid":{"rendered":"https:\/\/digitalenergy.com.pl\/product\/512kw-lux-x-48100lcg01-c-energeticky-regulator-a-uloziste\/"},"modified":"2024-03-19T10:49:44","modified_gmt":"2024-03-19T10:49:44","slug":"512kw-lux-x-48100lcg01-c-energeticky-regulator-a-uloziste","status":"publish","type":"product","link":"https:\/\/digitalenergy.com.pl\/cs\/512kw-lux-x-48100lcg01-c-energeticky-regulator-a-uloziste\/","title":{"rendered":"5,12KW LUX-X-48100LCG01 C Energetick\u00fd regul\u00e1tor a \u00falo\u017ei\u0161t\u011b"},"content":{"rendered":"<h3>5,12KW LUX-X-48100LCG01 C ovlada\u010d a \u00falo\u017ei\u0161t\u011b energie \u2013 Praktick\u00e9 \u0159e\u0161en\u00ed pro roz\u0161\u00ed\u0159en\u00ed<\/h3>\n<h4><strong>Model<\/strong> : LUX-X-48100LCG01<br \/>\n<strong>Typ baterie<\/strong> : LiFePO4<br \/>\n<strong>Mo\u017enost roz\u0161\u00ed\u0159en\u00ed<\/strong> : \u0160k\u00e1lovatelnost na 8 jednotek paraleln\u011b, co\u017e umo\u017e\u0148uje dos\u00e1hnout a\u017e 42,5 kWh kapacity. Syst\u00e9m za\u010d\u00edn\u00e1 s 1 modulem (5,12 kWh) a m\u016f\u017ee se rozr\u016fst a\u017e na 8 jednotek. <\/h4>\n<p>&nbsp;<\/p>\n<p><strong>Kl\u00ed\u010dov\u00e9 technick\u00e9 parametry<\/strong> ::<\/p>\n<ul>\n<li><strong>Kapacita<\/strong> : od 5,12 kWh do 40,96 kWh<\/li>\n<li><strong>Jmenovit\u00e9 nap\u011bt\u00ed<\/strong> : 51,2V<\/li>\n<li><strong>Rozsah provozn\u00edho nap\u011bt\u00ed<\/strong> : 44,8\u201357,6 V<\/li>\n<li><strong>Maxim\u00e1ln\u00ed nab\u00edjec\u00ed\/vyb\u00edjec\u00ed proud<\/strong> : 100\u2013800 A<\/li>\n<li><strong>Maxim\u00e1ln\u00ed nab\u00edjec\u00ed\/vyb\u00edjec\u00ed v\u00fdkon<\/strong> : 5 000 W\u201340 000 W<\/li>\n<\/ul>\n<p>&nbsp;<\/p>\n<p><strong>V\u00fdkon a odolnost<\/strong> ::<\/p>\n<ul>\n<li><strong>Hloubka vybit\u00ed (DOD)<\/strong> : \u226595 %<\/li>\n<li><strong>\u017divotn\u00ed cyklus<\/strong> : \u22656000 cykl\u016f<\/li>\n<li><strong>Teplotn\u00ed rozsah<\/strong> ::\n<ul>\n<li>Nab\u00edjen\u00ed: 0-55\u00b0C<\/li>\n<li>V\u00fdboj: -20\u201355\u00b0C<\/li>\n<\/ul>\n<\/li>\n<\/ul>\n<p>&nbsp;<\/p>\n<p><strong>Zabezpe\u010den\u00ed<\/strong> ::<\/p>\n<ul>\n<li><strong>BMS<\/strong> (syst\u00e9m inteligentn\u00edho \u0159\u00edzen\u00ed baterie), sp\u00edna\u010d, pojistka<\/li>\n<\/ul>\n<p>&nbsp;<\/p>\n<p><strong>Kompatibilita s invertory<\/strong> ::<br \/>\n Felicitysolar, Deye, Luxpower, Growatt, Voltronic, Sunsynk, Megarevo, Victron, SRNE, Solis, MPPsolar, Afore, SOFAR<\/p>\n<p>&nbsp;<\/p>\n<p><strong>Rozm\u011bry<\/strong> : 600 x 450 x (180N+120) mm<strong> V\u00e1hy<\/strong> : 53 kg\u2013375 kg<\/p>\n<p><strong>Z\u00e1ruka<\/strong> : 10 let<\/p>\n<p>&nbsp;<\/p>\n<p>\u0158e\u0161en\u00ed pro ukl\u00e1d\u00e1n\u00ed energie LUX-X-48100LCG01 je efektivn\u00ed a flexibiln\u00ed \u0159e\u0161en\u00ed pro ukl\u00e1d\u00e1n\u00ed energie, kter\u00e9 lze roz\u0161i\u0159ovat v z\u00e1vislosti na rostouc\u00edch pot\u0159eb\u00e1ch. Ide\u00e1ln\u00ed volba pro fotovoltaiku, v\u011btrn\u00e9 elektr\u00e1rny a dal\u0161\u00ed syst\u00e9my obnoviteln\u00e9 energie. <\/p>\n<h4><strong> <\/strong><\/h4>\n","protected":false},"excerpt":{"rendered":"<div class=\"flex-shrink-0 flex flex-col relative items-end\">\n<div>\n<div class=\"pt-0\">\n<div class=\"gizmo-bot-avatar flex h-8 w-8 items-center justify-center overflow-hidden rounded-full\">\n<div class=\"relative p-1 rounded-sm flex items-center justify-center bg-token-main-surface-primary text-token-text-primary h-8 w-8\"><\/div>\n<\/div>\n<\/div>\n<\/div>\n<\/div>\n<div class=\"group\/conversation-turn relative flex w-full min-w-0 flex-col agent-turn\">\n<div class=\"flex-col gap-1 md:gap-3\">\n<div class=\"flex max-w-full flex-col flex-grow\">\n<div class=\"min-h-8 text-message flex w-full flex-col items-end gap-2 whitespace-normal break-words [.text-message+&amp;]:mt-5\" dir=\"auto\" data-message-author-role=\"assistant\" data-message-id=\"4b9ac773-570d-4b66-89c3-1e498708d572\" data-message-model-slug=\"gpt-4o-mini\">\n<div class=\"flex w-full flex-col gap-1 empty:hidden first:pt-[3px]\">\n<div class=\"markdown prose w-full break-words dark:prose-invert light\">\n<h3>5,12 kWh z\u00e1sobn\u00edk energie LUX-X-48100LCG01C \u2013 N\u00edzkonap\u011b\u0165ov\u00e9 \u0159e\u0161en\u00ed s velk\u00fdmi mo\u017enostmi<\/h3>\n<p><strong>Z\u00e1ruka<\/strong> : 10 let<br \/>\n<strong>Prvn\u00ed modul<\/strong> : 5,12 kWh baterie + BMS (\u0159\u00edd\u00edc\u00ed ovlada\u010d)<strong> Kapacita jednoho modulu<\/strong> : 5,12 kWh<strong> \u0160k\u00e1lovatelnost<\/strong> : od 1 do 8 jednotek paraleln\u011b (a\u017e 40,96 kWh)<strong> Aplikace<\/strong> : ide\u00e1ln\u00ed pro jachty, \u010dluny, karavany, fotovoltaiku, v\u011btrn\u00e9 farmy, akumula\u010dn\u00ed a nouzov\u00e9, poplachov\u00e9 a protipo\u017e\u00e1rn\u00ed osv\u011btlovac\u00ed syst\u00e9my. \u00dalo\u017ei\u0161t\u011b energie LUX-X-48100LCG01C je flexibiln\u00ed a \u0161k\u00e1lovateln\u00e9 \u0159e\u0161en\u00ed, kter\u00e9 m\u016f\u017ee r\u016fst s va\u0161imi energetick\u00fdmi pot\u0159ebami. Ide\u00e1ln\u00ed pro aplikace v oblasti obnoviteln\u00fdch zdroj\u016f energie a mobiln\u00edch energetick\u00fdch syst\u00e9m\u016f.<\/p>\n<\/div>\n<\/div>\n<\/div>\n<\/div>\n<\/div>\n<\/div>\n","protected":false},"featured_media":6143,"template":"","meta":[],"product_brand":[],"product_cat":[335,1098],"product_tag":[394,337,393,396,397,340,450,339,338,395],"class_list":{"0":"post-7075","1":"product","2":"type-product","3":"status-publish","4":"has-post-thumbnail","6":"product_cat-uloziste-energie","7":"product_cat-sady","8":"product_tag-53-kw","9":"product_tag-bateriovy-system","10":"product_tag-fls48100-cs","11":"product_tag-fls48100-c-cs","12":"product_tag-fls48100-m-cs","13":"product_tag-lifepo4-cs","14":"product_tag-lux-x-48100lcg01-c-cs","15":"product_tag-nizke-napeti","16":"product_tag-skladovani-energie","17":"product_tag-stohovatelne","19":"first","20":"onbackorder","21":"taxable","22":"shipping-taxable","23":"purchasable","24":"product-type-simple"},"_links":{"self":[{"href":"https:\/\/digitalenergy.com.pl\/cs\/wp-json\/wp\/v2\/product\/7075","targetHints":{"allow":["GET"]}}],"collection":[{"href":"https:\/\/digitalenergy.com.pl\/cs\/wp-json\/wp\/v2\/product"}],"about":[{"href":"https:\/\/digitalenergy.com.pl\/cs\/wp-json\/wp\/v2\/types\/product"}],"wp:featuredmedia":[{"embeddable":true,"href":"https:\/\/digitalenergy.com.pl\/cs\/wp-json\/wp\/v2\/media\/6143"}],"wp:attachment":[{"href":"https:\/\/digitalenergy.com.pl\/cs\/wp-json\/wp\/v2\/media?parent=7075"}],"wp:term":[{"taxonomy":"product_brand","embeddable":true,"href":"https:\/\/digitalenergy.com.pl\/cs\/wp-json\/wp\/v2\/product_brand?post=7075"},{"taxonomy":"product_cat","embeddable":true,"href":"https:\/\/digitalenergy.com.pl\/cs\/wp-json\/wp\/v2\/product_cat?post=7075"},{"taxonomy":"product_tag","embeddable":true,"href":"https:\/\/digitalenergy.com.pl\/cs\/wp-json\/wp\/v2\/product_tag?post=7075"}],"curies":[{"name":"wp","href":"https:\/\/api.w.org\/{rel}","templated":true}]}}