{"id":7073,"date":"2024-03-19T15:17:07","date_gmt":"2024-03-19T15:17:07","guid":{"rendered":"https:\/\/digitalenergy.com.pl\/product\/zasobnik-energie-512kwh-lux-e-48100lg03\/"},"modified":"2025-03-19T08:48:33","modified_gmt":"2025-03-19T08:48:33","slug":"zasobnik-energie-512kwh-lux-e-48100lg03","status":"publish","type":"product","link":"https:\/\/digitalenergy.com.pl\/cs\/zasobnik-energie-512kwh-lux-e-48100lg03\/","title":{"rendered":"Z\u00e1sobn\u00edk energie 5,12KWH LUX-E-48100LG03"},"content":{"rendered":"<ul>\n<li>Popis produktu<\/li>\n<li>\u0158ada Strong je navr\u017eena pro reziden\u010dn\u00ed a komer\u010dn\u00ed aplikace pro ukl\u00e1d\u00e1n\u00ed energie s bateri\u00ed LiFePo4, kter\u00e1 je \u0161iroce uzn\u00e1v\u00e1na jako jedna z nejbezpe\u010dn\u011bj\u0161\u00edch bateriov\u00fdch technologi\u00ed.<\/li>\n<li>Pohodln\u00e1 komunikace CAN a RS485<\/li>\n<li>Celkov\u00e1 energie 5,12 kWh<\/li>\n<li>U\u017eitn\u00e1 energie 4,6 kWh<\/li>\n<li>Kapacita 100 Ah<\/li>\n<li>Jmenovit\u00e9 nap\u011bt\u00ed 51,2V<\/li>\n<li>Rozsah nap\u011bt\u00ed 48-57,6V<\/li>\n<li>\u0160pi\u010dkov\u00fd v\u00fdkon 5,0 kW<\/li>\n<li>\u0160k\u00e1lovateln\u00e9 1-12 paraleln\u011b<\/li>\n<li>Komunikace CAN.RS485<\/li>\n<li>Stupe\u0148 ochrany krytu IP65<\/li>\n<li>Rozsah provozn\u00edch teplot -10~50\u00b0C<\/li>\n<li>\u017divotn\u00ed cyklus&gt; 6000 cykl\u016f p\u0159i 80 % DOD \/ 25 \u00b0C \/ 0,5 \u00b0C, 60 % EOL<\/li>\n<li>10let\u00e1 z\u00e1ruka<\/li>\n<li>IEC62619,UL1973,UN38.3,certifikace CE<\/li>\n<li>Rozm\u011bry 650*440*150 mm<\/li>\n<li>Hmotnost 55 kg<\/li>\n<\/ul>\n<p>&nbsp;<\/p>\n<h4><span style=\"color: #ff9900;\"><a style=\"color: #ff9900;\" href=\"https:\/\/digitalenergy.com.pl\/wp-content\/uploads\/2024\/12\/LUX-E-48100LG03-low-voltage-battery-user-guide.pdf\" target=\"_blank\" rel=\"noopener\">St\u00e1hnout manu\u00e1l PDF<\/a><\/span><\/h4>\n","protected":false},"excerpt":{"rendered":"<p>N\u00edzk\u00e9 nap\u011bt\u00ed<br \/>\n 10let\u00e1 z\u00e1ruka<br \/>\n Aplikace monitorovac\u00edho syst\u00e9mu Fsolar<br \/>\n Celkov\u00e1 energie 5,12 kWh<br \/>\n Kapacita 100 Ah<br \/>\n Pou\u017eit\u00ed: Jachty, \u010dluny, karavany, fotovoltaika, v\u011btrn\u00e9 elektr\u00e1rny, skladov\u00e1n\u00ed energie. Syst\u00e9m nouzov\u00e9ho osv\u011btlen\u00ed, alarm, po\u017e\u00e1rn\u00ed ochrana <\/p>\n","protected":false},"featured_media":5956,"template":"","meta":[],"product_brand":[],"product_cat":[335],"product_tag":[429,337,340,390,435,436,339,338],"class_list":{"0":"post-7073","1":"product","2":"type-product","3":"status-publish","4":"has-post-thumbnail","6":"product_cat-uloziste-energie","7":"product_tag-512-kw","8":"product_tag-bateriovy-system","9":"product_tag-lifepo4-cs","10":"product_tag-lpba48100-ol-cs","11":"product_tag-lux-e-48100lg01-cs","12":"product_tag-lux-e-48100lg04-cs","13":"product_tag-nizke-napeti","14":"product_tag-skladovani-energie","16":"first","17":"onbackorder","18":"taxable","19":"shipping-taxable","20":"purchasable","21":"product-type-simple"},"_links":{"self":[{"href":"https:\/\/digitalenergy.com.pl\/cs\/wp-json\/wp\/v2\/product\/7073","targetHints":{"allow":["GET"]}}],"collection":[{"href":"https:\/\/digitalenergy.com.pl\/cs\/wp-json\/wp\/v2\/product"}],"about":[{"href":"https:\/\/digitalenergy.com.pl\/cs\/wp-json\/wp\/v2\/types\/product"}],"wp:featuredmedia":[{"embeddable":true,"href":"https:\/\/digitalenergy.com.pl\/cs\/wp-json\/wp\/v2\/media\/5956"}],"wp:attachment":[{"href":"https:\/\/digitalenergy.com.pl\/cs\/wp-json\/wp\/v2\/media?parent=7073"}],"wp:term":[{"taxonomy":"product_brand","embeddable":true,"href":"https:\/\/digitalenergy.com.pl\/cs\/wp-json\/wp\/v2\/product_brand?post=7073"},{"taxonomy":"product_cat","embeddable":true,"href":"https:\/\/digitalenergy.com.pl\/cs\/wp-json\/wp\/v2\/product_cat?post=7073"},{"taxonomy":"product_tag","embeddable":true,"href":"https:\/\/digitalenergy.com.pl\/cs\/wp-json\/wp\/v2\/product_tag?post=7073"}],"curies":[{"name":"wp","href":"https:\/\/api.w.org\/{rel}","templated":true}]}}