{"id":7058,"date":"2024-03-21T13:44:33","date_gmt":"2024-03-21T13:44:33","guid":{"rendered":"https:\/\/digitalenergy.com.pl\/product\/10kw-menic-t-rex-10klp3g01\/"},"modified":"2024-03-21T13:44:33","modified_gmt":"2024-03-21T13:44:33","slug":"10kw-menic-t-rex-10klp3g01","status":"publish","type":"product","link":"https:\/\/digitalenergy.com.pl\/cs\/10kw-menic-t-rex-10klp3g01\/","title":{"rendered":"10kw m\u011bni\u010d T-REX 10KLP3G01"},"content":{"rendered":"<p><strong>10kw m\u011bni\u010d T-REX<\/strong><\/p>\n<ul>\n<li>Rozsah nap\u011bt\u00ed baterie 40-60V<\/li>\n<li>Maxim\u00e1ln\u00ed nab\u00edjec\u00ed a vyb\u00edjec\u00ed proud 200A\/200A <\/li>\n<li>Maxim\u00e1ln\u00ed nab\u00edjec\u00ed a vyb\u00edjec\u00ed v\u00fdkon 10 000 W <\/li>\n<li>Typ baterie lithium-ion<\/li>\n<li>Max. doporu\u010den\u00fd v\u00fdkon fotovoltaiky 13 000 W <\/li>\n<li>Max. nap\u011bt\u00ed fotovoltaiky 900V <\/li>\n<li>Startovac\u00ed nap\u011bt\u00ed 160V<\/li>\n<li>Rozsah nap\u011bt\u00ed fotovoltaiky 160-900 V<\/li>\n<li>Rozsah nap\u011bt\u00ed MPPT 200-850V<\/li>\n<li>Rozsah nap\u011bt\u00ed MPPT p\u0159i pln\u00e9 z\u00e1t\u011b\u017ei 450-850V<\/li>\n<li>Jmenovit\u00e9 nap\u011bt\u00ed 720V<\/li>\n<li>Max. vstupn\u00ed proud 15A\/15A <\/li>\n<li>Max. zkratov\u00fd proud 18 A\/18 A <\/li>\n<li>Po\u010det sledova\u010d\u016f MPP 2<\/li>\n<li>Po\u010det \u0159et\u011bzc\u016f na MPP tracker 1+1<\/li>\n<li>Jmenovit\u00e9 vstupn\u00ed nap\u011bt\u00ed 230 V AC\/400 V AC<\/li>\n<li>Rozsah vstupn\u00edho nap\u011bt\u00ed 184-264,5 V na f\u00e1zi*<\/li>\n<li>Jmenovit\u00e1 frekvence s\u00edt\u011b 50\/60 Hz*<\/li>\n<li>Max. vstupn\u00ed proud 30 A na f\u00e1zi <\/li>\n<li>Max. nab\u00edjec\u00ed proud 200A <\/li>\n<li>Max. AC v\u00fdstupn\u00ed v\u00fdkon 10 000 W <\/li>\n<li>V\u00fdstupn\u00ed jmenovit\u00fd proud AC 14,5 A na f\u00e1zi<\/li>\n<li>Max. v\u00fdstupn\u00ed proud 18 A na f\u00e1zi <\/li>\n<li>Max. trval\u00fd pr\u016ftok st\u0159\u00eddav\u00e9ho proudu 30 A na f\u00e1zi <\/li>\n<li>\u00da\u010din\u00edk&gt; 0,99<\/li>\n<li>\u00da\u010din\u00edk zdvihu 0,8 (zrychlen\u00ed) \u2013 0,8 (zpomalen\u00ed)<\/li>\n<li>THDI&lt; 3 %<\/li>\n<li>AC v\u00fdstupn\u00ed data (z\u00e1lo\u017en\u00ed)<\/li>\n<li>Jmenovit\u00fd v\u00fdstupn\u00ed v\u00fdkon 10 000 VA\/10 000 W<\/li>\n<li>Max. v\u00fdstupn\u00ed proud 30 A na f\u00e1zi <\/li>\n<li>Jmenovit\u00e9 v\u00fdstupn\u00ed AC nap\u011bt\u00ed 230 V AC na f\u00e1zi<\/li>\n<li>Jmenovit\u00e1 v\u00fdstupn\u00ed frekvence AC 50\/60 Hz<\/li>\n<li>Maxim\u00e1ln\u00ed \u00fa\u010dinnost 97,6 % <\/li>\n<li>\u00da\u010dinnost (euro) 97,0 %<\/li>\n<li>MPPT \u00fa\u010dinnost 99,9 %<\/li>\n<li>V\u00fdstupn\u00ed nadproudov\u00e1 ochrana Integrovan\u00e1<\/li>\n<li>Integrovan\u00e1 ochrana proti p\u0159ekro\u010den\u00ed v\u00fdstupn\u00edho v\u00fdkonu<\/li>\n<li>Ochrana proti zkratu na v\u00fdstupu Integrovan\u00e1<\/li>\n<li>Integrovan\u00e1 ochrana proti ostrovn\u00edmu provozu<\/li>\n<li>Integrovan\u00e1 ochrana GFCI<\/li>\n<li>Detekce izola\u010dn\u00edho odporu Integrovan\u00e1<\/li>\n<li>Rozsah provozn\u00edch teplot -25\u00b0C\u201360\u00b0C, sn\u00ed\u017een\u00ed v\u00fdkonu<\/li>\n<li>&gt;45 \u00b0C<\/li>\n<li>Stupe\u0148 kryt\u00ed IP65<\/li>\n<li>Relativn\u00ed vlhkost 100%<\/li>\n<li>Koncepce chlazen\u00ed Inteligentn\u00ed chlazen\u00ed<\/li>\n<li>V\u00fd\u0161ka nad mo\u0159em 2000 m<\/li>\n<li>Komunikace RS232\/RS485<\/li>\n<li>Komunikace BMS CAN\/RS485<\/li>\n<li>Modul monitoru Wi-Fi\/GPRS<\/li>\n<li>LCD + LED displej<\/li>\n<li>Zp\u016fsob instalace N\u00e1st\u011bnn\u00e1<\/li>\n<li>S\u00ed\u0165ov\u00e9 p\u0159edpisy VDE-AR-N 4105; G99\/1; EN50549-1; CEI 0-21; AS 4777,2; NRS 097-2-1;<\/li>\n<li>Bezpe\u010dnostn\u00ed na\u0159\u00edzen\u00ed IEC 62109-1\/2, IEC 62040-1<\/li>\n<li>Elektromagnetick\u00e1 kompatibilita EN61000-6-1, EN61000-6-3<\/li>\n<li>\u010cist\u00e1 hmotnost 52,8 kg<\/li>\n<li>Hrub\u00e1 hmotnost 69,4 kg<\/li>\n<li>Rozm\u011br produktu 730*490*267 mm<\/li>\n<li>Rozm\u011bry balen\u00ed 810*600*491 mm<\/li>\n<\/ul>\n<p>&nbsp;<\/p>\n<ul>\n<li><a href=\"https:\/\/drive.google.com\/file\/d\/1K9EMNptyBk6l5Pk942A2ZBqUwdW7dWFq\/view?usp=sharing\" rel=\"nofollow noopener\" target=\"_blank\"><span style=\"color: #ff9900;\"><strong>St\u00e1hnout manu\u00e1l PDF  <\/strong><\/span><\/a><\/li>\n<\/ul>\n","protected":false},"excerpt":{"rendered":"<ul>\n<li>N\u00edzk\u00e9 nap\u011bt\u00ed<\/li>\n<li>Hybridn\u00ed<\/li>\n<li>3 f\u00e1ze<\/li>\n<li>10let\u00e1 z\u00e1ruka<\/li>\n<li>Rozsah nap\u011bt\u00ed fotovoltaiky 160-900 V<\/li>\n<li>Po\u010det sledova\u010d\u016f MPP 2<\/li>\n<li>Aplikace monitorovac\u00edho syst\u00e9mu Fsolar<\/li>\n<\/ul>\n","protected":false},"featured_media":5919,"template":"","meta":[],"product_brand":[],"product_cat":[371,574,534],"product_tag":[381,384,383,382,344,375,385,340,339,373,374,386],"class_list":{"0":"post-7058","1":"product","2":"type-product","3":"status-publish","4":"has-post-thumbnail","6":"product_cat-stridace","7":"product_cat-nizke-napeti-cs","8":"product_cat-trifazovy","9":"product_tag-10-kw","10":"product_tag-3-fazovy-menic-cs","11":"product_tag-3-fazovy","12":"product_tag-3-fazovy-menic","13":"product_tag-fsolar-cs","14":"product_tag-hybridni","15":"product_tag-ivgm10048-lt-cs","16":"product_tag-lifepo4-cs","17":"product_tag-nizke-napeti","18":"product_tag-stridac","19":"product_tag-stridac-cs","20":"product_tag-t-rex-10klp3g01-cs","21":"product_shipping_class-7-dni-cs","23":"first","24":"instock","25":"taxable","26":"shipping-taxable","27":"purchasable","28":"product-type-simple"},"_links":{"self":[{"href":"https:\/\/digitalenergy.com.pl\/cs\/wp-json\/wp\/v2\/product\/7058","targetHints":{"allow":["GET"]}}],"collection":[{"href":"https:\/\/digitalenergy.com.pl\/cs\/wp-json\/wp\/v2\/product"}],"about":[{"href":"https:\/\/digitalenergy.com.pl\/cs\/wp-json\/wp\/v2\/types\/product"}],"wp:featuredmedia":[{"embeddable":true,"href":"https:\/\/digitalenergy.com.pl\/cs\/wp-json\/wp\/v2\/media\/5919"}],"wp:attachment":[{"href":"https:\/\/digitalenergy.com.pl\/cs\/wp-json\/wp\/v2\/media?parent=7058"}],"wp:term":[{"taxonomy":"product_brand","embeddable":true,"href":"https:\/\/digitalenergy.com.pl\/cs\/wp-json\/wp\/v2\/product_brand?post=7058"},{"taxonomy":"product_cat","embeddable":true,"href":"https:\/\/digitalenergy.com.pl\/cs\/wp-json\/wp\/v2\/product_cat?post=7058"},{"taxonomy":"product_tag","embeddable":true,"href":"https:\/\/digitalenergy.com.pl\/cs\/wp-json\/wp\/v2\/product_tag?post=7058"}],"curies":[{"name":"wp","href":"https:\/\/api.w.org\/{rel}","templated":true}]}}