{"id":7045,"date":"2024-08-26T08:34:56","date_gmt":"2024-08-26T08:34:56","guid":{"rendered":"https:\/\/digitalenergy.com.pl\/product\/fotovoltaicky-panel-jinko-solar-440-jkm440n-54hl4r-v-bf\/"},"modified":"2024-08-26T08:34:56","modified_gmt":"2024-08-26T08:34:56","slug":"fotovoltaicky-panel-jinko-solar-440-jkm440n-54hl4r-v-bf","status":"publish","type":"product","link":"https:\/\/digitalenergy.com.pl\/cs\/fotovoltaicky-panel-jinko-solar-440-jkm440n-54hl4r-v-bf\/","title":{"rendered":"Fotovoltaick\u00fd panel Jinko Solar 440 JKM440N-54HL4R-V BF"},"content":{"rendered":"<h3>Fotovoltaick\u00fd panel Jinko Solar 440 JKM440N-54HL4R-V BF<\/h3>\n<h5>Panel Jinko Solar o v\u00fdkonu 440 W je navr\u017een pomoc\u00ed technologie \u010dl\u00e1nk\u016f typu N, kter\u00e1 zaji\u0161\u0165uje vysokou \u00fa\u010dinnost i za m\u00e9n\u011b p\u0159\u00edzniv\u00fdch slune\u010dn\u00edch podm\u00ednek. S \u00fa\u010dinnost\u00ed 21,49 % nab\u00edz\u00ed optim\u00e1ln\u00ed efektivitu pr\u00e1ce. Panel je vybaven 54 nap\u016fl \u0159ezan\u00fdmi \u010dl\u00e1nky a poskytuje lep\u0161\u00ed teplotn\u00ed management a v\u011bt\u0161\u00ed odolnost proti mikroprask\u00e1n\u00ed, co\u017e m\u00e1 za n\u00e1sledek del\u0161\u00ed \u017eivotnost. Panel je odoln\u00fd v\u016f\u010di PID (Potential Induced Degradation) a je certifikov\u00e1n pro odolnost v\u016f\u010di n\u00e1ro\u010dn\u00fdm pov\u011btrnostn\u00edm podm\u00ednk\u00e1m, v\u010detn\u011b zat\u00ed\u017een\u00ed v\u011btrem a sn\u011bhem a\u017e do 5400 Pa. D\u00edky \u010dern\u00e9mu r\u00e1mu panel vizu\u00e1ln\u011b perfektn\u011b padne na v\u011bt\u0161inu st\u0159ech.    <\/h5>\n<p>\u0160pi\u010dkov\u00fd v\u00fdkon (Pmax): 440 W<br \/>\n \u00da\u010dinnost: 21,49 %<br \/>\n Technologie \u010dl\u00e1nk\u016f: N-Type, Half-cut<br \/>\n Rozm\u011bry: 1903 \u00d7 1134 \u00d7 30 mm<br \/>\n PID odpor: Ano<br \/>\n Zat\u00ed\u017een\u00ed sn\u011bhem: 5400 Pa<br \/>\n Certifik\u00e1ty: IEC 61215, IEC 61730<br \/>\n Z\u00e1ruka: 12 let na produkt, 30 let na v\u00fdkon<\/p>\n<p>&nbsp;<\/p>\n<div class=\"resetcss\">\n<ul>\n<li><span style=\"color: #ff9900;\"><a style=\"color: #ff9900;\" href=\"https:\/\/digitalenergy.com.pl\/wp-content\/uploads\/2024\/09\/Jinko-Solar-440-JKM440N-54HL4R-V-BF.pdf\" target=\"_blank\" rel=\"noopener\">St\u00e1hnout manu\u00e1l PDF<\/a><\/span><\/li>\n<\/ul>\n<\/div>\n","protected":false},"excerpt":{"rendered":"<p>\u0160pi\u010dkov\u00fd v\u00fdkon (Pmax): 440 W<br \/>\n \u00da\u010dinnost: 21,49 %<br \/>\n Technologie \u010dl\u00e1nk\u016f: N-Type, Half-cut<br \/>\n Rozm\u011bry: 1903 \u00d7 1134 \u00d7 30 mm<br \/>\n PID odpor: Ano<br \/>\n Zat\u00ed\u017een\u00ed sn\u011bhem: 5400 Pa<br \/>\n Certifik\u00e1ty: IEC 61215, IEC 61730<br \/>\n Z\u00e1ruka: 12 let na produkt, 30 let na v\u00fdkon<\/p>\n","protected":false},"featured_media":5876,"template":"","meta":[],"product_brand":[],"product_cat":[459],"product_tag":[683,692,691],"class_list":{"0":"post-7045","1":"product","2":"type-product","3":"status-publish","4":"has-post-thumbnail","6":"product_cat-pv-panely","7":"product_tag-jinko-cs","8":"product_tag-jinko-solar-440-cs","9":"product_tag-jinko-solar-440-jkm440n-54hl4r-v-bf-cs","11":"first","12":"outofstock","13":"taxable","14":"shipping-taxable","15":"purchasable","16":"product-type-simple"},"_links":{"self":[{"href":"https:\/\/digitalenergy.com.pl\/cs\/wp-json\/wp\/v2\/product\/7045","targetHints":{"allow":["GET"]}}],"collection":[{"href":"https:\/\/digitalenergy.com.pl\/cs\/wp-json\/wp\/v2\/product"}],"about":[{"href":"https:\/\/digitalenergy.com.pl\/cs\/wp-json\/wp\/v2\/types\/product"}],"wp:featuredmedia":[{"embeddable":true,"href":"https:\/\/digitalenergy.com.pl\/cs\/wp-json\/wp\/v2\/media\/5876"}],"wp:attachment":[{"href":"https:\/\/digitalenergy.com.pl\/cs\/wp-json\/wp\/v2\/media?parent=7045"}],"wp:term":[{"taxonomy":"product_brand","embeddable":true,"href":"https:\/\/digitalenergy.com.pl\/cs\/wp-json\/wp\/v2\/product_brand?post=7045"},{"taxonomy":"product_cat","embeddable":true,"href":"https:\/\/digitalenergy.com.pl\/cs\/wp-json\/wp\/v2\/product_cat?post=7045"},{"taxonomy":"product_tag","embeddable":true,"href":"https:\/\/digitalenergy.com.pl\/cs\/wp-json\/wp\/v2\/product_tag?post=7045"}],"curies":[{"name":"wp","href":"https:\/\/api.w.org\/{rel}","templated":true}]}}