{"id":7018,"date":"2024-10-25T10:42:48","date_gmt":"2024-10-25T10:42:48","guid":{"rendered":"https:\/\/digitalenergy.com.pl\/product\/deye-sun-12k-sg04lp3-eu-invertor-15kwh-uloziste-energie-lux-y-48300lg01\/"},"modified":"2024-10-25T10:42:48","modified_gmt":"2024-10-25T10:42:48","slug":"deye-sun-12k-sg04lp3-eu-invertor-15kwh-uloziste-energie-lux-y-48300lg01","status":"publish","type":"product","link":"https:\/\/digitalenergy.com.pl\/cs\/deye-sun-12k-sg04lp3-eu-invertor-15kwh-uloziste-energie-lux-y-48300lg01\/","title":{"rendered":"Deye SUN-12K-SG04LP3-EU invertor + 15KWh \u00falo\u017ei\u0161t\u011b energie Lux-Y-48300LG01"},"content":{"rendered":"<p><strong>Invertor Deye SUN-12K-SG04LP3-EU &#8211;<a href=\"https:\/\/digitalenergy.com.pl\/produkt\/inwerter-deye-sun-12k-sg04lp3-eu-2\/\"> Pod\u00edvejte<\/a><\/strong><\/p>\n<p>Deye SUN-12K-SG04LP3-EU je pokro\u010dil\u00fd hybridn\u00ed st\u0159\u00edda\u010d, kter\u00fd je ide\u00e1ln\u00ed pro modern\u00ed fotovoltaick\u00e9 syst\u00e9my. Zde jsou podrobn\u00e9 technick\u00e9 parametry: <\/p>\n<h3>Technick\u00e9 parametry:<\/h3>\n<p><strong>Po\u010det f\u00e1z\u00ed<\/strong> : 3 f\u00e1ze<\/p>\n<p><strong>Max. DC p\u0159\u00edkon <\/strong>V\u00fdkon: 15600 W<\/p>\n<p><strong>Max. DC vstupn\u00ed nap\u011bt\u00ed <\/strong>: 800V<\/p>\n<p><strong>Max. v\u00fdstupn\u00ed v\u00fdkon AC <\/strong>P\u0159\u00edkon: 13200 W<strong> \u0160pi\u010dkov\u00fd st\u0159\u00eddav\u00fd v\u00fdstupn\u00ed v\u00fdkon<\/strong> V\u00fdkon: 24000W (10s)<\/p>\n<p><strong>Rozsah nap\u011bt\u00ed baterie<\/strong> : 40~60V<\/p>\n<h3>Vstup baterie:<\/h3>\n<p><strong>Typ baterie<\/strong> : Kyselina olova nebo lithium-iontov\u00e1<br \/>\n<strong>Rozsah nap\u011bt\u00ed baterie (V)<\/strong> : 40~60V<\/p>\n<p><strong>Max. nab\u00edjec\u00ed proud (A) <\/strong>: 240 A<\/p>\n<p><strong>Maxim\u00e1ln\u00ed vyb\u00edjec\u00ed proud (A) <\/strong>: 2400 A<\/p>\n<p><strong>Nab\u00edjec\u00ed k\u0159ivka<\/strong> : 3 stupn\u011b\/zarovn\u00e1n\u00ed<\/p>\n<p><strong>Extern\u00ed teplotn\u00ed \u010didlo<\/strong> : Ano<\/p>\n<p><strong>Strategie nab\u00edjen\u00ed lithium-iontov\u00fdch bateri\u00ed<\/strong> : Vlastn\u00ed adaptace na BMS<\/p>\n<h3>Vstup PV \u0159et\u011bzce:<\/h3>\n<p><strong>Max. DC p\u0159\u00edkon (W) <\/strong>V\u00fdkon: 15600 W<\/p>\n<p><strong>Jmenovit\u00e9 vstupn\u00ed nap\u011bt\u00ed FV (V)<\/strong> : 550V (160V~800V)<\/p>\n<p><strong>Startovac\u00ed nap\u011bt\u00ed (V)<\/strong> : 160V<\/p>\n<p><strong>Rozsah MPPT (V)<\/strong> : 200V-650V<\/p>\n<p><strong>Rozsah stejnosm\u011brn\u00e9ho nap\u011bt\u00ed p\u0159i pln\u00e9 z\u00e1t\u011b\u017ei (V)<\/strong> : 350V-650V<\/p>\n<p><strong>FV vstupn\u00ed proud (A)<\/strong> : 13 A<\/p>\n<p><strong>Max. ISC PV (A) <\/strong>: 17 A<br \/>\n<strong>Po\u010det MPPT\/\u0159et\u011bzc\u016f na MPPT<\/strong> : 2\/1<\/p>\n<h3>AC v\u00fdstupn\u00ed \u00fadaje:<\/h3>\n<p><strong>Jmenovit\u00fd AC v\u00fdstupn\u00ed v\u00fdkon a v\u00fdkon UPS (W)<\/strong> V\u00fdkon: 12000 W<\/p>\n<p><strong>Max. v\u00fdstupn\u00ed v\u00fdkon AC (W) <\/strong>P\u0159\u00edkon: 13200 W<strong> \u0160pi\u010dkov\u00fd v\u00fdkon (mimo s\u00ed\u0165)<\/strong> : 2 n\u00e1sobek jmenovit\u00e9ho v\u00fdkonu, 10 s<strong> AC v\u00fdstupn\u00ed jmenovit\u00fd proud (A)<\/strong> : 18.2\/17.4<\/p>\n<p><strong>Max. st\u0159\u00eddav\u00fd proud (A) <\/strong>: 27.3\/26.1<\/p>\n<p><strong>Maxim\u00e1ln\u00ed nep\u0159etr\u017eit\u00fd AC pr\u016ftok (A) <\/strong>: 50 A<\/p>\n<p><strong>\u00da\u010din\u00edk<\/strong> : 0,8 (vede ke zpo\u017ed\u011bn\u00ed 0,8)<\/p>\n<p><strong>V\u00fdstupn\u00ed frekvence a nap\u011bt\u00ed<\/strong> : 50\/60 Hz; 3L\/N\/PE 220\/380 Vac (230\/400 Vac)<\/p>\n<p><strong>Typ s\u00edt\u011b<\/strong> : T\u0159\u00edf\u00e1zov\u00fd<\/p>\n<p><strong>Sou\u010dasn\u00e9 harmonick\u00e9 zkreslen\u00ed (THD)<\/strong> ::&lt; 3% (line\u00e1rn\u00ed zat\u00ed\u017een\u00ed&lt; 0,5&nbsp;%)<\/p>\n<h3>\u00da\u010dinnost:<\/h3>\n<ul>\n<li><strong>Maxim\u00e1ln\u00ed \u00fa\u010dinnost <\/strong>: 97.60%<\/li>\n<li><strong>Efektivita v eurech<\/strong> : 97,00 %<\/li>\n<li><strong>V\u00fdkon MPPT<\/strong> : 99,90 %<\/li>\n<\/ul>\n<h3>Zabezpe\u010den\u00ed:<\/h3>\n<ul>\n<li>Ochrana p\u0159ed bleskem FV vstupu: Integrovan\u00e1<\/li>\n<li>Ochrana ostrova: Integrovan\u00e1<\/li>\n<li>Ochrana proti p\u0159ep\u00f3lov\u00e1n\u00ed vstupu PV stringu: Integrovan\u00e1<\/li>\n<li>Detekce izola\u010dn\u00edho odporu: Integrovan\u00e1<\/li>\n<li>Jednotka sledov\u00e1n\u00ed zbytkov\u00e9ho proudu: Integrovan\u00e1<\/li>\n<li>V\u00fdstupn\u00ed nadproudov\u00e1 ochrana: Integrovan\u00e1<\/li>\n<li>Ochrana proti zkratu na v\u00fdstupu: Integrovan\u00e1<\/li>\n<li>Ochrana proti p\u0159ep\u011bt\u00ed: Integrovan\u00e1<\/li>\n<li>P\u0159ep\u011b\u0165ov\u00e1 ochrana DC typ II \/ AC typ II<\/li>\n<\/ul>\n<h3>Certifik\u00e1ty a normy:<\/h3>\n<ul>\n<li>Regulace s\u00edt\u011b: CEI 0-21, VDE-AR-N 4105, NRS 097, IEC 62116, IEC 61727, G99, G98, VDE 0126-1-1, RD 1699, C10-11<\/li>\n<li>EMC bezpe\u010dnost \/ Norma: IEC\/EN 61000-6-1\/2\/3\/4, IEC\/EN 62109-1, IEC\/EN 62109-2<\/li>\n<\/ul>\n<h3>Obecn\u00e9 \u00fadaje:<\/h3>\n<ul>\n<li><strong>Rozsah provozn\u00edch teplot (\u2103)<\/strong> : -40 ~ 60 \u2103 (at&gt; 45\u2103 sn\u00ed\u017een\u00ed v\u00fdkonu)<\/li>\n<li><strong>Chlazen\u00ed<\/strong> : Inteligentn\u00ed chlazen\u00ed<\/li>\n<li><strong>Hlu\u010dnost (dB)<\/strong> ::&lt; 45 dB<\/li>\n<li><strong>Komunikace s BMS<\/strong> :RS485; CAN<\/li>\n<li><strong>Hmotnost (kg)<\/strong> : 33.6<\/li>\n<li><strong>Velikost (mm)<\/strong> : 422 \u0160 \u00d7 702 V \u00d7 281 H<\/li>\n<li><strong>\u00darove\u0148 zabezpe\u010den\u00ed<\/strong> : IP65<\/li>\n<li><strong>Styl instalace<\/strong> : N\u00e1st\u011bnn\u00e1<\/li>\n<li>\n \t<\/li>\n<li><span style=\"color: #ff9900;\"><a style=\"color: #ff9900;\" href=\"https:\/\/drive.google.com\/file\/d\/1AZX9Pp1Qowq_ZldEzmZIXeKJ15JJ4etB\/view?usp=sharing\" rel=\"nofollow noopener\" target=\"_blank\">St\u00e1hnout manu\u00e1l PDF<\/a><\/span><\/li>\n<li><span style=\"color: #ff9900;\"><a style=\"color: #ff9900;\" href=\"https:\/\/drive.google.com\/file\/d\/1AZX9Pp1Qowq_ZldEzmZIXeKJ15JJ4etB\/view?usp=sharing\" rel=\"nofollow noopener\" target=\"_blank\">St\u00e1hnout certifik\u00e1t<\/a><\/span><\/li>\n<\/ul>\n<p>&nbsp;<\/p>\n<p class=\"product_title entry-title\"><strong>Z\u00e1sobn\u00edk energie 15KWh LUX-Y-48300LG01 &#8211;<a href=\"https:\/\/digitalenergy.com.pl\/produkt\/magazyn-energii-15kwh-lux-y-48300lg01\/\"> Pod\u00edvejte<\/a><\/strong><\/p>\n<ul>\n<li>Model Lux-Y-48300LG01<\/li>\n<li>U\u017eitn\u00e1 kapacita 15 kWh<\/li>\n<li>Jmenovit\u00e9 nap\u011bt\u00ed 51,2V<\/li>\n<li>Rozsah nap\u011bt\u00ed 48-57,6V<\/li>\n<li>MAX. Nab\u00edjec\u00ed a vyb\u00edjec\u00ed proud 200A p\u0159i 15S <\/li>\n<li>Doporu\u010den\u00fd nab\u00edjec\u00ed a vyb\u00edjec\u00ed proud \u2264120 A<\/li>\n<li>MAX. V\u00fdstupn\u00ed v\u00fdkon 10 000 W <\/li>\n<li>Doporu\u010den\u00fd v\u00fdstupn\u00ed v\u00fdkon 6000 W<\/li>\n<li>DOD \u226595 %<\/li>\n<li>Paraleln\u00ed p\u0159ipojen\u00ed modul\u016f 1~6<\/li>\n<li>Komunikace CAN a RS485<\/li>\n<li>Kryt\u00ed IP21<\/li>\n<li>\u017divotnost cyklu \u22656000 p\u0159i 25\u00b0C, 80% ADD<\/li>\n<li>Rozsah provozn\u00edch teplot Vyb\u00edjen\u00ed: -20\u00b0C a\u017e +65\u00b0C, Nab\u00edjen\u00ed: +0\u00b0C a\u017e +55\u00b0C<\/li>\n<li>\u010cist\u00e1 hmotnost (kg) 135kg brutto 160kg.<\/li>\n<li>Rozm\u011bry produktu (mm) 480*1100*300 mm<\/li>\n<li>Rozm\u011bry balen\u00ed (mm) 498*4501150*635 mm<\/li>\n<\/ul>\n<p>&nbsp;<\/p>\n<ul>\n<li><span style=\"color: #ff9900;\"><a style=\"color: #ff9900;\" href=\"https:\/\/digitalenergy.com.pl\/wp-content\/uploads\/2024\/09\/LUX-Y-48300LG01-user-guide-Polish-version.pdf\" target=\"_blank\" rel=\"noopener\">St\u00e1hnout manu\u00e1l PDF<\/a><\/span><\/li>\n<li style=\"list-style-type: none;\">\n<\/li>\n<\/ul>\n","protected":false},"excerpt":{"rendered":"<p><strong>Invertor:<\/strong><\/p>\n<ul class=\"list is-size-6 is-weight-300\">\n<li>N\u00edzk\u00e9 nap\u011bt\u00ed<\/li>\n<li>Hybridn\u00ed<\/li>\n<li>3 f\u00e1ze<\/li>\n<li>10let\u00e1 z\u00e1ruka<\/li>\n<li>Po\u010det f\u00e1z\u00ed: 3 F\u00e1ze<\/li>\n<li>Maxim\u00e1ln\u00ed DC p\u0159\u00edkon: 15600W <\/li>\n<li>Max. DC vstupn\u00ed nap\u011bt\u00ed: 800V <\/li>\n<li>Max. AC v\u00fdstupn\u00ed v\u00fdkon: 13200W <\/li>\n<li>\u0160pi\u010dkov\u00fd AC v\u00fdstupn\u00ed v\u00fdkon: 24000W (10s)<\/li>\n<li>Rozsah nap\u011bt\u00ed baterie: 40~60V<\/li>\n<li>Aplikace monitorovac\u00edho syst\u00e9mu Fsolar<\/li>\n<\/ul>\n<p><strong>Sklad:<\/strong><\/p>\n<ul>\n<li>N\u00edzk\u00e9 nap\u011bt\u00ed<\/li>\n<li>10let\u00e1 z\u00e1ruka<\/li>\n<li>U\u017eitn\u00e1 kapacita 10 kWh<\/li>\n<li>Aplikace monitorovac\u00edho syst\u00e9mu Fsolar<\/li>\n<li>Pou\u017eit\u00ed: Jachty, \u010dluny, karavany, fotovoltaika, v\u011btrn\u00e9 elektr\u00e1rny, skladov\u00e1n\u00ed energie. Syst\u00e9m nouzov\u00e9ho osv\u011btlen\u00ed, alarm, po\u017e\u00e1rn\u00ed ochrana<\/li>\n<\/ul>\n","protected":false},"featured_media":6096,"template":"","meta":[],"product_brand":[],"product_cat":[1098,335,371,647,574,534,494],"product_tag":[633,384,383,382,337,576,575,375,340,339,577,373,374],"class_list":{"0":"post-7018","1":"product","2":"type-product","3":"status-publish","4":"has-post-thumbnail","6":"product_cat-sady","7":"product_cat-uloziste-energie","8":"product_cat-stridace","9":"product_cat-vysoke-napeti-cs","10":"product_cat-nizke-napeti-cs","11":"product_cat-trifazovy","12":"product_cat-jednofazovy","13":"product_tag-15-kwh","14":"product_tag-3-fazovy-menic-cs","15":"product_tag-3-fazovy","16":"product_tag-3-fazovy-menic","17":"product_tag-bateriovy-system","18":"product_tag-deyee","19":"product_tag-felicityess-cs","20":"product_tag-hybridni","21":"product_tag-lifepo4-cs","22":"product_tag-nizke-napeti","23":"product_tag-novinka","24":"product_tag-stridac","25":"product_tag-stridac-cs","26":"product_shipping_class-7-dni-cs","28":"first","29":"onbackorder","30":"taxable","31":"shipping-taxable","32":"purchasable","33":"product-type-simple"},"_links":{"self":[{"href":"https:\/\/digitalenergy.com.pl\/cs\/wp-json\/wp\/v2\/product\/7018","targetHints":{"allow":["GET"]}}],"collection":[{"href":"https:\/\/digitalenergy.com.pl\/cs\/wp-json\/wp\/v2\/product"}],"about":[{"href":"https:\/\/digitalenergy.com.pl\/cs\/wp-json\/wp\/v2\/types\/product"}],"wp:featuredmedia":[{"embeddable":true,"href":"https:\/\/digitalenergy.com.pl\/cs\/wp-json\/wp\/v2\/media\/6096"}],"wp:attachment":[{"href":"https:\/\/digitalenergy.com.pl\/cs\/wp-json\/wp\/v2\/media?parent=7018"}],"wp:term":[{"taxonomy":"product_brand","embeddable":true,"href":"https:\/\/digitalenergy.com.pl\/cs\/wp-json\/wp\/v2\/product_brand?post=7018"},{"taxonomy":"product_cat","embeddable":true,"href":"https:\/\/digitalenergy.com.pl\/cs\/wp-json\/wp\/v2\/product_cat?post=7018"},{"taxonomy":"product_tag","embeddable":true,"href":"https:\/\/digitalenergy.com.pl\/cs\/wp-json\/wp\/v2\/product_tag?post=7018"}],"curies":[{"name":"wp","href":"https:\/\/api.w.org\/{rel}","templated":true}]}}