{"id":5759,"date":"2024-10-18T11:51:05","date_gmt":"2024-10-18T11:51:05","guid":{"rendered":"https:\/\/digitalenergy.com.pl\/?post_type=product&#038;p=5759"},"modified":"2025-11-20T11:18:59","modified_gmt":"2025-11-20T11:18:59","slug":"inwerter-deye-sun-8k-sg04lp3-eu","status":"publish","type":"product","link":"https:\/\/digitalenergy.com.pl\/cs\/inwerter-deye-sun-8k-sg04lp3-eu\/","title":{"rendered":"Inwerter Deye SUN-8K-SG04LP3-EU"},"content":{"rendered":"<p><strong>Inwerter hybrydowy 8KW Deye SUN-8K-SG04LP3-EU<\/strong><\/p>\n<p>Deye SUN-8K-SG04LP3-EU to nowoczesny inwerter hybrydowy, idealny do efektywnego zarz\u0105dzania energi\u0105 w systemach fotowoltaicznych. Oto szczeg\u00f3\u0142owe parametry techniczne:<\/p>\n<h3>Parametry techniczne:<\/h3>\n<ul>\n<li><strong>Ilo\u015b\u0107 faz<\/strong>: 3 Fazy<\/li>\n<li><strong>Maks. moc wej\u015bciowa DC<\/strong>: 10400 W<\/li>\n<li><strong>Maks. napi\u0119cie wej\u015bciowe DC<\/strong>: 550 V<\/li>\n<li><strong>Maks. moc wyj\u015bciowa AC<\/strong>: 8800 W<\/li>\n<li><strong>Szczytowa moc wyj\u015bciowa AC<\/strong>: 16000 W (10s)<\/li>\n<li><strong>Zakres napi\u0119cia akumulatora<\/strong>: 40~60 V<\/li>\n<\/ul>\n<h3>Dane wej\u015bciowe baterii:<\/h3>\n<ul>\n<li><strong>Typ baterii<\/strong>: Kwas o\u0142owiowy lub litowo-jonowy<\/li>\n<li><strong>Zakres napi\u0119cia akumulatora (V)<\/strong>: 40~60 V<\/li>\n<li><strong>Maks. pr\u0105d \u0142adowania (A)<\/strong>: 190 A<\/li>\n<li><strong>Maks. pr\u0105d roz\u0142adowania (A)<\/strong>: 190 A<\/li>\n<li><strong>Krzywa \u0142adowania<\/strong>: 3 etapy \/ wyr\u00f3wnanie<\/li>\n<li><strong>Zewn\u0119trzny czujnik temperatury<\/strong>: Tak<\/li>\n<li><strong>Strategia \u0142adowania akumulatora litowo-jonowego<\/strong>: Samoadaptacja do BMS<\/li>\n<\/ul>\n<h3>Dane wej\u015bciowe ci\u0105gu PV:<\/h3>\n<ul>\n<li><strong>Maks. moc wej\u015bciowa pr\u0105du sta\u0142ego (W)<\/strong>: 10400 W<\/li>\n<li><strong>Znamionowe napi\u0119cie wej\u015bciowe PV (V)<\/strong>: 550 V (160 V~800 V)<\/li>\n<li><strong>Napi\u0119cie rozruchu (V)<\/strong>: 160 V<\/li>\n<li><strong>Zakres MPPT (V)<\/strong>: 200 V-650 V<\/li>\n<li><strong>Zakres napi\u0119cia sta\u0142ego przy pe\u0142nym obci\u0105\u017ceniu (V)<\/strong>: 350 V-650 V<\/li>\n<li><strong>Pr\u0105d wej\u015bciowy PV (A)<\/strong>: 13 A<\/li>\n<li><strong>Maks. ISC PV (A)<\/strong>: 17 A<\/li>\n<li><strong>Liczba MPPT \/ ci\u0105g\u00f3w na MPPT<\/strong>: 2\/1<\/li>\n<\/ul>\n<h3>Dane wyj\u015bciowe pr\u0105du przemiennego:<\/h3>\n<ul>\n<li><strong>Znamionowa moc wyj\u015bciowa AC i moc UPS (W)<\/strong>: 8000 W<\/li>\n<li><strong>Maks. moc wyj\u015bciowa pr\u0105du przemiennego (W)<\/strong>: 8800 W<\/li>\n<li><strong>Moc szczytowa (poza sieci\u0105)<\/strong>: 2 razy moc znamionowa, 10 s<\/li>\n<li><strong>Pr\u0105d znamionowy wyj\u015bcia AC (A)<\/strong>: 12.1\/11.6<\/li>\n<li><strong>Maks. pr\u0105d AC (A)<\/strong>: 18.2\/17.4<\/li>\n<li><strong>Maks. ci\u0105g\u0142y przep\u0142yw pr\u0105du przemiennego (A)<\/strong>: 50 A<\/li>\n<li><strong>Wsp\u00f3\u0142czynnik mocy<\/strong>: 0.8 (prowadzi do 0.8 op\u00f3\u017anienia)<\/li>\n<li><strong>Cz\u0119stotliwo\u015b\u0107 i napi\u0119cie wyj\u015bciowe<\/strong>: 50\/60 Hz; 3L\/N\/PE 220\/380 Vac (230\/400 Vac)<\/li>\n<li><strong>Typ siatki<\/strong>: Tr\u00f3jfazowy<\/li>\n<li><strong>Aktualne zniekszta\u0142cenia harmoniczne (THD)<\/strong>: &lt;3% (obci\u0105\u017cenie liniowe &lt;0.5%)<\/li>\n<\/ul>\n<h3>Efektywno\u015b\u0107:<\/h3>\n<ul>\n<li><strong>Maks. efektywno\u015b\u0107<\/strong>: 97.60%<\/li>\n<li><strong>Efektywno\u015b\u0107 w euro<\/strong>: 97.00%<\/li>\n<li><strong>Wydajno\u015b\u0107 MPPT<\/strong>: 99.90%<\/li>\n<\/ul>\n<h3>Ochrona:<\/h3>\n<ul>\n<li>Ochrona odgromowa wej\u015bcia PV: Zintegrowany<\/li>\n<li>Ochrona przed wyspami: Zintegrowany<\/li>\n<li>Ochrona przed odwrotn\u0105 polaryzacj\u0105 wej\u015bcia \u0142a\u0144cucha PV: Zintegrowany<\/li>\n<li>Wykrywanie rezystora izolacji: Zintegrowany<\/li>\n<li>Jednostka monitoruj\u0105ca pr\u0105d szcz\u0105tkowy: Zintegrowany<\/li>\n<li>Wyj\u015bcie zabezpieczenie nadpr\u0105dowe: Zintegrowany<\/li>\n<li>Zabezpieczenie przed zwarciem wyj\u015bcia: Zintegrowany<\/li>\n<li>Zabezpieczenie przed nadmiernym napi\u0119ciem wyj\u015bciowym: Zintegrowany<\/li>\n<li>Ochrona przed przepi\u0119ciami DC typ II \/ AC typ II<\/li>\n<\/ul>\n<h3>Certyfikaty i standardy:<\/h3>\n<ul>\n<li>Regulacja sieci: CEI 0-21, VDE-AR-N 4105, NRS 097, IEC 62116, IEC 61727, G99, G98, VDE 0126-1-1, RD 1699, C10-11<\/li>\n<li>Bezpiecze\u0144stwo EMC \/ Standard: IEC\/EN 61000-6-1\/2\/3\/4, IEC\/EN 62109-1, IEC\/EN 62109-2<\/li>\n<\/ul>\n<h3>Og\u00f3lne dane:<\/h3>\n<ul>\n<li><strong>Zakres temperatury roboczej (\u2103)<\/strong>: -40 ~ 60 \u2103 (przy &gt; 45 \u2103 obni\u017canie warto\u015bci znamionowych)<\/li>\n<li><strong>Ch\u0142odzenie<\/strong>: Inteligentne ch\u0142odzenie<\/li>\n<li><strong>Ha\u0142as (dB)<\/strong>: &lt;45 dB<\/li>\n<li><strong>Komunikacja z BMS<\/strong>: RS485; CAN<\/li>\n<li><strong>Waga (kg)<\/strong>: 33.6<\/li>\n<li><strong>Rozmiar (mm)<\/strong>: 422 W \u00d7 702 H \u00d7 281 D<\/li>\n<li><strong>Poziom zabezpiecze\u0144<\/strong>: IP65<\/li>\n<li><strong>Styl instalacji<\/strong>: Na\u015bcienny<\/li>\n<\/ul>\n<p>&nbsp;<\/p>\n<ul>\n<li><a href=\"https:\/\/www.deyeinverter.com\/deyeinverter\/2024\/08\/13\/instructions_sun-5-12k-sg04lp3-eu_240813_en.pdf\" rel=\"nofollow noopener\" target=\"_blank\"><span style=\"color: #ff9900;\">Download Manual PDF<\/span><\/a><\/li>\n<li><a href=\"https:\/\/www.deyeinverter.com\/deyeinverter\/2024\/04\/25\/certificate_poland+pn-en50549-1-4.pdf\" rel=\"nofollow noopener\" target=\"_blank\"><span style=\"color: #ff9900;\">Download Certificate<\/span><\/a><\/li>\n<li><a href=\"https:\/\/www.deyeinverter.com\/deyeinverter\/2024\/10\/21\/datasheet_sun-5-12k-sg04lp3_241021_en.pdf\" rel=\"nofollow noopener\" target=\"_blank\"><span style=\"color: #ff9900;\">Download Datasheet<\/span><\/a><\/li>\n<li><\/li>\n<\/ul>\n","protected":false},"excerpt":{"rendered":"<ul class=\"list is-size-6 is-weight-300\">\n<li>Niskonapi\u0119ciowy<\/li>\n<li>Hybrydowy<\/li>\n<li>3 fazowy<\/li>\n<li>Ilo\u015b\u0107 faz: 3 Fazy<\/li>\n<li>Maks. moc wej\u015bciowa DC: 10400 W<\/li>\n<li>Maks. napi\u0119cie wej\u015bciowe DC: 550 V<\/li>\n<li>Maks. moc wyj\u015bciowa AC: 8800 W<\/li>\n<li>Szczytowa moc wyj\u015bciowa AC: 16000 W (10s)<\/li>\n<li>Zakres napi\u0119cia akumulatora: 40~60 V<\/li>\n<li>Aplikacja Fsolar system monitorowania<\/li>\n<li><\/li>\n<\/ul>\n","protected":false},"featured_media":5852,"template":"","meta":[],"product_brand":[],"product_cat":[1180,1172,1173,1174,1175,1176,1177,1171,1179,1183,1192,1200,41,572,480,479],"product_tag":[81,80,82,85,83,84,57],"class_list":{"0":"post-5759","1":"product","2":"type-product","3":"status-publish","4":"has-post-thumbnail","6":"product_cat-falownik-hybrydowy","7":"product_cat-falownik-10-kw","8":"product_cat-falownik-15-kw","9":"product_cat-falownik-20-kw","10":"product_cat-falownik-25-kw","11":"product_cat-falownik-30-kw","12":"product_cat-falownik-40-kw","13":"product_cat-falownik-5-kw","14":"product_cat-falownik-50-kw","15":"product_cat-falownik-deye","16":"product_cat-producenci","17":"product_cat-producent-deye","18":"product_cat-falowniki","19":"product_cat-falownik-niskonapieciowy","20":"product_cat-falownik-trojfazowy","21":"product_cat-falownik-jednofazowy","22":"product_tag-3-fazowy","23":"product_tag-3-fazowy-falownik","24":"product_tag-falownik","25":"product_tag-hybrydowy","26":"product_tag-inwerter","27":"product_tag-inwerter-3-fazowy","28":"product_tag-niskonapieciowy","29":"product_shipping_class-7-dni","31":"first","32":"onbackorder","33":"taxable","34":"shipping-taxable","35":"purchasable","36":"product-type-simple"},"_links":{"self":[{"href":"https:\/\/digitalenergy.com.pl\/cs\/wp-json\/wp\/v2\/product\/5759","targetHints":{"allow":["GET"]}}],"collection":[{"href":"https:\/\/digitalenergy.com.pl\/cs\/wp-json\/wp\/v2\/product"}],"about":[{"href":"https:\/\/digitalenergy.com.pl\/cs\/wp-json\/wp\/v2\/types\/product"}],"wp:featuredmedia":[{"embeddable":true,"href":"https:\/\/digitalenergy.com.pl\/cs\/wp-json\/wp\/v2\/media\/5852"}],"wp:attachment":[{"href":"https:\/\/digitalenergy.com.pl\/cs\/wp-json\/wp\/v2\/media?parent=5759"}],"wp:term":[{"taxonomy":"product_brand","embeddable":true,"href":"https:\/\/digitalenergy.com.pl\/cs\/wp-json\/wp\/v2\/product_brand?post=5759"},{"taxonomy":"product_cat","embeddable":true,"href":"https:\/\/digitalenergy.com.pl\/cs\/wp-json\/wp\/v2\/product_cat?post=5759"},{"taxonomy":"product_tag","embeddable":true,"href":"https:\/\/digitalenergy.com.pl\/cs\/wp-json\/wp\/v2\/product_tag?post=5759"}],"curies":[{"name":"wp","href":"https:\/\/api.w.org\/{rel}","templated":true}]}}