{"id":4724,"date":"2023-02-16T11:04:54","date_gmt":"2023-02-16T11:04:54","guid":{"rendered":"https:\/\/digitalenergy.com.pl\/servis\/"},"modified":"2024-08-26T19:07:01","modified_gmt":"2024-08-26T19:07:01","slug":"servis","status":"publish","type":"page","link":"https:\/\/digitalenergy.com.pl\/cs\/servis\/","title":{"rendered":"Servis"},"content":{"rendered":"\t\t<div data-elementor-type=\"wp-page\" data-elementor-id=\"4724\" class=\"elementor elementor-4724 elementor-1982\" data-elementor-post-type=\"page\">\n\t\t\t\t\t\t<section class=\"elementor-section elementor-top-section elementor-element elementor-element-af7ab39 elementor-section-boxed elementor-section-height-default elementor-section-height-default\" data-id=\"af7ab39\" data-element_type=\"section\" data-e-type=\"section\">\n\t\t\t\t\t\t<div class=\"elementor-container elementor-column-gap-default\">\n\t\t\t\t\t<div class=\"aux-parallax-section elementor-column elementor-col-100 elementor-top-column elementor-element elementor-element-8b573ca\" data-id=\"8b573ca\" data-element_type=\"column\" data-e-type=\"column\">\n\t\t\t<div class=\"elementor-widget-wrap elementor-element-populated\">\n\t\t\t\t\t\t<div class=\"elementor-element elementor-element-e3e2bf4 elementor-widget elementor-widget-heading\" data-id=\"e3e2bf4\" data-element_type=\"widget\" data-e-type=\"widget\" data-widget_type=\"heading.default\">\n\t\t\t\t<div class=\"elementor-widget-container\">\n\t\t\t\t\t<h2 class=\"elementor-heading-title elementor-size-default\">SERVIS ENERGIE A SM\u011aNI\u010c\u016e\/M\u011aNI\u010c\u016e<\/h2>\t\t\t\t<\/div>\n\t\t\t\t<\/div>\n\t\t\t\t\t<\/div>\n\t\t<\/div>\n\t\t\t\t\t<\/div>\n\t\t<\/section>\n\t\t\t\t<section class=\"elementor-section elementor-top-section elementor-element elementor-element-c4aaf83 elementor-section-boxed elementor-section-height-default elementor-section-height-default\" data-id=\"c4aaf83\" data-element_type=\"section\" data-e-type=\"section\">\n\t\t\t\t\t\t<div class=\"elementor-container elementor-column-gap-default\">\n\t\t\t\t\t<div class=\"aux-parallax-section elementor-column elementor-col-50 elementor-top-column elementor-element elementor-element-2fefdb1\" data-id=\"2fefdb1\" data-element_type=\"column\" data-e-type=\"column\">\n\t\t\t<div class=\"elementor-widget-wrap elementor-element-populated\">\n\t\t\t\t\t\t<div class=\"elementor-element elementor-element-e15c961 elementor-widget elementor-widget-text-editor\" data-id=\"e15c961\" data-element_type=\"widget\" data-e-type=\"widget\" data-widget_type=\"text-editor.default\">\n\t\t\t\t<div class=\"elementor-widget-container\">\n\t\t\t\t\t\t\t\t\t<p>1. Slu\u017eba skladov\u00e1n\u00ed energie Na\u0161e slu\u017eba skladov\u00e1n\u00ed energie poskytuje komplexn\u00ed podporu pro va\u0161e syst\u00e9my skladov\u00e1n\u00ed energie zakoupen\u00e9 od spole\u010dnosti Digital Energy. D\u00edky na\u0161im zku\u0161enostem provedeme diagnostiku, opravu a optimalizaci provozu va\u0161eho skladu, zajist\u00edme jeho spolehlivost a efektivitu. <\/p>\n<p>2. Servis sol\u00e1rn\u00edch invertor\u016f N\u00e1\u0161 t\u00fdm specialist\u016f nab\u00edz\u00ed profesion\u00e1ln\u00ed servis sol\u00e1rn\u00edch invertor\u016f, zaji\u0161\u0165uj\u00edc\u00ed nep\u0159etr\u017eitou v\u00fdrobu energie z obnoviteln\u00fdch zdroj\u016f. Od b\u011b\u017en\u00fdch kontrol a\u017e po opravy a modernizace. Na\u0161e slu\u017eby jsou zam\u011b\u0159eny na maximalizaci \u00fa\u010dinnosti va\u0161eho fotovoltaick\u00e9ho syst\u00e9mu.  <\/p>\n<p>3. Technick\u00e1 podpora Na\u0161e technick\u00e1 podpora je z\u00e1rukou klidu pro va\u0161e z\u00e1sobn\u00edky energie a sol\u00e1rn\u00ed st\u0159\u00edda\u010de. N\u00e1\u0161 t\u00fdm odborn\u00edk\u016f je p\u0159ipraven zodpov\u011bd\u011bt va\u0161e dotazy, poskytnout rychl\u00fd z\u00e1sah v p\u0159\u00edpad\u011b poruchy a poradit s optimalizac\u00ed a modernizac\u00ed va\u0161eho energetick\u00e9ho syst\u00e9mu. <\/p>\n\t\t\t\t\t\t\t\t<\/div>\n\t\t\t\t<\/div>\n\t\t\t\t\t<\/div>\n\t\t<\/div>\n\t\t\t\t<div class=\"aux-parallax-section elementor-column elementor-col-50 elementor-top-column elementor-element elementor-element-082e1b8\" data-id=\"082e1b8\" data-element_type=\"column\" data-e-type=\"column\">\n\t\t\t<div class=\"elementor-widget-wrap elementor-element-populated\">\n\t\t\t\t\t\t<div class=\"elementor-element elementor-element-376b83b elementor-widget elementor-widget-image\" data-id=\"376b83b\" data-element_type=\"widget\" data-e-type=\"widget\" data-widget_type=\"image.default\">\n\t\t\t\t<div class=\"elementor-widget-container\">\n\t\t\t\t\t\t\t\t\t\t\t\t\t\t\t<img fetchpriority=\"high\" decoding=\"async\" width=\"800\" height=\"800\" src=\"https:\/\/digitalenergy.com.pl\/wp-content\/uploads\/2024\/03\/Fsolar-App.jpg\" class=\"attachment-large size-large wp-image-4726\" alt=\"\" srcset=\"https:\/\/digitalenergy.com.pl\/wp-content\/uploads\/2024\/03\/Fsolar-App.jpg 800w, https:\/\/digitalenergy.com.pl\/wp-content\/uploads\/2024\/03\/Fsolar-App-600x600.jpg 600w, https:\/\/digitalenergy.com.pl\/wp-content\/uploads\/2024\/03\/Fsolar-App-100x100.jpg 100w, https:\/\/digitalenergy.com.pl\/wp-content\/uploads\/2024\/03\/Fsolar-App-300x300.jpg 300w, https:\/\/digitalenergy.com.pl\/wp-content\/uploads\/2024\/03\/Fsolar-App-150x150.jpg 150w, https:\/\/digitalenergy.com.pl\/wp-content\/uploads\/2024\/03\/Fsolar-App-768x768.jpg 768w\" sizes=\"(max-width: 800px) 100vw, 800px\" \/>\t\t\t\t\t\t\t\t\t\t\t\t\t\t\t<\/div>\n\t\t\t\t<\/div>\n\t\t\t\t\t<\/div>\n\t\t<\/div>\n\t\t\t\t\t<\/div>\n\t\t<\/section>\n\t\t\t\t<section class=\"elementor-section elementor-top-section elementor-element elementor-element-cc8c868 elementor-section-boxed elementor-section-height-default elementor-section-height-default\" data-id=\"cc8c868\" data-element_type=\"section\" data-e-type=\"section\">\n\t\t\t\t\t\t<div class=\"elementor-container elementor-column-gap-default\">\n\t\t\t\t\t<div class=\"aux-parallax-section elementor-column elementor-col-100 elementor-top-column elementor-element elementor-element-4c658eb\" data-id=\"4c658eb\" data-element_type=\"column\" data-e-type=\"column\">\n\t\t\t<div class=\"elementor-widget-wrap elementor-element-populated\">\n\t\t\t\t\t\t<div class=\"elementor-element elementor-element-95dfd94 elementor-widget elementor-widget-heading\" data-id=\"95dfd94\" data-element_type=\"widget\" data-e-type=\"widget\" data-widget_type=\"heading.default\">\n\t\t\t\t<div class=\"elementor-widget-container\">\n\t\t\t\t\t<h2 class=\"elementor-heading-title elementor-size-default\">Servisn\u00ed formul\u00e1\u0159<\/h2>\t\t\t\t<\/div>\n\t\t\t\t<\/div>\n\t\t\t\t<div class=\"elementor-element elementor-element-71fa5d3 elementor-widget elementor-widget-wpforms\" data-id=\"71fa5d3\" data-element_type=\"widget\" data-e-type=\"widget\" data-widget_type=\"wpforms.default\">\n\t\t\t\t<div class=\"elementor-widget-container\">\n\t\t\t\t\t<div class=\"wpforms-container wpforms-container-full\" id=\"wpforms-2403\"><form id=\"wpforms-form-2403\" class=\"wpforms-validate wpforms-form wpforms-ajax-form\" data-formid=\"2403\" method=\"post\" enctype=\"multipart\/form-data\" action=\"\/cs\/wp-json\/wp\/v2\/pages\/4724?wpforms_form_id=2403\" data-token=\"10cac1cfc57ce1eb8c84080b0f6a7967\"><noscript class=\"wpforms-error-noscript\">Chcete-li vyplnit tento formul\u00e1\u0159, pros\u00edm povolte v prohl\u00ed\u017ee\u010di JavaScript.<\/noscript><div class=\"wpforms-field-container\"><div id=\"wpforms-2403-field_7-container\" class=\"wpforms-field wpforms-field-layout\" data-field-id=\"7\"><label class=\"wpforms-field-label wpforms-label-hide\" for=\"wpforms-2403-field_7\">Syst\u00e9m<\/label><div class=\"wpforms-field-layout-columns wpforms-field-layout-preset-50-50\"><div class=\"wpforms-layout-column wpforms-layout-column-50\"><div id=\"wpforms-2403-field_8-container\" class=\"wpforms-field wpforms-field-text\" data-field-id=\"8\"><label class=\"wpforms-field-label\" for=\"wpforms-2403-field_8\">Jm\u00e9no<\/label><input type=\"text\" id=\"wpforms-2403-field_8\" class=\"wpforms-field-medium\" name=\"wpforms[fields][8]\" ><\/div><div id=\"wpforms-2403-field_10-container\" class=\"wpforms-field wpforms-field-text\" data-field-id=\"10\"><label class=\"wpforms-field-label\" for=\"wpforms-2403-field_10\">N\u00e1zev spole\u010dnosti<\/label><input type=\"text\" id=\"wpforms-2403-field_10\" class=\"wpforms-field-medium\" name=\"wpforms[fields][10]\" ><\/div><div id=\"wpforms-2403-field_13-container\" class=\"wpforms-field wpforms-field-email\" data-field-id=\"13\"><label class=\"wpforms-field-label\" for=\"wpforms-2403-field_13\">E-mailov\u00e1 adresa <span class=\"wpforms-required-label\">*<\/span><\/label><input type=\"email\" id=\"wpforms-2403-field_13\" class=\"wpforms-field-medium wpforms-field-required\" name=\"wpforms[fields][13]\" spellcheck=\"false\" required><\/div><\/div><div class=\"wpforms-layout-column wpforms-layout-column-50\"><div id=\"wpforms-2403-field_9-container\" class=\"wpforms-field wpforms-field-text\" data-field-id=\"9\"><label class=\"wpforms-field-label\" for=\"wpforms-2403-field_9\">P\u0159\u00edjmen\u00ed<\/label><input type=\"text\" id=\"wpforms-2403-field_9\" class=\"wpforms-field-medium\" name=\"wpforms[fields][9]\" ><\/div><div id=\"wpforms-2403-field_12-container\" class=\"wpforms-field wpforms-field-phone\" data-field-id=\"12\"><label class=\"wpforms-field-label\" for=\"wpforms-2403-field_12\">Telefon<\/label><input type=\"tel\" id=\"wpforms-2403-field_12\" class=\"wpforms-field-medium wpforms-smart-phone-field\" data-rule-smart-phone-field=\"true\" name=\"wpforms[fields][12]\" ><\/div><\/div><\/div><\/div><div id=\"wpforms-2403-field_15-container\" class=\"wpforms-field wpforms-field-layout\" data-field-id=\"15\"><label class=\"wpforms-field-label wpforms-label-hide\" for=\"wpforms-2403-field_15\">Syst\u00e9m<\/label><div class=\"wpforms-field-layout-columns wpforms-field-layout-preset-50-50\"><div class=\"wpforms-layout-column wpforms-layout-column-50\"><div id=\"wpforms-2403-field_16-container\" class=\"wpforms-field wpforms-field-text\" data-field-id=\"16\"><label class=\"wpforms-field-label\" for=\"wpforms-2403-field_16\">N\u00e1zev za\u0159\u00edzen\u00ed<\/label><input type=\"text\" id=\"wpforms-2403-field_16\" class=\"wpforms-field-medium\" name=\"wpforms[fields][16]\" ><\/div><div id=\"wpforms-2403-field_19-container\" class=\"wpforms-field wpforms-field-radio wpforms-conditional-trigger\" data-field-id=\"19\"><label class=\"wpforms-field-label\" for=\"wpforms-2403-field_19\">Je za\u0159\u00edzen\u00ed zakoupeno u n\u00e1s<\/label><ul id=\"wpforms-2403-field_19\"><li class=\"choice-1 depth-1\"><input type=\"radio\" id=\"wpforms-2403-field_19_1\" name=\"wpforms[fields][19]\" value=\"Ano\"  ><label class=\"wpforms-field-label-inline\" for=\"wpforms-2403-field_19_1\">Ano<\/label><\/li><li class=\"choice-2 depth-1\"><input type=\"radio\" id=\"wpforms-2403-field_19_2\" name=\"wpforms[fields][19]\" value=\"\u017d\u00c1DN\u00dd\"  ><label class=\"wpforms-field-label-inline\" for=\"wpforms-2403-field_19_2\">\u017d\u00c1DN\u00dd<\/label><\/li><\/ul><\/div><div id=\"wpforms-2403-field_20-container\" class=\"wpforms-field wpforms-field-file-upload wpforms-conditional-field wpforms-conditional-show\" data-field-id=\"20\" style=\"display:none;\"><label class=\"wpforms-field-label\" for=\"wpforms-2403-field_20\">Doklad o koupi<\/label><div\n\t\tclass=\"wpforms-uploader\"\n\t\tdata-field-id=\"20\"\n\t\tdata-form-id=\"2403\"\n\t\tdata-input-name=\"wpforms_2403_20\"\n\t\tdata-extensions=\"jpg,jpeg,jpe,gif,png,bmp,tiff,tif,webp,avif,ico,heic,heif,heics,heifs,asf,asx,wmv,wmx,wm,avi,divx,mov,qt,mpeg,mpg,mpe,mp4,m4v,ogv,webm,mkv,3gp,3gpp,3g2,3gp2,txt,asc,c,cc,h,srt,csv,tsv,ics,rtx,css,vtt,mp3,m4a,m4b,aac,ra,ram,wav,x-wav,ogg,oga,flac,mid,midi,wma,wax,mka,rtf,pdf,class,tar,zip,gz,gzip,rar,7z,psd,xcf,doc,pot,pps,ppt,wri,xla,xls,xlt,xlw,mpp,docx,docm,dotx,dotm,xlsx,xlsm,xlsb,xltx,xltm,xlam,pptx,pptm,ppsx,ppsm,potx,potm,ppam,sldx,sldm,onetoc,onetoc2,onepkg,oxps,xps,odt,odp,ods,odg,odc,odb,odf,wp,wpd,key,numbers,pages,svg\"\n\t\tdata-max-size=\"20971520\"\n\t\tdata-max-file-number=\"1\"\n\t\tdata-post-max-size=\"524288000\"\n\t\tdata-max-parallel-uploads=\"4\"\n\t\tdata-parallel-uploads=\"true\"\n\t\tdata-file-chunk-size=\"2097152\">\n\t<div class=\"dz-message\">\n\t\t<svg viewBox=\"0 0 1024 1024\" focusable=\"false\" data-icon=\"inbox\" width=\"50px\" height=\"50px\" fill=\"currentColor\" aria-hidden=\"true\">\n\t\t\t<path d=\"M885.2 446.3l-.2-.8-112.2-285.1c-5-16.1-19.9-27.2-36.8-27.2H281.2c-17 0-32.1 11.3-36.9 27.6L139.4 443l-.3.7-.2.8c-1.3 4.9-1.7 9.9-1 14.8-.1 1.6-.2 3.2-.2 4.8V830a60.9 60.9 0 0 0 60.8 60.8h627.2c33.5 0 60.8-27.3 60.9-60.8V464.1c0-1.3 0-2.6-.1-3.7.4-4.9 0-9.6-1.3-14.1zm-295.8-43l-.3 15.7c-.8 44.9-31.8 75.1-77.1 75.1-22.1 0-41.1-7.1-54.8-20.6S436 441.2 435.6 419l-.3-15.7H229.5L309 210h399.2l81.7 193.3H589.4zm-375 76.8h157.3c24.3 57.1 76 90.8 140.4 90.8 33.7 0 65-9.4 90.3-27.2 22.2-15.6 39.5-37.4 50.7-63.6h156.5V814H214.4V480.1z\"><\/path>\n\t\t<\/svg>\n\t\t<span class=\"modern-title\">Click or drag a file to this area to upload.<\/span>\n\n\t\t\t<\/div>\n<\/div>\n<input\n\t\ttype=\"text\"\n\t\tautocomplete=\"off\"\n\t\tclass=\"dropzone-input\"\n\t\tstyle=\"position:absolute!important;clip:rect(0,0,0,0)!important;height:1px!important;width:1px!important;border:0!important;overflow:hidden!important;padding:0!important;margin:0!important;\"\n\t\tid=\"wpforms-2403-field_20\"\n\t\tname=\"wpforms_2403_20\" \t\tvalue=\"\">\n<div class=\"wpforms-field-description\">p\u0159ilo\u017ete a za\u0161lete doklad o koupi<\/div><\/div><div id=\"wpforms-2403-field_21-container\" class=\"wpforms-field wpforms-field-textarea wpforms-conditional-field wpforms-conditional-show\" data-field-id=\"21\" style=\"display:none;\"><label class=\"wpforms-field-label\" for=\"wpforms-2403-field_21\">Koment\u00e1\u0159e<\/label><textarea id=\"wpforms-2403-field_21\" class=\"wpforms-field-medium\" name=\"wpforms[fields][21]\" ><\/textarea><\/div><\/div><div class=\"wpforms-layout-column wpforms-layout-column-50\"><div id=\"wpforms-2403-field_17-container\" class=\"wpforms-field wpforms-field-text\" data-field-id=\"17\"><label class=\"wpforms-field-label\" for=\"wpforms-2403-field_17\">Model<\/label><input type=\"text\" id=\"wpforms-2403-field_17\" class=\"wpforms-field-medium\" name=\"wpforms[fields][17]\" ><\/div><div id=\"wpforms-2403-field_22-container\" class=\"wpforms-field wpforms-field-textarea\" data-field-id=\"22\"><label class=\"wpforms-field-label\" for=\"wpforms-2403-field_22\">Popis<\/label><textarea id=\"wpforms-2403-field_22\" class=\"wpforms-field-medium\" name=\"wpforms[fields][22]\" ><\/textarea><\/div><\/div><\/div><\/div><\/div><!-- .wpforms-field-container --><div class=\"wpforms-submit-container\" ><input type=\"hidden\" name=\"wpforms[id]\" value=\"2403\"><input type=\"hidden\" name=\"wpforms[author]\" value=\"1\"><button type=\"submit\" name=\"wpforms[submit]\" id=\"wpforms-submit-2403\" class=\"wpforms-submit\" data-alt-text=\"Odes\u00edl\u00e1n\u00ed...\" data-submit-text=\"P\u0159edlo\u017eit\" aria-live=\"assertive\" value=\"wpforms-submit\">P\u0159edlo\u017eit<\/button><img decoding=\"async\" src=\"https:\/\/digitalenergy.com.pl\/wp-content\/plugins\/wpforms\/assets\/images\/submit-spin.svg\" class=\"wpforms-submit-spinner\" style=\"display: none;\" width=\"26\" height=\"26\" alt=\"Na\u010d\u00edt\u00e1n\u00ed\"><\/div><\/form><\/div>  <!-- .wpforms-container -->\t\t\t\t<\/div>\n\t\t\t\t<\/div>\n\t\t\t\t\t<\/div>\n\t\t<\/div>\n\t\t\t\t\t<\/div>\n\t\t<\/section>\n\t\t\t\t<section class=\"elementor-section elementor-top-section elementor-element elementor-element-4a8c9285 elementor-section-boxed elementor-section-height-default elementor-section-height-default\" data-id=\"4a8c9285\" data-element_type=\"section\" data-e-type=\"section\" data-settings=\"{&quot;background_background&quot;:&quot;gradient&quot;}\">\n\t\t\t\t\t\t<div class=\"elementor-container elementor-column-gap-default\">\n\t\t\t\t\t<div class=\"aux-parallax-section elementor-column elementor-col-100 elementor-top-column elementor-element elementor-element-1a60d1af\" data-id=\"1a60d1af\" data-element_type=\"column\" data-e-type=\"column\">\n\t\t\t<div class=\"elementor-widget-wrap elementor-element-populated\">\n\t\t\t\t\t\t<div class=\"elementor-element elementor-element-3eeff58a aux-appear-watch-animation aux-fade-in-up elementor-widget elementor-widget-aux_modern_heading\" data-id=\"3eeff58a\" data-element_type=\"widget\" data-e-type=\"widget\" data-widget_type=\"aux_modern_heading.default\">\n\t\t\t\t<div class=\"elementor-widget-container\">\n\t\t\t\t\t<section class=\"aux-widget-modern-heading\">\n            <div class=\"aux-widget-inner\"><div class=\"aux-modern-heading-divider\"><\/div><h2 class=\"aux-modern-heading-primary\">instalace a konfigurace krok za krokem<\/h2><h3 class=\"aux-modern-heading-secondary\"><span class=\"aux-head-before\">FSOLAR \u2013 aplikace pro spr\u00e1vu<\/span><\/h3><\/div>\n        <\/section>\t\t\t\t<\/div>\n\t\t\t\t<\/div>\n\t\t\t\t<section class=\"elementor-section elementor-inner-section elementor-element elementor-element-574576 elementor-section-boxed elementor-section-height-default elementor-section-height-default\" data-id=\"574576\" data-element_type=\"section\" data-e-type=\"section\">\n\t\t\t\t\t\t<div class=\"elementor-container elementor-column-gap-default\">\n\t\t\t\t\t<div class=\"aux-parallax-section elementor-column elementor-col-33 elementor-inner-column elementor-element elementor-element-784607e8\" data-id=\"784607e8\" data-element_type=\"column\" data-e-type=\"column\">\n\t\t\t<div class=\"elementor-widget-wrap elementor-element-populated\">\n\t\t\t\t\t\t<div class=\"elementor-element elementor-element-502fb54 elementor-widget elementor-widget-video\" data-id=\"502fb54\" data-element_type=\"widget\" data-e-type=\"widget\" data-settings=\"{&quot;youtube_url&quot;:&quot;https:\\\/\\\/www.youtube.com\\\/watch?v=6eIX5p_Jvyk&quot;,&quot;video_type&quot;:&quot;youtube&quot;,&quot;controls&quot;:&quot;yes&quot;}\" data-widget_type=\"video.default\">\n\t\t\t\t<div class=\"elementor-widget-container\">\n\t\t\t\t\t\t\t<div class=\"elementor-wrapper elementor-open-inline\">\n\t\t\t<div class=\"elementor-video\"><\/div>\t\t<\/div>\n\t\t\t\t\t\t<\/div>\n\t\t\t\t<\/div>\n\t\t\t\t\t<\/div>\n\t\t<\/div>\n\t\t\t\t<div class=\"aux-parallax-section elementor-column elementor-col-33 elementor-inner-column elementor-element elementor-element-7e5f4663\" data-id=\"7e5f4663\" data-element_type=\"column\" data-e-type=\"column\">\n\t\t\t<div class=\"elementor-widget-wrap elementor-element-populated\">\n\t\t\t\t\t\t<div class=\"elementor-element elementor-element-8a34d00 elementor-widget elementor-widget-video\" data-id=\"8a34d00\" data-element_type=\"widget\" data-e-type=\"widget\" data-settings=\"{&quot;youtube_url&quot;:&quot;https:\\\/\\\/www.youtube.com\\\/watch?v=8IA8de9EmzM&quot;,&quot;video_type&quot;:&quot;youtube&quot;,&quot;controls&quot;:&quot;yes&quot;}\" data-widget_type=\"video.default\">\n\t\t\t\t<div class=\"elementor-widget-container\">\n\t\t\t\t\t\t\t<div class=\"elementor-wrapper elementor-open-inline\">\n\t\t\t<div class=\"elementor-video\"><\/div>\t\t<\/div>\n\t\t\t\t\t\t<\/div>\n\t\t\t\t<\/div>\n\t\t\t\t\t<\/div>\n\t\t<\/div>\n\t\t\t\t<div class=\"aux-parallax-section elementor-column elementor-col-33 elementor-inner-column elementor-element elementor-element-66eb611f\" data-id=\"66eb611f\" data-element_type=\"column\" data-e-type=\"column\">\n\t\t\t<div class=\"elementor-widget-wrap elementor-element-populated\">\n\t\t\t\t\t\t<div class=\"elementor-element elementor-element-2827391 elementor-widget elementor-widget-video\" data-id=\"2827391\" data-element_type=\"widget\" data-e-type=\"widget\" data-settings=\"{&quot;youtube_url&quot;:&quot;https:\\\/\\\/www.youtube.com\\\/watch?v=dZeKjR2bM1Y&quot;,&quot;video_type&quot;:&quot;youtube&quot;,&quot;controls&quot;:&quot;yes&quot;}\" data-widget_type=\"video.default\">\n\t\t\t\t<div class=\"elementor-widget-container\">\n\t\t\t\t\t\t\t<div class=\"elementor-wrapper elementor-open-inline\">\n\t\t\t<div class=\"elementor-video\"><\/div>\t\t<\/div>\n\t\t\t\t\t\t<\/div>\n\t\t\t\t<\/div>\n\t\t\t\t\t<\/div>\n\t\t<\/div>\n\t\t\t\t\t<\/div>\n\t\t<\/section>\n\t\t\t\t\t<\/div>\n\t\t<\/div>\n\t\t\t\t\t<\/div>\n\t\t<\/section>\n\t\t\t\t<\/div>\n\t\t","protected":false},"excerpt":{"rendered":"<p>SERVIS ENERGIE A SM\u011aNI\u010c\u016e\/M\u011aNI\u010c\u016e 1. Slu\u017eba skladov\u00e1n\u00ed energie Na\u0161e slu\u017eba skladov\u00e1n\u00ed energie poskytuje komplexn\u00ed podporu pro va\u0161e syst\u00e9my skladov\u00e1n\u00ed energie zakoupen\u00e9 od spole\u010dnosti Digital Energy. D\u00edky na\u0161im zku\u0161enostem provedeme diagnostiku, opravu a optimalizaci provozu va\u0161eho skladu, zajist\u00edme jeho spolehlivost a efektivitu. 2. Servis sol\u00e1rn\u00edch invertor\u016f N\u00e1\u0161 t\u00fdm specialist\u016f nab\u00edz\u00ed profesion\u00e1ln\u00ed servis sol\u00e1rn\u00edch invertor\u016f, zaji\u0161\u0165uj\u00edc\u00ed nep\u0159etr\u017eitou [&hellip;]<\/p>\n","protected":false},"author":1,"featured_media":0,"parent":0,"menu_order":0,"comment_status":"closed","ping_status":"closed","template":"","meta":{"footnotes":""},"class_list":["post-4724","page","type-page","status-publish","hentry"],"_links":{"self":[{"href":"https:\/\/digitalenergy.com.pl\/cs\/wp-json\/wp\/v2\/pages\/4724","targetHints":{"allow":["GET"]}}],"collection":[{"href":"https:\/\/digitalenergy.com.pl\/cs\/wp-json\/wp\/v2\/pages"}],"about":[{"href":"https:\/\/digitalenergy.com.pl\/cs\/wp-json\/wp\/v2\/types\/page"}],"author":[{"embeddable":true,"href":"https:\/\/digitalenergy.com.pl\/cs\/wp-json\/wp\/v2\/users\/1"}],"replies":[{"embeddable":true,"href":"https:\/\/digitalenergy.com.pl\/cs\/wp-json\/wp\/v2\/comments?post=4724"}],"version-history":[{"count":4,"href":"https:\/\/digitalenergy.com.pl\/cs\/wp-json\/wp\/v2\/pages\/4724\/revisions"}],"predecessor-version":[{"id":5206,"href":"https:\/\/digitalenergy.com.pl\/cs\/wp-json\/wp\/v2\/pages\/4724\/revisions\/5206"}],"wp:attachment":[{"href":"https:\/\/digitalenergy.com.pl\/cs\/wp-json\/wp\/v2\/media?parent=4724"}],"curies":[{"name":"wp","href":"https:\/\/api.w.org\/{rel}","templated":true}]}}